{"id":43,"date":"2017-10-13T14:12:46","date_gmt":"2017-10-13T12:12:46","guid":{"rendered":"http:\/\/pso.kund.aloqdev.se\/blekinge\/?page_id=43"},"modified":"2018-05-16T08:46:38","modified_gmt":"2018-05-16T06:46:38","slug":"startsida","status":"publish","type":"page","link":"https:\/\/www.psoriasisforbundet.se\/blekinge\/","title":{"rendered":"Startsida"},"content":{"rendered":"","protected":false},"excerpt":{"rendered":"","protected":false},"author":3,"featured_media":0,"parent":0,"menu_order":0,"comment_status":"closed","ping_status":"closed","template":"","meta":{"_acf_changed":false,"_monsterinsights_skip_tracking":false,"_monsterinsights_sitenote_active":false,"_monsterinsights_sitenote_note":"","_monsterinsights_sitenote_category":0,"footnotes":""},"class_list":["post-43","page","type-page","status-publish","hentry"],"acf":[],"yoast_head":"<!-- This site is optimized with the Yoast SEO plugin v27.4 - https:\/\/yoast.com\/product\/yoast-seo-wordpress\/ -->\n<title>V\u00e4lkommen till Psoriasisf\u00f6rbundets l\u00e4nsavdelning i Blekinge | Psoriasisf\u00f6rbundet<\/title>\n<meta name=\"description\" content=\"V\u00e4lkommen till Psoriasisf\u00f6rbundets l\u00e4nsavdelning i Blekinge. H\u00e4r hittar du kontaktinformation och adresser till behandlingsanl\u00e4ggningar i Blekinge.\" \/>\n<meta name=\"robots\" content=\"index, follow, max-snippet:-1, max-image-preview:large, max-video-preview:-1\" \/>\n<link rel=\"canonical\" href=\"https:\/\/www.psoriasisforbundet.se\/blekinge\/\" \/>\n<meta property=\"og:locale\" content=\"sv_SE\" \/>\n<meta property=\"og:type\" content=\"article\" \/>\n<meta property=\"og:title\" content=\"V\u00e4lkommen till Psoriasisf\u00f6rbundets l\u00e4nsavdelning i Blekinge | Psoriasisf\u00f6rbundet\" \/>\n<meta property=\"og:description\" content=\"V\u00e4lkommen till Psoriasisf\u00f6rbundets l\u00e4nsavdelning i Blekinge. H\u00e4r hittar du kontaktinformation och adresser till behandlingsanl\u00e4ggningar i Blekinge.\" \/>\n<meta property=\"og:url\" content=\"https:\/\/www.psoriasisforbundet.se\/blekinge\/\" \/>\n<meta property=\"og:site_name\" content=\"Blekinge l\u00e4n\" \/>\n<meta property=\"article:modified_time\" content=\"2018-05-16T06:46:38+00:00\" \/>\n<meta name=\"twitter:card\" content=\"summary_large_image\" \/>\n<script type=\"application\/ld+json\" class=\"yoast-schema-graph\">{\"@context\":\"https:\\\/\\\/schema.org\",\"@graph\":[{\"@type\":\"WebPage\",\"@id\":\"https:\\\/\\\/www.psoriasisforbundet.se\\\/blekinge\\\/\",\"url\":\"https:\\\/\\\/www.psoriasisforbundet.se\\\/blekinge\\\/\",\"name\":\"V\u00e4lkommen till Psoriasisf\u00f6rbundets l\u00e4nsavdelning i Blekinge | Psoriasisf\u00f6rbundet\",\"isPartOf\":{\"@id\":\"https:\\\/\\\/www.psoriasisforbundet.se\\\/blekinge\\\/#website\"},\"datePublished\":\"2017-10-13T12:12:46+00:00\",\"dateModified\":\"2018-05-16T06:46:38+00:00\",\"description\":\"V\u00e4lkommen till Psoriasisf\u00f6rbundets l\u00e4nsavdelning i Blekinge. H\u00e4r hittar du kontaktinformation och adresser till behandlingsanl\u00e4ggningar i Blekinge.\",\"breadcrumb\":{\"@id\":\"https:\\\/\\\/www.psoriasisforbundet.se\\\/blekinge\\\/#breadcrumb\"},\"inLanguage\":\"sv-SE\",\"potentialAction\":[{\"@type\":\"ReadAction\",\"target\":[\"https:\\\/\\\/www.psoriasisforbundet.se\\\/blekinge\\\/\"]}]},{\"@type\":\"BreadcrumbList\",\"@id\":\"https:\\\/\\\/www.psoriasisforbundet.se\\\/blekinge\\\/#breadcrumb\",\"itemListElement\":[{\"@type\":\"ListItem\",\"position\":1,\"name\":\"Startsida\",\"item\":\"https:\\\/\\\/www.psoriasisforbundet.se\\\/blekinge\\\/\"},{\"@type\":\"ListItem\",\"position\":2,\"name\":\"Startsida\"}]},{\"@type\":\"WebSite\",\"@id\":\"https:\\\/\\\/www.psoriasisforbundet.se\\\/blekinge\\\/#website\",\"url\":\"https:\\\/\\\/www.psoriasisforbundet.se\\\/blekinge\\\/\",\"name\":\"Blekinge l\u00e4n\",\"description\":\"En till Psorias Sites webbplats\",\"potentialAction\":[{\"@type\":\"SearchAction\",\"target\":{\"@type\":\"EntryPoint\",\"urlTemplate\":\"https:\\\/\\\/www.psoriasisforbundet.se\\\/blekinge\\\/?s={search_term_string}\"},\"query-input\":{\"@type\":\"PropertyValueSpecification\",\"valueRequired\":true,\"valueName\":\"search_term_string\"}}],\"inLanguage\":\"sv-SE\"}]}<\/script>\n<!-- \/ Yoast SEO plugin. -->","yoast_head_json":{"title":"V\u00e4lkommen till Psoriasisf\u00f6rbundets l\u00e4nsavdelning i Blekinge | Psoriasisf\u00f6rbundet","description":"V\u00e4lkommen till Psoriasisf\u00f6rbundets l\u00e4nsavdelning i Blekinge. H\u00e4r hittar du kontaktinformation och adresser till behandlingsanl\u00e4ggningar i Blekinge.","robots":{"index":"index","follow":"follow","max-snippet":"max-snippet:-1","max-image-preview":"max-image-preview:large","max-video-preview":"max-video-preview:-1"},"canonical":"https:\/\/www.psoriasisforbundet.se\/blekinge\/","og_locale":"sv_SE","og_type":"article","og_title":"V\u00e4lkommen till Psoriasisf\u00f6rbundets l\u00e4nsavdelning i Blekinge | Psoriasisf\u00f6rbundet","og_description":"V\u00e4lkommen till Psoriasisf\u00f6rbundets l\u00e4nsavdelning i Blekinge. H\u00e4r hittar du kontaktinformation och adresser till behandlingsanl\u00e4ggningar i Blekinge.","og_url":"https:\/\/www.psoriasisforbundet.se\/blekinge\/","og_site_name":"Blekinge l\u00e4n","article_modified_time":"2018-05-16T06:46:38+00:00","twitter_card":"summary_large_image","schema":{"@context":"https:\/\/schema.org","@graph":[{"@type":"WebPage","@id":"https:\/\/www.psoriasisforbundet.se\/blekinge\/","url":"https:\/\/www.psoriasisforbundet.se\/blekinge\/","name":"V\u00e4lkommen till Psoriasisf\u00f6rbundets l\u00e4nsavdelning i Blekinge | Psoriasisf\u00f6rbundet","isPartOf":{"@id":"https:\/\/www.psoriasisforbundet.se\/blekinge\/#website"},"datePublished":"2017-10-13T12:12:46+00:00","dateModified":"2018-05-16T06:46:38+00:00","description":"V\u00e4lkommen till Psoriasisf\u00f6rbundets l\u00e4nsavdelning i Blekinge. H\u00e4r hittar du kontaktinformation och adresser till behandlingsanl\u00e4ggningar i Blekinge.","breadcrumb":{"@id":"https:\/\/www.psoriasisforbundet.se\/blekinge\/#breadcrumb"},"inLanguage":"sv-SE","potentialAction":[{"@type":"ReadAction","target":["https:\/\/www.psoriasisforbundet.se\/blekinge\/"]}]},{"@type":"BreadcrumbList","@id":"https:\/\/www.psoriasisforbundet.se\/blekinge\/#breadcrumb","itemListElement":[{"@type":"ListItem","position":1,"name":"Startsida","item":"https:\/\/www.psoriasisforbundet.se\/blekinge\/"},{"@type":"ListItem","position":2,"name":"Startsida"}]},{"@type":"WebSite","@id":"https:\/\/www.psoriasisforbundet.se\/blekinge\/#website","url":"https:\/\/www.psoriasisforbundet.se\/blekinge\/","name":"Blekinge l\u00e4n","description":"En till Psorias Sites webbplats","potentialAction":[{"@type":"SearchAction","target":{"@type":"EntryPoint","urlTemplate":"https:\/\/www.psoriasisforbundet.se\/blekinge\/?s={search_term_string}"},"query-input":{"@type":"PropertyValueSpecification","valueRequired":true,"valueName":"search_term_string"}}],"inLanguage":"sv-SE"}]}},"_links":{"self":[{"href":"https:\/\/www.psoriasisforbundet.se\/blekinge\/wp-json\/wp\/v2\/pages\/43","targetHints":{"allow":["GET"]}}],"collection":[{"href":"https:\/\/www.psoriasisforbundet.se\/blekinge\/wp-json\/wp\/v2\/pages"}],"about":[{"href":"https:\/\/www.psoriasisforbundet.se\/blekinge\/wp-json\/wp\/v2\/types\/page"}],"author":[{"embeddable":true,"href":"https:\/\/www.psoriasisforbundet.se\/blekinge\/wp-json\/wp\/v2\/users\/3"}],"replies":[{"embeddable":true,"href":"https:\/\/www.psoriasisforbundet.se\/blekinge\/wp-json\/wp\/v2\/comments?post=43"}],"version-history":[{"count":15,"href":"https:\/\/www.psoriasisforbundet.se\/blekinge\/wp-json\/wp\/v2\/pages\/43\/revisions"}],"predecessor-version":[{"id":97,"href":"https:\/\/www.psoriasisforbundet.se\/blekinge\/wp-json\/wp\/v2\/pages\/43\/revisions\/97"}],"wp:attachment":[{"href":"https:\/\/www.psoriasisforbundet.se\/blekinge\/wp-json\/wp\/v2\/media?parent=43"}],"curies":[{"name":"wp","href":"https:\/\/api.w.org\/{rel}","templated":true}]}}