{"id":64,"date":"2018-01-10T10:09:43","date_gmt":"2018-01-10T09:09:43","guid":{"rendered":"https:\/\/www.psoriasisforbundet.se\/dalarna\/?page_id=64"},"modified":"2018-01-10T16:22:26","modified_gmt":"2018-01-10T15:22:26","slug":"hitta-behandlingsanlaggningar-for-psoriasis-i-dalarna","status":"publish","type":"page","link":"https:\/\/www.psoriasisforbundet.se\/dalarna\/hitta-behandlingsanlaggningar-for-psoriasis-i-dalarna\/","title":{"rendered":"Hitta behandlingsanl\u00e4ggningar f\u00f6r psoriasis i Dalarna"},"content":{"rendered":"","protected":false},"excerpt":{"rendered":"","protected":false},"author":8,"featured_media":0,"parent":0,"menu_order":0,"comment_status":"closed","ping_status":"closed","template":"","meta":{"_acf_changed":false,"_monsterinsights_skip_tracking":false,"_monsterinsights_sitenote_active":false,"_monsterinsights_sitenote_note":"","_monsterinsights_sitenote_category":0,"footnotes":""},"class_list":["post-64","page","type-page","status-publish","hentry"],"acf":[],"yoast_head":"<!-- This site is optimized with the Yoast SEO plugin v27.4 - https:\/\/yoast.com\/product\/yoast-seo-wordpress\/ -->\n<title>Hitta behandlingsanl\u00e4ggningar f\u00f6r psoriasis i Dalarna<\/title>\n<meta name=\"description\" content=\"Hitta behandlingsanl\u00e4ggningar f\u00f6r psoriasis i Dalarna. H\u00e4r hittar du adresser och kontaktuppgifter till hudmottagningar och kliniker runt om i l\u00e4net.\" \/>\n<meta name=\"robots\" content=\"index, follow, max-snippet:-1, max-image-preview:large, max-video-preview:-1\" \/>\n<link rel=\"canonical\" href=\"https:\/\/www.psoriasisforbundet.se\/dalarna\/hitta-behandlingsanlaggningar-for-psoriasis-i-dalarna\/\" \/>\n<meta property=\"og:locale\" content=\"sv_SE\" \/>\n<meta property=\"og:type\" content=\"article\" \/>\n<meta property=\"og:title\" content=\"Hitta behandlingsanl\u00e4ggningar f\u00f6r psoriasis i Dalarna\" \/>\n<meta property=\"og:description\" content=\"Hitta behandlingsanl\u00e4ggningar f\u00f6r psoriasis i Dalarna. H\u00e4r hittar du adresser och kontaktuppgifter till hudmottagningar och kliniker runt om i l\u00e4net.\" \/>\n<meta property=\"og:url\" content=\"https:\/\/www.psoriasisforbundet.se\/dalarna\/hitta-behandlingsanlaggningar-for-psoriasis-i-dalarna\/\" \/>\n<meta property=\"og:site_name\" content=\"Dalarnas l\u00e4n\" \/>\n<meta property=\"article:modified_time\" content=\"2018-01-10T15:22:26+00:00\" \/>\n<meta name=\"twitter:card\" content=\"summary_large_image\" \/>\n<script type=\"application\/ld+json\" class=\"yoast-schema-graph\">{\"@context\":\"https:\\\/\\\/schema.org\",\"@graph\":[{\"@type\":\"WebPage\",\"@id\":\"https:\\\/\\\/www.psoriasisforbundet.se\\\/dalarna\\\/hitta-behandlingsanlaggningar-for-psoriasis-i-dalarna\\\/\",\"url\":\"https:\\\/\\\/www.psoriasisforbundet.se\\\/dalarna\\\/hitta-behandlingsanlaggningar-for-psoriasis-i-dalarna\\\/\",\"name\":\"Hitta behandlingsanl\u00e4ggningar f\u00f6r psoriasis i Dalarna\",\"isPartOf\":{\"@id\":\"https:\\\/\\\/www.psoriasisforbundet.se\\\/dalarna\\\/#website\"},\"datePublished\":\"2018-01-10T09:09:43+00:00\",\"dateModified\":\"2018-01-10T15:22:26+00:00\",\"description\":\"Hitta behandlingsanl\u00e4ggningar f\u00f6r psoriasis i Dalarna. H\u00e4r hittar du adresser och kontaktuppgifter till hudmottagningar och kliniker runt om i l\u00e4net.\",\"breadcrumb\":{\"@id\":\"https:\\\/\\\/www.psoriasisforbundet.se\\\/dalarna\\\/hitta-behandlingsanlaggningar-for-psoriasis-i-dalarna\\\/#breadcrumb\"},\"inLanguage\":\"sv-SE\",\"potentialAction\":[{\"@type\":\"ReadAction\",\"target\":[\"https:\\\/\\\/www.psoriasisforbundet.se\\\/dalarna\\\/hitta-behandlingsanlaggningar-for-psoriasis-i-dalarna\\\/\"]}]},{\"@type\":\"BreadcrumbList\",\"@id\":\"https:\\\/\\\/www.psoriasisforbundet.se\\\/dalarna\\\/hitta-behandlingsanlaggningar-for-psoriasis-i-dalarna\\\/#breadcrumb\",\"itemListElement\":[{\"@type\":\"ListItem\",\"position\":1,\"name\":\"Dalarna\",\"item\":\"https:\\\/\\\/www.psoriasisforbundet.se\\\/dalarna\\\/\"},{\"@type\":\"ListItem\",\"position\":2,\"name\":\"Hitta behandlingsanl\u00e4ggningar f\u00f6r psoriasis i Dalarna\"}]},{\"@type\":\"WebSite\",\"@id\":\"https:\\\/\\\/www.psoriasisforbundet.se\\\/dalarna\\\/#website\",\"url\":\"https:\\\/\\\/www.psoriasisforbundet.se\\\/dalarna\\\/\",\"name\":\"Dalarnas l\u00e4n\",\"description\":\"En till Psorias Sites webbplats\",\"potentialAction\":[{\"@type\":\"SearchAction\",\"target\":{\"@type\":\"EntryPoint\",\"urlTemplate\":\"https:\\\/\\\/www.psoriasisforbundet.se\\\/dalarna\\\/?s={search_term_string}\"},\"query-input\":{\"@type\":\"PropertyValueSpecification\",\"valueRequired\":true,\"valueName\":\"search_term_string\"}}],\"inLanguage\":\"sv-SE\"}]}<\/script>\n<!-- \/ Yoast SEO plugin. -->","yoast_head_json":{"title":"Hitta behandlingsanl\u00e4ggningar f\u00f6r psoriasis i Dalarna","description":"Hitta behandlingsanl\u00e4ggningar f\u00f6r psoriasis i Dalarna. H\u00e4r hittar du adresser och kontaktuppgifter till hudmottagningar och kliniker runt om i l\u00e4net.","robots":{"index":"index","follow":"follow","max-snippet":"max-snippet:-1","max-image-preview":"max-image-preview:large","max-video-preview":"max-video-preview:-1"},"canonical":"https:\/\/www.psoriasisforbundet.se\/dalarna\/hitta-behandlingsanlaggningar-for-psoriasis-i-dalarna\/","og_locale":"sv_SE","og_type":"article","og_title":"Hitta behandlingsanl\u00e4ggningar f\u00f6r psoriasis i Dalarna","og_description":"Hitta behandlingsanl\u00e4ggningar f\u00f6r psoriasis i Dalarna. H\u00e4r hittar du adresser och kontaktuppgifter till hudmottagningar och kliniker runt om i l\u00e4net.","og_url":"https:\/\/www.psoriasisforbundet.se\/dalarna\/hitta-behandlingsanlaggningar-for-psoriasis-i-dalarna\/","og_site_name":"Dalarnas l\u00e4n","article_modified_time":"2018-01-10T15:22:26+00:00","twitter_card":"summary_large_image","schema":{"@context":"https:\/\/schema.org","@graph":[{"@type":"WebPage","@id":"https:\/\/www.psoriasisforbundet.se\/dalarna\/hitta-behandlingsanlaggningar-for-psoriasis-i-dalarna\/","url":"https:\/\/www.psoriasisforbundet.se\/dalarna\/hitta-behandlingsanlaggningar-for-psoriasis-i-dalarna\/","name":"Hitta behandlingsanl\u00e4ggningar f\u00f6r psoriasis i Dalarna","isPartOf":{"@id":"https:\/\/www.psoriasisforbundet.se\/dalarna\/#website"},"datePublished":"2018-01-10T09:09:43+00:00","dateModified":"2018-01-10T15:22:26+00:00","description":"Hitta behandlingsanl\u00e4ggningar f\u00f6r psoriasis i Dalarna. H\u00e4r hittar du adresser och kontaktuppgifter till hudmottagningar och kliniker runt om i l\u00e4net.","breadcrumb":{"@id":"https:\/\/www.psoriasisforbundet.se\/dalarna\/hitta-behandlingsanlaggningar-for-psoriasis-i-dalarna\/#breadcrumb"},"inLanguage":"sv-SE","potentialAction":[{"@type":"ReadAction","target":["https:\/\/www.psoriasisforbundet.se\/dalarna\/hitta-behandlingsanlaggningar-for-psoriasis-i-dalarna\/"]}]},{"@type":"BreadcrumbList","@id":"https:\/\/www.psoriasisforbundet.se\/dalarna\/hitta-behandlingsanlaggningar-for-psoriasis-i-dalarna\/#breadcrumb","itemListElement":[{"@type":"ListItem","position":1,"name":"Dalarna","item":"https:\/\/www.psoriasisforbundet.se\/dalarna\/"},{"@type":"ListItem","position":2,"name":"Hitta behandlingsanl\u00e4ggningar f\u00f6r psoriasis i Dalarna"}]},{"@type":"WebSite","@id":"https:\/\/www.psoriasisforbundet.se\/dalarna\/#website","url":"https:\/\/www.psoriasisforbundet.se\/dalarna\/","name":"Dalarnas l\u00e4n","description":"En till Psorias Sites webbplats","potentialAction":[{"@type":"SearchAction","target":{"@type":"EntryPoint","urlTemplate":"https:\/\/www.psoriasisforbundet.se\/dalarna\/?s={search_term_string}"},"query-input":{"@type":"PropertyValueSpecification","valueRequired":true,"valueName":"search_term_string"}}],"inLanguage":"sv-SE"}]}},"_links":{"self":[{"href":"https:\/\/www.psoriasisforbundet.se\/dalarna\/wp-json\/wp\/v2\/pages\/64","targetHints":{"allow":["GET"]}}],"collection":[{"href":"https:\/\/www.psoriasisforbundet.se\/dalarna\/wp-json\/wp\/v2\/pages"}],"about":[{"href":"https:\/\/www.psoriasisforbundet.se\/dalarna\/wp-json\/wp\/v2\/types\/page"}],"author":[{"embeddable":true,"href":"https:\/\/www.psoriasisforbundet.se\/dalarna\/wp-json\/wp\/v2\/users\/8"}],"replies":[{"embeddable":true,"href":"https:\/\/www.psoriasisforbundet.se\/dalarna\/wp-json\/wp\/v2\/comments?post=64"}],"version-history":[{"count":13,"href":"https:\/\/www.psoriasisforbundet.se\/dalarna\/wp-json\/wp\/v2\/pages\/64\/revisions"}],"predecessor-version":[{"id":81,"href":"https:\/\/www.psoriasisforbundet.se\/dalarna\/wp-json\/wp\/v2\/pages\/64\/revisions\/81"}],"wp:attachment":[{"href":"https:\/\/www.psoriasisforbundet.se\/dalarna\/wp-json\/wp\/v2\/media?parent=64"}],"curies":[{"name":"wp","href":"https:\/\/api.w.org\/{rel}","templated":true}]}}