{"id":53,"date":"2017-10-23T11:01:09","date_gmt":"2017-10-23T09:01:09","guid":{"rendered":"http:\/\/pso.kund.aloqdev.se\/gavleborg\/?page_id=53"},"modified":"2021-10-20T14:24:19","modified_gmt":"2021-10-20T12:24:19","slug":"om-lansavdelningen","status":"publish","type":"page","link":"https:\/\/www.psoriasisforbundet.se\/gavleborg\/om-lansavdelningen\/","title":{"rendered":"Om L\u00e4nsavdelningen"},"content":{"rendered":"","protected":false},"excerpt":{"rendered":"","protected":false},"author":3,"featured_media":0,"parent":0,"menu_order":0,"comment_status":"closed","ping_status":"closed","template":"","meta":{"_acf_changed":false,"_monsterinsights_skip_tracking":false,"_monsterinsights_sitenote_active":false,"_monsterinsights_sitenote_note":"","_monsterinsights_sitenote_category":0,"footnotes":""},"class_list":["post-53","page","type-page","status-publish","hentry"],"acf":[],"yoast_head":"<!-- This site is optimized with the Yoast SEO plugin v27.4 - https:\/\/yoast.com\/product\/yoast-seo-wordpress\/ -->\n<title>Om L\u00e4nsavdelningen - G\u00e4vleborgs l\u00e4n<\/title>\n<meta name=\"robots\" content=\"index, follow, max-snippet:-1, max-image-preview:large, max-video-preview:-1\" \/>\n<link rel=\"canonical\" href=\"https:\/\/www.psoriasisforbundet.se\/gavleborg\/om-lansavdelningen\/\" \/>\n<meta property=\"og:locale\" content=\"sv_SE\" \/>\n<meta property=\"og:type\" content=\"article\" \/>\n<meta property=\"og:title\" content=\"Om L\u00e4nsavdelningen - G\u00e4vleborgs l\u00e4n\" \/>\n<meta property=\"og:url\" content=\"https:\/\/www.psoriasisforbundet.se\/gavleborg\/om-lansavdelningen\/\" \/>\n<meta property=\"og:site_name\" content=\"G\u00e4vleborgs l\u00e4n\" \/>\n<meta property=\"article:publisher\" content=\"https:\/\/www.facebook.com\/psoriasisgavleborg\/\" \/>\n<meta property=\"article:modified_time\" content=\"2021-10-20T12:24:19+00:00\" \/>\n<meta name=\"twitter:card\" content=\"summary_large_image\" \/>\n<script type=\"application\/ld+json\" class=\"yoast-schema-graph\">{\"@context\":\"https:\\\/\\\/schema.org\",\"@graph\":[{\"@type\":\"WebPage\",\"@id\":\"https:\\\/\\\/www.psoriasisforbundet.se\\\/gavleborg\\\/om-lansavdelningen\\\/\",\"url\":\"https:\\\/\\\/www.psoriasisforbundet.se\\\/gavleborg\\\/om-lansavdelningen\\\/\",\"name\":\"Om L\u00e4nsavdelningen - G\u00e4vleborgs l\u00e4n\",\"isPartOf\":{\"@id\":\"https:\\\/\\\/www.psoriasisforbundet.se\\\/gavleborg\\\/#website\"},\"datePublished\":\"2017-10-23T09:01:09+00:00\",\"dateModified\":\"2021-10-20T12:24:19+00:00\",\"breadcrumb\":{\"@id\":\"https:\\\/\\\/www.psoriasisforbundet.se\\\/gavleborg\\\/om-lansavdelningen\\\/#breadcrumb\"},\"inLanguage\":\"sv-SE\",\"potentialAction\":[{\"@type\":\"ReadAction\",\"target\":[\"https:\\\/\\\/www.psoriasisforbundet.se\\\/gavleborg\\\/om-lansavdelningen\\\/\"]}]},{\"@type\":\"BreadcrumbList\",\"@id\":\"https:\\\/\\\/www.psoriasisforbundet.se\\\/gavleborg\\\/om-lansavdelningen\\\/#breadcrumb\",\"itemListElement\":[{\"@type\":\"ListItem\",\"position\":1,\"name\":\"Startsida\",\"item\":\"https:\\\/\\\/www.psoriasisforbundet.se\\\/gavleborg\\\/\"},{\"@type\":\"ListItem\",\"position\":2,\"name\":\"Om L\u00e4nsavdelningen\"}]},{\"@type\":\"WebSite\",\"@id\":\"https:\\\/\\\/www.psoriasisforbundet.se\\\/gavleborg\\\/#website\",\"url\":\"https:\\\/\\\/www.psoriasisforbundet.se\\\/gavleborg\\\/\",\"name\":\"G\u00e4vleborgs l\u00e4n\",\"description\":\"En till Psorias Sites webbplats\",\"potentialAction\":[{\"@type\":\"SearchAction\",\"target\":{\"@type\":\"EntryPoint\",\"urlTemplate\":\"https:\\\/\\\/www.psoriasisforbundet.se\\\/gavleborg\\\/?s={search_term_string}\"},\"query-input\":{\"@type\":\"PropertyValueSpecification\",\"valueRequired\":true,\"valueName\":\"search_term_string\"}}],\"inLanguage\":\"sv-SE\"}]}<\/script>\n<!-- \/ Yoast SEO plugin. -->","yoast_head_json":{"title":"Om L\u00e4nsavdelningen - G\u00e4vleborgs l\u00e4n","robots":{"index":"index","follow":"follow","max-snippet":"max-snippet:-1","max-image-preview":"max-image-preview:large","max-video-preview":"max-video-preview:-1"},"canonical":"https:\/\/www.psoriasisforbundet.se\/gavleborg\/om-lansavdelningen\/","og_locale":"sv_SE","og_type":"article","og_title":"Om L\u00e4nsavdelningen - G\u00e4vleborgs l\u00e4n","og_url":"https:\/\/www.psoriasisforbundet.se\/gavleborg\/om-lansavdelningen\/","og_site_name":"G\u00e4vleborgs l\u00e4n","article_publisher":"https:\/\/www.facebook.com\/psoriasisgavleborg\/","article_modified_time":"2021-10-20T12:24:19+00:00","twitter_card":"summary_large_image","schema":{"@context":"https:\/\/schema.org","@graph":[{"@type":"WebPage","@id":"https:\/\/www.psoriasisforbundet.se\/gavleborg\/om-lansavdelningen\/","url":"https:\/\/www.psoriasisforbundet.se\/gavleborg\/om-lansavdelningen\/","name":"Om L\u00e4nsavdelningen - G\u00e4vleborgs l\u00e4n","isPartOf":{"@id":"https:\/\/www.psoriasisforbundet.se\/gavleborg\/#website"},"datePublished":"2017-10-23T09:01:09+00:00","dateModified":"2021-10-20T12:24:19+00:00","breadcrumb":{"@id":"https:\/\/www.psoriasisforbundet.se\/gavleborg\/om-lansavdelningen\/#breadcrumb"},"inLanguage":"sv-SE","potentialAction":[{"@type":"ReadAction","target":["https:\/\/www.psoriasisforbundet.se\/gavleborg\/om-lansavdelningen\/"]}]},{"@type":"BreadcrumbList","@id":"https:\/\/www.psoriasisforbundet.se\/gavleborg\/om-lansavdelningen\/#breadcrumb","itemListElement":[{"@type":"ListItem","position":1,"name":"Startsida","item":"https:\/\/www.psoriasisforbundet.se\/gavleborg\/"},{"@type":"ListItem","position":2,"name":"Om L\u00e4nsavdelningen"}]},{"@type":"WebSite","@id":"https:\/\/www.psoriasisforbundet.se\/gavleborg\/#website","url":"https:\/\/www.psoriasisforbundet.se\/gavleborg\/","name":"G\u00e4vleborgs l\u00e4n","description":"En till Psorias Sites webbplats","potentialAction":[{"@type":"SearchAction","target":{"@type":"EntryPoint","urlTemplate":"https:\/\/www.psoriasisforbundet.se\/gavleborg\/?s={search_term_string}"},"query-input":{"@type":"PropertyValueSpecification","valueRequired":true,"valueName":"search_term_string"}}],"inLanguage":"sv-SE"}]}},"_links":{"self":[{"href":"https:\/\/www.psoriasisforbundet.se\/gavleborg\/wp-json\/wp\/v2\/pages\/53","targetHints":{"allow":["GET"]}}],"collection":[{"href":"https:\/\/www.psoriasisforbundet.se\/gavleborg\/wp-json\/wp\/v2\/pages"}],"about":[{"href":"https:\/\/www.psoriasisforbundet.se\/gavleborg\/wp-json\/wp\/v2\/types\/page"}],"author":[{"embeddable":true,"href":"https:\/\/www.psoriasisforbundet.se\/gavleborg\/wp-json\/wp\/v2\/users\/3"}],"replies":[{"embeddable":true,"href":"https:\/\/www.psoriasisforbundet.se\/gavleborg\/wp-json\/wp\/v2\/comments?post=53"}],"version-history":[{"count":6,"href":"https:\/\/www.psoriasisforbundet.se\/gavleborg\/wp-json\/wp\/v2\/pages\/53\/revisions"}],"predecessor-version":[{"id":171,"href":"https:\/\/www.psoriasisforbundet.se\/gavleborg\/wp-json\/wp\/v2\/pages\/53\/revisions\/171"}],"wp:attachment":[{"href":"https:\/\/www.psoriasisforbundet.se\/gavleborg\/wp-json\/wp\/v2\/media?parent=53"}],"curies":[{"name":"wp","href":"https:\/\/api.w.org\/{rel}","templated":true}]}}