{"id":37,"date":"2017-10-16T11:53:07","date_gmt":"2017-10-16T09:53:07","guid":{"rendered":"http:\/\/pso.kund.aloqdev.se\/gotland\/?page_id=37"},"modified":"2025-06-12T09:54:03","modified_gmt":"2025-06-12T07:54:03","slug":"styrelse-gotlands-lan","status":"publish","type":"page","link":"https:\/\/www.psoriasisforbundet.se\/gotland\/styrelse-gotlands-lan\/","title":{"rendered":"Styrelse"},"content":{"rendered":"","protected":false},"excerpt":{"rendered":"","protected":false},"author":3,"featured_media":0,"parent":0,"menu_order":0,"comment_status":"closed","ping_status":"closed","template":"","meta":{"_acf_changed":false,"_monsterinsights_skip_tracking":false,"_monsterinsights_sitenote_active":false,"_monsterinsights_sitenote_note":"","_monsterinsights_sitenote_category":0,"footnotes":""},"class_list":["post-37","page","type-page","status-publish","hentry"],"acf":[],"yoast_head":"<!-- This site is optimized with the Yoast SEO plugin v27.3 - https:\/\/yoast.com\/product\/yoast-seo-wordpress\/ -->\n<title>Styrelse - Gotlands l\u00e4n<\/title>\n<meta name=\"description\" content=\"Kontaktuppgifter till Psoriasisf\u00f6rbundet i Gotlands l\u00e4nsavdelning.\" \/>\n<meta name=\"robots\" content=\"index, follow, max-snippet:-1, max-image-preview:large, max-video-preview:-1\" \/>\n<link rel=\"canonical\" href=\"https:\/\/www.psoriasisforbundet.se\/gotland\/styrelse-gotlands-lan\/\" \/>\n<meta property=\"og:locale\" content=\"sv_SE\" \/>\n<meta property=\"og:type\" content=\"article\" \/>\n<meta property=\"og:title\" content=\"Styrelse - Gotlands l\u00e4n\" \/>\n<meta property=\"og:description\" content=\"Kontaktuppgifter till Psoriasisf\u00f6rbundet i Gotlands l\u00e4nsavdelning.\" \/>\n<meta property=\"og:url\" content=\"https:\/\/www.psoriasisforbundet.se\/gotland\/styrelse-gotlands-lan\/\" \/>\n<meta property=\"og:site_name\" content=\"Gotlands l\u00e4n\" \/>\n<meta property=\"article:modified_time\" content=\"2025-06-12T07:54:03+00:00\" \/>\n<meta name=\"twitter:card\" content=\"summary_large_image\" \/>\n<meta name=\"twitter:label1\" content=\"Ber\u00e4knad l\u00e4stid\" \/>\n\t<meta name=\"twitter:data1\" content=\"2 minuter\" \/>\n<script type=\"application\/ld+json\" class=\"yoast-schema-graph\">{\"@context\":\"https:\\\/\\\/schema.org\",\"@graph\":[{\"@type\":\"WebPage\",\"@id\":\"https:\\\/\\\/www.psoriasisforbundet.se\\\/gotland\\\/styrelse-gotlands-lan\\\/\",\"url\":\"https:\\\/\\\/www.psoriasisforbundet.se\\\/gotland\\\/styrelse-gotlands-lan\\\/\",\"name\":\"Styrelse - Gotlands l\u00e4n\",\"isPartOf\":{\"@id\":\"https:\\\/\\\/www.psoriasisforbundet.se\\\/gotland\\\/#website\"},\"datePublished\":\"2017-10-16T09:53:07+00:00\",\"dateModified\":\"2025-06-12T07:54:03+00:00\",\"description\":\"Kontaktuppgifter till Psoriasisf\u00f6rbundet i Gotlands l\u00e4nsavdelning.\",\"breadcrumb\":{\"@id\":\"https:\\\/\\\/www.psoriasisforbundet.se\\\/gotland\\\/styrelse-gotlands-lan\\\/#breadcrumb\"},\"inLanguage\":\"sv-SE\",\"potentialAction\":[{\"@type\":\"ReadAction\",\"target\":[\"https:\\\/\\\/www.psoriasisforbundet.se\\\/gotland\\\/styrelse-gotlands-lan\\\/\"]}]},{\"@type\":\"BreadcrumbList\",\"@id\":\"https:\\\/\\\/www.psoriasisforbundet.se\\\/gotland\\\/styrelse-gotlands-lan\\\/#breadcrumb\",\"itemListElement\":[{\"@type\":\"ListItem\",\"position\":1,\"name\":\"Startsida\",\"item\":\"https:\\\/\\\/www.psoriasisforbundet.se\\\/gotland\\\/\"},{\"@type\":\"ListItem\",\"position\":2,\"name\":\"Styrelse\"}]},{\"@type\":\"WebSite\",\"@id\":\"https:\\\/\\\/www.psoriasisforbundet.se\\\/gotland\\\/#website\",\"url\":\"https:\\\/\\\/www.psoriasisforbundet.se\\\/gotland\\\/\",\"name\":\"Gotlands l\u00e4n\",\"description\":\"En till Psorias Sites webbplats\",\"potentialAction\":[{\"@type\":\"SearchAction\",\"target\":{\"@type\":\"EntryPoint\",\"urlTemplate\":\"https:\\\/\\\/www.psoriasisforbundet.se\\\/gotland\\\/?s={search_term_string}\"},\"query-input\":{\"@type\":\"PropertyValueSpecification\",\"valueRequired\":true,\"valueName\":\"search_term_string\"}}],\"inLanguage\":\"sv-SE\"}]}<\/script>\n<!-- \/ Yoast SEO plugin. -->","yoast_head_json":{"title":"Styrelse - Gotlands l\u00e4n","description":"Kontaktuppgifter till Psoriasisf\u00f6rbundet i Gotlands l\u00e4nsavdelning.","robots":{"index":"index","follow":"follow","max-snippet":"max-snippet:-1","max-image-preview":"max-image-preview:large","max-video-preview":"max-video-preview:-1"},"canonical":"https:\/\/www.psoriasisforbundet.se\/gotland\/styrelse-gotlands-lan\/","og_locale":"sv_SE","og_type":"article","og_title":"Styrelse - Gotlands l\u00e4n","og_description":"Kontaktuppgifter till Psoriasisf\u00f6rbundet i Gotlands l\u00e4nsavdelning.","og_url":"https:\/\/www.psoriasisforbundet.se\/gotland\/styrelse-gotlands-lan\/","og_site_name":"Gotlands l\u00e4n","article_modified_time":"2025-06-12T07:54:03+00:00","twitter_card":"summary_large_image","twitter_misc":{"Ber\u00e4knad l\u00e4stid":"2 minuter"},"schema":{"@context":"https:\/\/schema.org","@graph":[{"@type":"WebPage","@id":"https:\/\/www.psoriasisforbundet.se\/gotland\/styrelse-gotlands-lan\/","url":"https:\/\/www.psoriasisforbundet.se\/gotland\/styrelse-gotlands-lan\/","name":"Styrelse - Gotlands l\u00e4n","isPartOf":{"@id":"https:\/\/www.psoriasisforbundet.se\/gotland\/#website"},"datePublished":"2017-10-16T09:53:07+00:00","dateModified":"2025-06-12T07:54:03+00:00","description":"Kontaktuppgifter till Psoriasisf\u00f6rbundet i Gotlands l\u00e4nsavdelning.","breadcrumb":{"@id":"https:\/\/www.psoriasisforbundet.se\/gotland\/styrelse-gotlands-lan\/#breadcrumb"},"inLanguage":"sv-SE","potentialAction":[{"@type":"ReadAction","target":["https:\/\/www.psoriasisforbundet.se\/gotland\/styrelse-gotlands-lan\/"]}]},{"@type":"BreadcrumbList","@id":"https:\/\/www.psoriasisforbundet.se\/gotland\/styrelse-gotlands-lan\/#breadcrumb","itemListElement":[{"@type":"ListItem","position":1,"name":"Startsida","item":"https:\/\/www.psoriasisforbundet.se\/gotland\/"},{"@type":"ListItem","position":2,"name":"Styrelse"}]},{"@type":"WebSite","@id":"https:\/\/www.psoriasisforbundet.se\/gotland\/#website","url":"https:\/\/www.psoriasisforbundet.se\/gotland\/","name":"Gotlands l\u00e4n","description":"En till Psorias Sites webbplats","potentialAction":[{"@type":"SearchAction","target":{"@type":"EntryPoint","urlTemplate":"https:\/\/www.psoriasisforbundet.se\/gotland\/?s={search_term_string}"},"query-input":{"@type":"PropertyValueSpecification","valueRequired":true,"valueName":"search_term_string"}}],"inLanguage":"sv-SE"}]}},"_links":{"self":[{"href":"https:\/\/www.psoriasisforbundet.se\/gotland\/wp-json\/wp\/v2\/pages\/37","targetHints":{"allow":["GET"]}}],"collection":[{"href":"https:\/\/www.psoriasisforbundet.se\/gotland\/wp-json\/wp\/v2\/pages"}],"about":[{"href":"https:\/\/www.psoriasisforbundet.se\/gotland\/wp-json\/wp\/v2\/types\/page"}],"author":[{"embeddable":true,"href":"https:\/\/www.psoriasisforbundet.se\/gotland\/wp-json\/wp\/v2\/users\/3"}],"replies":[{"embeddable":true,"href":"https:\/\/www.psoriasisforbundet.se\/gotland\/wp-json\/wp\/v2\/comments?post=37"}],"version-history":[{"count":15,"href":"https:\/\/www.psoriasisforbundet.se\/gotland\/wp-json\/wp\/v2\/pages\/37\/revisions"}],"predecessor-version":[{"id":501,"href":"https:\/\/www.psoriasisforbundet.se\/gotland\/wp-json\/wp\/v2\/pages\/37\/revisions\/501"}],"wp:attachment":[{"href":"https:\/\/www.psoriasisforbundet.se\/gotland\/wp-json\/wp\/v2\/media?parent=37"}],"curies":[{"name":"wp","href":"https:\/\/api.w.org\/{rel}","templated":true}]}}