{"id":44,"date":"2017-10-18T21:30:05","date_gmt":"2017-10-18T19:30:05","guid":{"rendered":"http:\/\/pso.kund.aloqdev.se\/kronoberg\/?page_id=44"},"modified":"2023-11-29T09:37:52","modified_gmt":"2023-11-29T08:37:52","slug":"malsattning","status":"publish","type":"page","link":"https:\/\/www.psoriasisforbundet.se\/kronoberg\/malsattning\/","title":{"rendered":"M\u00e5ls\u00e4ttning"},"content":{"rendered":"","protected":false},"excerpt":{"rendered":"","protected":false},"author":3,"featured_media":0,"parent":0,"menu_order":0,"comment_status":"closed","ping_status":"closed","template":"","meta":{"_acf_changed":false,"_monsterinsights_skip_tracking":false,"_monsterinsights_sitenote_active":false,"_monsterinsights_sitenote_note":"","_monsterinsights_sitenote_category":0,"footnotes":""},"class_list":["post-44","page","type-page","status-publish","hentry"],"acf":[],"yoast_head":"<!-- This site is optimized with the Yoast SEO plugin v27.3 - https:\/\/yoast.com\/product\/yoast-seo-wordpress\/ -->\n<title>M\u00e5ls\u00e4ttning - Kronobergs l\u00e4n<\/title>\n<meta name=\"description\" content=\"I v\u00e5rt l\u00e4n \u00e4r vi ca 200 medlemmar spritt i hela l\u00e4net. Vi har tyv\u00e4rr inte n\u00e5gon lokalavdelning och det kan vara sv\u00e5rt ibland att g\u00f6ra evenemang som geografiskt passar f\u00f6r alla.\" \/>\n<meta name=\"robots\" content=\"index, follow, max-snippet:-1, max-image-preview:large, max-video-preview:-1\" \/>\n<link rel=\"canonical\" href=\"https:\/\/www.psoriasisforbundet.se\/kronoberg\/malsattning\/\" \/>\n<meta property=\"og:locale\" content=\"sv_SE\" \/>\n<meta property=\"og:type\" content=\"article\" \/>\n<meta property=\"og:title\" content=\"M\u00e5ls\u00e4ttning - Kronobergs l\u00e4n\" \/>\n<meta property=\"og:url\" content=\"https:\/\/www.psoriasisforbundet.se\/kronoberg\/malsattning\/\" \/>\n<meta property=\"og:site_name\" content=\"Kronobergs l\u00e4n\" \/>\n<meta property=\"article:modified_time\" content=\"2023-11-29T08:37:52+00:00\" \/>\n<meta name=\"twitter:card\" content=\"summary_large_image\" \/>\n<script type=\"application\/ld+json\" class=\"yoast-schema-graph\">{\"@context\":\"https:\\\/\\\/schema.org\",\"@graph\":[{\"@type\":\"WebPage\",\"@id\":\"https:\\\/\\\/www.psoriasisforbundet.se\\\/kronoberg\\\/malsattning\\\/\",\"url\":\"https:\\\/\\\/www.psoriasisforbundet.se\\\/kronoberg\\\/malsattning\\\/\",\"name\":\"M\u00e5ls\u00e4ttning - Kronobergs l\u00e4n\",\"isPartOf\":{\"@id\":\"https:\\\/\\\/www.psoriasisforbundet.se\\\/kronoberg\\\/#website\"},\"datePublished\":\"2017-10-18T19:30:05+00:00\",\"dateModified\":\"2023-11-29T08:37:52+00:00\",\"breadcrumb\":{\"@id\":\"https:\\\/\\\/www.psoriasisforbundet.se\\\/kronoberg\\\/malsattning\\\/#breadcrumb\"},\"inLanguage\":\"sv-SE\",\"potentialAction\":[{\"@type\":\"ReadAction\",\"target\":[\"https:\\\/\\\/www.psoriasisforbundet.se\\\/kronoberg\\\/malsattning\\\/\"]}]},{\"@type\":\"BreadcrumbList\",\"@id\":\"https:\\\/\\\/www.psoriasisforbundet.se\\\/kronoberg\\\/malsattning\\\/#breadcrumb\",\"itemListElement\":[{\"@type\":\"ListItem\",\"position\":1,\"name\":\"Startsida\",\"item\":\"https:\\\/\\\/www.psoriasisforbundet.se\\\/kronoberg\\\/\"},{\"@type\":\"ListItem\",\"position\":2,\"name\":\"M\u00e5ls\u00e4ttning\"}]},{\"@type\":\"WebSite\",\"@id\":\"https:\\\/\\\/www.psoriasisforbundet.se\\\/kronoberg\\\/#website\",\"url\":\"https:\\\/\\\/www.psoriasisforbundet.se\\\/kronoberg\\\/\",\"name\":\"Kronobergs l\u00e4n\",\"description\":\"En till Psorias Sites webbplats\",\"potentialAction\":[{\"@type\":\"SearchAction\",\"target\":{\"@type\":\"EntryPoint\",\"urlTemplate\":\"https:\\\/\\\/www.psoriasisforbundet.se\\\/kronoberg\\\/?s={search_term_string}\"},\"query-input\":{\"@type\":\"PropertyValueSpecification\",\"valueRequired\":true,\"valueName\":\"search_term_string\"}}],\"inLanguage\":\"sv-SE\"}]}<\/script>\n<!-- \/ Yoast SEO plugin. -->","yoast_head_json":{"title":"M\u00e5ls\u00e4ttning - Kronobergs l\u00e4n","description":"I v\u00e5rt l\u00e4n \u00e4r vi ca 200 medlemmar spritt i hela l\u00e4net. Vi har tyv\u00e4rr inte n\u00e5gon lokalavdelning och det kan vara sv\u00e5rt ibland att g\u00f6ra evenemang som geografiskt passar f\u00f6r alla.","robots":{"index":"index","follow":"follow","max-snippet":"max-snippet:-1","max-image-preview":"max-image-preview:large","max-video-preview":"max-video-preview:-1"},"canonical":"https:\/\/www.psoriasisforbundet.se\/kronoberg\/malsattning\/","og_locale":"sv_SE","og_type":"article","og_title":"M\u00e5ls\u00e4ttning - Kronobergs l\u00e4n","og_url":"https:\/\/www.psoriasisforbundet.se\/kronoberg\/malsattning\/","og_site_name":"Kronobergs l\u00e4n","article_modified_time":"2023-11-29T08:37:52+00:00","twitter_card":"summary_large_image","schema":{"@context":"https:\/\/schema.org","@graph":[{"@type":"WebPage","@id":"https:\/\/www.psoriasisforbundet.se\/kronoberg\/malsattning\/","url":"https:\/\/www.psoriasisforbundet.se\/kronoberg\/malsattning\/","name":"M\u00e5ls\u00e4ttning - Kronobergs l\u00e4n","isPartOf":{"@id":"https:\/\/www.psoriasisforbundet.se\/kronoberg\/#website"},"datePublished":"2017-10-18T19:30:05+00:00","dateModified":"2023-11-29T08:37:52+00:00","breadcrumb":{"@id":"https:\/\/www.psoriasisforbundet.se\/kronoberg\/malsattning\/#breadcrumb"},"inLanguage":"sv-SE","potentialAction":[{"@type":"ReadAction","target":["https:\/\/www.psoriasisforbundet.se\/kronoberg\/malsattning\/"]}]},{"@type":"BreadcrumbList","@id":"https:\/\/www.psoriasisforbundet.se\/kronoberg\/malsattning\/#breadcrumb","itemListElement":[{"@type":"ListItem","position":1,"name":"Startsida","item":"https:\/\/www.psoriasisforbundet.se\/kronoberg\/"},{"@type":"ListItem","position":2,"name":"M\u00e5ls\u00e4ttning"}]},{"@type":"WebSite","@id":"https:\/\/www.psoriasisforbundet.se\/kronoberg\/#website","url":"https:\/\/www.psoriasisforbundet.se\/kronoberg\/","name":"Kronobergs l\u00e4n","description":"En till Psorias Sites webbplats","potentialAction":[{"@type":"SearchAction","target":{"@type":"EntryPoint","urlTemplate":"https:\/\/www.psoriasisforbundet.se\/kronoberg\/?s={search_term_string}"},"query-input":{"@type":"PropertyValueSpecification","valueRequired":true,"valueName":"search_term_string"}}],"inLanguage":"sv-SE"}]}},"_links":{"self":[{"href":"https:\/\/www.psoriasisforbundet.se\/kronoberg\/wp-json\/wp\/v2\/pages\/44","targetHints":{"allow":["GET"]}}],"collection":[{"href":"https:\/\/www.psoriasisforbundet.se\/kronoberg\/wp-json\/wp\/v2\/pages"}],"about":[{"href":"https:\/\/www.psoriasisforbundet.se\/kronoberg\/wp-json\/wp\/v2\/types\/page"}],"author":[{"embeddable":true,"href":"https:\/\/www.psoriasisforbundet.se\/kronoberg\/wp-json\/wp\/v2\/users\/3"}],"replies":[{"embeddable":true,"href":"https:\/\/www.psoriasisforbundet.se\/kronoberg\/wp-json\/wp\/v2\/comments?post=44"}],"version-history":[{"count":6,"href":"https:\/\/www.psoriasisforbundet.se\/kronoberg\/wp-json\/wp\/v2\/pages\/44\/revisions"}],"predecessor-version":[{"id":90,"href":"https:\/\/www.psoriasisforbundet.se\/kronoberg\/wp-json\/wp\/v2\/pages\/44\/revisions\/90"}],"wp:attachment":[{"href":"https:\/\/www.psoriasisforbundet.se\/kronoberg\/wp-json\/wp\/v2\/media?parent=44"}],"curies":[{"name":"wp","href":"https:\/\/api.w.org\/{rel}","templated":true}]}}