{"id":84,"date":"2020-08-12T15:14:33","date_gmt":"2020-08-12T13:14:33","guid":{"rendered":"https:\/\/www.psoriasisforbundet.se\/linkoping\/?page_id=84"},"modified":"2025-08-13T16:38:06","modified_gmt":"2025-08-13T14:38:06","slug":"behandlingsanlaggning","status":"publish","type":"page","link":"https:\/\/www.psoriasisforbundet.se\/linkoping\/startsida\/behandlingsanlaggning\/","title":{"rendered":"Behandlingsanl\u00e4ggning"},"content":{"rendered":"","protected":false},"excerpt":{"rendered":"","protected":false},"author":71,"featured_media":0,"parent":24,"menu_order":0,"comment_status":"closed","ping_status":"closed","template":"","meta":{"_acf_changed":false,"_monsterinsights_skip_tracking":false,"_monsterinsights_sitenote_active":false,"_monsterinsights_sitenote_note":"","_monsterinsights_sitenote_category":0,"footnotes":""},"class_list":["post-84","page","type-page","status-publish","hentry"],"acf":[],"yoast_head":"<!-- This site is optimized with the Yoast SEO plugin v27.4 - https:\/\/yoast.com\/product\/yoast-seo-wordpress\/ -->\n<title>Behandlingsanl\u00e4ggning - Link\u00f6ping<\/title>\n<meta name=\"description\" content=\"Vi erbjuder ljusbehandling mot psoriasis. Vi till\u00e4mpar DROP-IN\" \/>\n<meta name=\"robots\" content=\"index, follow, max-snippet:-1, max-image-preview:large, max-video-preview:-1\" \/>\n<link rel=\"canonical\" href=\"https:\/\/www.psoriasisforbundet.se\/linkoping\/startsida\/behandlingsanlaggning\/\" \/>\n<meta property=\"og:locale\" content=\"sv_SE\" \/>\n<meta property=\"og:type\" content=\"article\" \/>\n<meta property=\"og:title\" content=\"Behandlingsanl\u00e4ggning - Link\u00f6ping\" \/>\n<meta property=\"og:description\" content=\"Vi erbjuder ljusbehandling mot psoriasis. Vi till\u00e4mpar DROP-IN\" \/>\n<meta property=\"og:url\" content=\"https:\/\/www.psoriasisforbundet.se\/linkoping\/startsida\/behandlingsanlaggning\/\" \/>\n<meta property=\"og:site_name\" content=\"Link\u00f6ping\" \/>\n<meta property=\"article:modified_time\" content=\"2025-08-13T14:38:06+00:00\" \/>\n<meta name=\"twitter:card\" content=\"summary_large_image\" \/>\n<meta name=\"twitter:label1\" content=\"Ber\u00e4knad l\u00e4stid\" \/>\n\t<meta name=\"twitter:data1\" content=\"1 minut\" \/>\n<script type=\"application\/ld+json\" class=\"yoast-schema-graph\">{\"@context\":\"https:\\\/\\\/schema.org\",\"@graph\":[{\"@type\":\"WebPage\",\"@id\":\"https:\\\/\\\/www.psoriasisforbundet.se\\\/linkoping\\\/startsida\\\/behandlingsanlaggning\\\/\",\"url\":\"https:\\\/\\\/www.psoriasisforbundet.se\\\/linkoping\\\/startsida\\\/behandlingsanlaggning\\\/\",\"name\":\"Behandlingsanl\u00e4ggning - Link\u00f6ping\",\"isPartOf\":{\"@id\":\"https:\\\/\\\/www.psoriasisforbundet.se\\\/linkoping\\\/#website\"},\"datePublished\":\"2020-08-12T13:14:33+00:00\",\"dateModified\":\"2025-08-13T14:38:06+00:00\",\"description\":\"Vi erbjuder ljusbehandling mot psoriasis. Vi till\u00e4mpar DROP-IN\",\"breadcrumb\":{\"@id\":\"https:\\\/\\\/www.psoriasisforbundet.se\\\/linkoping\\\/startsida\\\/behandlingsanlaggning\\\/#breadcrumb\"},\"inLanguage\":\"sv-SE\",\"potentialAction\":[{\"@type\":\"ReadAction\",\"target\":[\"https:\\\/\\\/www.psoriasisforbundet.se\\\/linkoping\\\/startsida\\\/behandlingsanlaggning\\\/\"]}]},{\"@type\":\"BreadcrumbList\",\"@id\":\"https:\\\/\\\/www.psoriasisforbundet.se\\\/linkoping\\\/startsida\\\/behandlingsanlaggning\\\/#breadcrumb\",\"itemListElement\":[{\"@type\":\"ListItem\",\"position\":1,\"name\":\"Startsida\",\"item\":\"https:\\\/\\\/www.psoriasisforbundet.se\\\/linkoping\\\/\"},{\"@type\":\"ListItem\",\"position\":2,\"name\":\"Startsida\",\"item\":\"https:\\\/\\\/www.psoriasisforbundet.se\\\/linkoping\\\/\"},{\"@type\":\"ListItem\",\"position\":3,\"name\":\"Behandlingsanl\u00e4ggning\"}]},{\"@type\":\"WebSite\",\"@id\":\"https:\\\/\\\/www.psoriasisforbundet.se\\\/linkoping\\\/#website\",\"url\":\"https:\\\/\\\/www.psoriasisforbundet.se\\\/linkoping\\\/\",\"name\":\"Link\u00f6ping\",\"description\":\"En till Psorias Sites webbplats\",\"potentialAction\":[{\"@type\":\"SearchAction\",\"target\":{\"@type\":\"EntryPoint\",\"urlTemplate\":\"https:\\\/\\\/www.psoriasisforbundet.se\\\/linkoping\\\/?s={search_term_string}\"},\"query-input\":{\"@type\":\"PropertyValueSpecification\",\"valueRequired\":true,\"valueName\":\"search_term_string\"}}],\"inLanguage\":\"sv-SE\"}]}<\/script>\n<!-- \/ Yoast SEO plugin. -->","yoast_head_json":{"title":"Behandlingsanl\u00e4ggning - Link\u00f6ping","description":"Vi erbjuder ljusbehandling mot psoriasis. Vi till\u00e4mpar DROP-IN","robots":{"index":"index","follow":"follow","max-snippet":"max-snippet:-1","max-image-preview":"max-image-preview:large","max-video-preview":"max-video-preview:-1"},"canonical":"https:\/\/www.psoriasisforbundet.se\/linkoping\/startsida\/behandlingsanlaggning\/","og_locale":"sv_SE","og_type":"article","og_title":"Behandlingsanl\u00e4ggning - Link\u00f6ping","og_description":"Vi erbjuder ljusbehandling mot psoriasis. Vi till\u00e4mpar DROP-IN","og_url":"https:\/\/www.psoriasisforbundet.se\/linkoping\/startsida\/behandlingsanlaggning\/","og_site_name":"Link\u00f6ping","article_modified_time":"2025-08-13T14:38:06+00:00","twitter_card":"summary_large_image","twitter_misc":{"Ber\u00e4knad l\u00e4stid":"1 minut"},"schema":{"@context":"https:\/\/schema.org","@graph":[{"@type":"WebPage","@id":"https:\/\/www.psoriasisforbundet.se\/linkoping\/startsida\/behandlingsanlaggning\/","url":"https:\/\/www.psoriasisforbundet.se\/linkoping\/startsida\/behandlingsanlaggning\/","name":"Behandlingsanl\u00e4ggning - Link\u00f6ping","isPartOf":{"@id":"https:\/\/www.psoriasisforbundet.se\/linkoping\/#website"},"datePublished":"2020-08-12T13:14:33+00:00","dateModified":"2025-08-13T14:38:06+00:00","description":"Vi erbjuder ljusbehandling mot psoriasis. Vi till\u00e4mpar DROP-IN","breadcrumb":{"@id":"https:\/\/www.psoriasisforbundet.se\/linkoping\/startsida\/behandlingsanlaggning\/#breadcrumb"},"inLanguage":"sv-SE","potentialAction":[{"@type":"ReadAction","target":["https:\/\/www.psoriasisforbundet.se\/linkoping\/startsida\/behandlingsanlaggning\/"]}]},{"@type":"BreadcrumbList","@id":"https:\/\/www.psoriasisforbundet.se\/linkoping\/startsida\/behandlingsanlaggning\/#breadcrumb","itemListElement":[{"@type":"ListItem","position":1,"name":"Startsida","item":"https:\/\/www.psoriasisforbundet.se\/linkoping\/"},{"@type":"ListItem","position":2,"name":"Startsida","item":"https:\/\/www.psoriasisforbundet.se\/linkoping\/"},{"@type":"ListItem","position":3,"name":"Behandlingsanl\u00e4ggning"}]},{"@type":"WebSite","@id":"https:\/\/www.psoriasisforbundet.se\/linkoping\/#website","url":"https:\/\/www.psoriasisforbundet.se\/linkoping\/","name":"Link\u00f6ping","description":"En till Psorias Sites webbplats","potentialAction":[{"@type":"SearchAction","target":{"@type":"EntryPoint","urlTemplate":"https:\/\/www.psoriasisforbundet.se\/linkoping\/?s={search_term_string}"},"query-input":{"@type":"PropertyValueSpecification","valueRequired":true,"valueName":"search_term_string"}}],"inLanguage":"sv-SE"}]}},"_links":{"self":[{"href":"https:\/\/www.psoriasisforbundet.se\/linkoping\/wp-json\/wp\/v2\/pages\/84","targetHints":{"allow":["GET"]}}],"collection":[{"href":"https:\/\/www.psoriasisforbundet.se\/linkoping\/wp-json\/wp\/v2\/pages"}],"about":[{"href":"https:\/\/www.psoriasisforbundet.se\/linkoping\/wp-json\/wp\/v2\/types\/page"}],"author":[{"embeddable":true,"href":"https:\/\/www.psoriasisforbundet.se\/linkoping\/wp-json\/wp\/v2\/users\/71"}],"replies":[{"embeddable":true,"href":"https:\/\/www.psoriasisforbundet.se\/linkoping\/wp-json\/wp\/v2\/comments?post=84"}],"version-history":[{"count":33,"href":"https:\/\/www.psoriasisforbundet.se\/linkoping\/wp-json\/wp\/v2\/pages\/84\/revisions"}],"predecessor-version":[{"id":377,"href":"https:\/\/www.psoriasisforbundet.se\/linkoping\/wp-json\/wp\/v2\/pages\/84\/revisions\/377"}],"up":[{"embeddable":true,"href":"https:\/\/www.psoriasisforbundet.se\/linkoping\/wp-json\/wp\/v2\/pages\/24"}],"wp:attachment":[{"href":"https:\/\/www.psoriasisforbundet.se\/linkoping\/wp-json\/wp\/v2\/media?parent=84"}],"curies":[{"name":"wp","href":"https:\/\/api.w.org\/{rel}","templated":true}]}}