{"id":575,"date":"2024-04-25T11:38:20","date_gmt":"2024-04-25T09:38:20","guid":{"rendered":"https:\/\/www.psoriasisforbundet.se\/malmo-vellinge\/?page_id=575"},"modified":"2024-04-26T07:40:50","modified_gmt":"2024-04-26T05:40:50","slug":"oland-2023","status":"publish","type":"page","link":"https:\/\/www.psoriasisforbundet.se\/malmo-vellinge\/oland-2023\/","title":{"rendered":"\u00d6land 2023"},"content":{"rendered":"","protected":false},"excerpt":{"rendered":"","protected":false},"author":34,"featured_media":0,"parent":0,"menu_order":0,"comment_status":"closed","ping_status":"closed","template":"","meta":{"_acf_changed":false,"_monsterinsights_skip_tracking":false,"_monsterinsights_sitenote_active":false,"_monsterinsights_sitenote_note":"","_monsterinsights_sitenote_category":0,"footnotes":""},"class_list":["post-575","page","type-page","status-publish","hentry"],"acf":[],"yoast_head":"<!-- This site is optimized with the Yoast SEO plugin v27.3 - https:\/\/yoast.com\/product\/yoast-seo-wordpress\/ -->\n<title>\u00d6land 2023 - Malm\u00f6 Vellinge<\/title>\n<meta name=\"robots\" content=\"index, follow, max-snippet:-1, max-image-preview:large, max-video-preview:-1\" \/>\n<link rel=\"canonical\" href=\"https:\/\/www.psoriasisforbundet.se\/malmo-vellinge\/oland-2023\/\" \/>\n<meta property=\"og:locale\" content=\"sv_SE\" \/>\n<meta property=\"og:type\" content=\"article\" \/>\n<meta property=\"og:title\" content=\"\u00d6land 2023 - Malm\u00f6 Vellinge\" \/>\n<meta property=\"og:url\" content=\"https:\/\/www.psoriasisforbundet.se\/malmo-vellinge\/oland-2023\/\" \/>\n<meta property=\"og:site_name\" content=\"Malm\u00f6 Vellinge\" \/>\n<meta property=\"article:modified_time\" content=\"2024-04-26T05:40:50+00:00\" \/>\n<meta name=\"twitter:card\" content=\"summary_large_image\" \/>\n<meta name=\"twitter:label1\" content=\"Ber\u00e4knad l\u00e4stid\" \/>\n\t<meta name=\"twitter:data1\" content=\"3 minuter\" \/>\n<script type=\"application\/ld+json\" class=\"yoast-schema-graph\">{\"@context\":\"https:\\\/\\\/schema.org\",\"@graph\":[{\"@type\":\"WebPage\",\"@id\":\"https:\\\/\\\/www.psoriasisforbundet.se\\\/malmo-vellinge\\\/oland-2023\\\/\",\"url\":\"https:\\\/\\\/www.psoriasisforbundet.se\\\/malmo-vellinge\\\/oland-2023\\\/\",\"name\":\"\u00d6land 2023 - Malm\u00f6 Vellinge\",\"isPartOf\":{\"@id\":\"https:\\\/\\\/www.psoriasisforbundet.se\\\/malmo-vellinge\\\/#website\"},\"datePublished\":\"2024-04-25T09:38:20+00:00\",\"dateModified\":\"2024-04-26T05:40:50+00:00\",\"breadcrumb\":{\"@id\":\"https:\\\/\\\/www.psoriasisforbundet.se\\\/malmo-vellinge\\\/oland-2023\\\/#breadcrumb\"},\"inLanguage\":\"sv-SE\",\"potentialAction\":[{\"@type\":\"ReadAction\",\"target\":[\"https:\\\/\\\/www.psoriasisforbundet.se\\\/malmo-vellinge\\\/oland-2023\\\/\"]}]},{\"@type\":\"BreadcrumbList\",\"@id\":\"https:\\\/\\\/www.psoriasisforbundet.se\\\/malmo-vellinge\\\/oland-2023\\\/#breadcrumb\",\"itemListElement\":[{\"@type\":\"ListItem\",\"position\":1,\"name\":\"Startsida\",\"item\":\"https:\\\/\\\/www.psoriasisforbundet.se\\\/malmo-vellinge\\\/\"},{\"@type\":\"ListItem\",\"position\":2,\"name\":\"\u00d6land 2023\"}]},{\"@type\":\"WebSite\",\"@id\":\"https:\\\/\\\/www.psoriasisforbundet.se\\\/malmo-vellinge\\\/#website\",\"url\":\"https:\\\/\\\/www.psoriasisforbundet.se\\\/malmo-vellinge\\\/\",\"name\":\"Malm\u00f6 Vellinge\",\"description\":\"En till Psorias Sites webbplats\",\"potentialAction\":[{\"@type\":\"SearchAction\",\"target\":{\"@type\":\"EntryPoint\",\"urlTemplate\":\"https:\\\/\\\/www.psoriasisforbundet.se\\\/malmo-vellinge\\\/?s={search_term_string}\"},\"query-input\":{\"@type\":\"PropertyValueSpecification\",\"valueRequired\":true,\"valueName\":\"search_term_string\"}}],\"inLanguage\":\"sv-SE\"}]}<\/script>\n<!-- \/ Yoast SEO plugin. -->","yoast_head_json":{"title":"\u00d6land 2023 - Malm\u00f6 Vellinge","robots":{"index":"index","follow":"follow","max-snippet":"max-snippet:-1","max-image-preview":"max-image-preview:large","max-video-preview":"max-video-preview:-1"},"canonical":"https:\/\/www.psoriasisforbundet.se\/malmo-vellinge\/oland-2023\/","og_locale":"sv_SE","og_type":"article","og_title":"\u00d6land 2023 - Malm\u00f6 Vellinge","og_url":"https:\/\/www.psoriasisforbundet.se\/malmo-vellinge\/oland-2023\/","og_site_name":"Malm\u00f6 Vellinge","article_modified_time":"2024-04-26T05:40:50+00:00","twitter_card":"summary_large_image","twitter_misc":{"Ber\u00e4knad l\u00e4stid":"3 minuter"},"schema":{"@context":"https:\/\/schema.org","@graph":[{"@type":"WebPage","@id":"https:\/\/www.psoriasisforbundet.se\/malmo-vellinge\/oland-2023\/","url":"https:\/\/www.psoriasisforbundet.se\/malmo-vellinge\/oland-2023\/","name":"\u00d6land 2023 - Malm\u00f6 Vellinge","isPartOf":{"@id":"https:\/\/www.psoriasisforbundet.se\/malmo-vellinge\/#website"},"datePublished":"2024-04-25T09:38:20+00:00","dateModified":"2024-04-26T05:40:50+00:00","breadcrumb":{"@id":"https:\/\/www.psoriasisforbundet.se\/malmo-vellinge\/oland-2023\/#breadcrumb"},"inLanguage":"sv-SE","potentialAction":[{"@type":"ReadAction","target":["https:\/\/www.psoriasisforbundet.se\/malmo-vellinge\/oland-2023\/"]}]},{"@type":"BreadcrumbList","@id":"https:\/\/www.psoriasisforbundet.se\/malmo-vellinge\/oland-2023\/#breadcrumb","itemListElement":[{"@type":"ListItem","position":1,"name":"Startsida","item":"https:\/\/www.psoriasisforbundet.se\/malmo-vellinge\/"},{"@type":"ListItem","position":2,"name":"\u00d6land 2023"}]},{"@type":"WebSite","@id":"https:\/\/www.psoriasisforbundet.se\/malmo-vellinge\/#website","url":"https:\/\/www.psoriasisforbundet.se\/malmo-vellinge\/","name":"Malm\u00f6 Vellinge","description":"En till Psorias Sites webbplats","potentialAction":[{"@type":"SearchAction","target":{"@type":"EntryPoint","urlTemplate":"https:\/\/www.psoriasisforbundet.se\/malmo-vellinge\/?s={search_term_string}"},"query-input":{"@type":"PropertyValueSpecification","valueRequired":true,"valueName":"search_term_string"}}],"inLanguage":"sv-SE"}]}},"_links":{"self":[{"href":"https:\/\/www.psoriasisforbundet.se\/malmo-vellinge\/wp-json\/wp\/v2\/pages\/575","targetHints":{"allow":["GET"]}}],"collection":[{"href":"https:\/\/www.psoriasisforbundet.se\/malmo-vellinge\/wp-json\/wp\/v2\/pages"}],"about":[{"href":"https:\/\/www.psoriasisforbundet.se\/malmo-vellinge\/wp-json\/wp\/v2\/types\/page"}],"author":[{"embeddable":true,"href":"https:\/\/www.psoriasisforbundet.se\/malmo-vellinge\/wp-json\/wp\/v2\/users\/34"}],"replies":[{"embeddable":true,"href":"https:\/\/www.psoriasisforbundet.se\/malmo-vellinge\/wp-json\/wp\/v2\/comments?post=575"}],"version-history":[{"count":4,"href":"https:\/\/www.psoriasisforbundet.se\/malmo-vellinge\/wp-json\/wp\/v2\/pages\/575\/revisions"}],"predecessor-version":[{"id":593,"href":"https:\/\/www.psoriasisforbundet.se\/malmo-vellinge\/wp-json\/wp\/v2\/pages\/575\/revisions\/593"}],"wp:attachment":[{"href":"https:\/\/www.psoriasisforbundet.se\/malmo-vellinge\/wp-json\/wp\/v2\/media?parent=575"}],"curies":[{"name":"wp","href":"https:\/\/api.w.org\/{rel}","templated":true}]}}