{"id":18,"date":"2017-10-24T13:23:37","date_gmt":"2017-10-24T11:23:37","guid":{"rendered":"http:\/\/pso.kund.aloqdev.se\/helsingborg-hoganas\/?page_id=18"},"modified":"2026-02-22T11:33:36","modified_gmt":"2026-02-22T10:33:36","slug":"behandlingsanlaggning","status":"publish","type":"page","link":"https:\/\/www.psoriasisforbundet.se\/nordvastra-skane\/behandlingsanlaggning\/","title":{"rendered":"Behandlingsanl\u00e4ggning"},"content":{"rendered":"","protected":false},"excerpt":{"rendered":"","protected":false},"author":3,"featured_media":0,"parent":0,"menu_order":0,"comment_status":"closed","ping_status":"closed","template":"","meta":{"_acf_changed":false,"_monsterinsights_skip_tracking":false,"_monsterinsights_sitenote_active":false,"_monsterinsights_sitenote_note":"","_monsterinsights_sitenote_category":0,"footnotes":""},"class_list":["post-18","page","type-page","status-publish","hentry"],"acf":[],"yoast_head":"<!-- This site is optimized with the Yoast SEO plugin v27.4 - https:\/\/yoast.com\/product\/yoast-seo-wordpress\/ -->\n<title>Behandlingsanl\u00e4ggning - Nordv\u00e4stra Sk\u00e5ne<\/title>\n<meta name=\"robots\" content=\"index, follow, max-snippet:-1, max-image-preview:large, max-video-preview:-1\" \/>\n<link rel=\"canonical\" href=\"https:\/\/www.psoriasisforbundet.se\/nordvastra-skane\/behandlingsanlaggning\/\" \/>\n<meta property=\"og:locale\" content=\"sv_SE\" \/>\n<meta property=\"og:type\" content=\"article\" \/>\n<meta property=\"og:title\" content=\"Behandlingsanl\u00e4ggning - Nordv\u00e4stra Sk\u00e5ne\" \/>\n<meta property=\"og:url\" content=\"https:\/\/www.psoriasisforbundet.se\/nordvastra-skane\/behandlingsanlaggning\/\" \/>\n<meta property=\"og:site_name\" content=\"Nordv\u00e4stra Sk\u00e5ne\" \/>\n<meta property=\"article:modified_time\" content=\"2026-02-22T10:33:36+00:00\" \/>\n<meta name=\"twitter:card\" content=\"summary_large_image\" \/>\n<meta name=\"twitter:label1\" content=\"Ber\u00e4knad l\u00e4stid\" \/>\n\t<meta name=\"twitter:data1\" content=\"2 minuter\" \/>\n<script type=\"application\/ld+json\" class=\"yoast-schema-graph\">{\"@context\":\"https:\\\/\\\/schema.org\",\"@graph\":[{\"@type\":\"WebPage\",\"@id\":\"https:\\\/\\\/www.psoriasisforbundet.se\\\/nordvastra-skane\\\/behandlingsanlaggning\\\/\",\"url\":\"https:\\\/\\\/www.psoriasisforbundet.se\\\/nordvastra-skane\\\/behandlingsanlaggning\\\/\",\"name\":\"Behandlingsanl\u00e4ggning - Nordv\u00e4stra Sk\u00e5ne\",\"isPartOf\":{\"@id\":\"https:\\\/\\\/www.psoriasisforbundet.se\\\/nordvastra-skane\\\/#website\"},\"datePublished\":\"2017-10-24T11:23:37+00:00\",\"dateModified\":\"2026-02-22T10:33:36+00:00\",\"breadcrumb\":{\"@id\":\"https:\\\/\\\/www.psoriasisforbundet.se\\\/nordvastra-skane\\\/behandlingsanlaggning\\\/#breadcrumb\"},\"inLanguage\":\"sv-SE\",\"potentialAction\":[{\"@type\":\"ReadAction\",\"target\":[\"https:\\\/\\\/www.psoriasisforbundet.se\\\/nordvastra-skane\\\/behandlingsanlaggning\\\/\"]}]},{\"@type\":\"BreadcrumbList\",\"@id\":\"https:\\\/\\\/www.psoriasisforbundet.se\\\/nordvastra-skane\\\/behandlingsanlaggning\\\/#breadcrumb\",\"itemListElement\":[{\"@type\":\"ListItem\",\"position\":1,\"name\":\"Startsida\",\"item\":\"https:\\\/\\\/www.psoriasisforbundet.se\\\/nordvastra-skane\\\/\"},{\"@type\":\"ListItem\",\"position\":2,\"name\":\"Behandlingsanl\u00e4ggning\"}]},{\"@type\":\"WebSite\",\"@id\":\"https:\\\/\\\/www.psoriasisforbundet.se\\\/nordvastra-skane\\\/#website\",\"url\":\"https:\\\/\\\/www.psoriasisforbundet.se\\\/nordvastra-skane\\\/\",\"name\":\"Nordv\u00e4stra Sk\u00e5ne\",\"description\":\"En till Psorias Sites webbplats\",\"potentialAction\":[{\"@type\":\"SearchAction\",\"target\":{\"@type\":\"EntryPoint\",\"urlTemplate\":\"https:\\\/\\\/www.psoriasisforbundet.se\\\/nordvastra-skane\\\/?s={search_term_string}\"},\"query-input\":{\"@type\":\"PropertyValueSpecification\",\"valueRequired\":true,\"valueName\":\"search_term_string\"}}],\"inLanguage\":\"sv-SE\"}]}<\/script>\n<!-- \/ Yoast SEO plugin. -->","yoast_head_json":{"title":"Behandlingsanl\u00e4ggning - Nordv\u00e4stra Sk\u00e5ne","robots":{"index":"index","follow":"follow","max-snippet":"max-snippet:-1","max-image-preview":"max-image-preview:large","max-video-preview":"max-video-preview:-1"},"canonical":"https:\/\/www.psoriasisforbundet.se\/nordvastra-skane\/behandlingsanlaggning\/","og_locale":"sv_SE","og_type":"article","og_title":"Behandlingsanl\u00e4ggning - Nordv\u00e4stra Sk\u00e5ne","og_url":"https:\/\/www.psoriasisforbundet.se\/nordvastra-skane\/behandlingsanlaggning\/","og_site_name":"Nordv\u00e4stra Sk\u00e5ne","article_modified_time":"2026-02-22T10:33:36+00:00","twitter_card":"summary_large_image","twitter_misc":{"Ber\u00e4knad l\u00e4stid":"2 minuter"},"schema":{"@context":"https:\/\/schema.org","@graph":[{"@type":"WebPage","@id":"https:\/\/www.psoriasisforbundet.se\/nordvastra-skane\/behandlingsanlaggning\/","url":"https:\/\/www.psoriasisforbundet.se\/nordvastra-skane\/behandlingsanlaggning\/","name":"Behandlingsanl\u00e4ggning - Nordv\u00e4stra Sk\u00e5ne","isPartOf":{"@id":"https:\/\/www.psoriasisforbundet.se\/nordvastra-skane\/#website"},"datePublished":"2017-10-24T11:23:37+00:00","dateModified":"2026-02-22T10:33:36+00:00","breadcrumb":{"@id":"https:\/\/www.psoriasisforbundet.se\/nordvastra-skane\/behandlingsanlaggning\/#breadcrumb"},"inLanguage":"sv-SE","potentialAction":[{"@type":"ReadAction","target":["https:\/\/www.psoriasisforbundet.se\/nordvastra-skane\/behandlingsanlaggning\/"]}]},{"@type":"BreadcrumbList","@id":"https:\/\/www.psoriasisforbundet.se\/nordvastra-skane\/behandlingsanlaggning\/#breadcrumb","itemListElement":[{"@type":"ListItem","position":1,"name":"Startsida","item":"https:\/\/www.psoriasisforbundet.se\/nordvastra-skane\/"},{"@type":"ListItem","position":2,"name":"Behandlingsanl\u00e4ggning"}]},{"@type":"WebSite","@id":"https:\/\/www.psoriasisforbundet.se\/nordvastra-skane\/#website","url":"https:\/\/www.psoriasisforbundet.se\/nordvastra-skane\/","name":"Nordv\u00e4stra Sk\u00e5ne","description":"En till Psorias Sites webbplats","potentialAction":[{"@type":"SearchAction","target":{"@type":"EntryPoint","urlTemplate":"https:\/\/www.psoriasisforbundet.se\/nordvastra-skane\/?s={search_term_string}"},"query-input":{"@type":"PropertyValueSpecification","valueRequired":true,"valueName":"search_term_string"}}],"inLanguage":"sv-SE"}]}},"_links":{"self":[{"href":"https:\/\/www.psoriasisforbundet.se\/nordvastra-skane\/wp-json\/wp\/v2\/pages\/18","targetHints":{"allow":["GET"]}}],"collection":[{"href":"https:\/\/www.psoriasisforbundet.se\/nordvastra-skane\/wp-json\/wp\/v2\/pages"}],"about":[{"href":"https:\/\/www.psoriasisforbundet.se\/nordvastra-skane\/wp-json\/wp\/v2\/types\/page"}],"author":[{"embeddable":true,"href":"https:\/\/www.psoriasisforbundet.se\/nordvastra-skane\/wp-json\/wp\/v2\/users\/3"}],"replies":[{"embeddable":true,"href":"https:\/\/www.psoriasisforbundet.se\/nordvastra-skane\/wp-json\/wp\/v2\/comments?post=18"}],"version-history":[{"count":34,"href":"https:\/\/www.psoriasisforbundet.se\/nordvastra-skane\/wp-json\/wp\/v2\/pages\/18\/revisions"}],"predecessor-version":[{"id":577,"href":"https:\/\/www.psoriasisforbundet.se\/nordvastra-skane\/wp-json\/wp\/v2\/pages\/18\/revisions\/577"}],"wp:attachment":[{"href":"https:\/\/www.psoriasisforbundet.se\/nordvastra-skane\/wp-json\/wp\/v2\/media?parent=18"}],"curies":[{"name":"wp","href":"https:\/\/api.w.org\/{rel}","templated":true}]}}