{"id":430,"date":"2024-06-11T15:14:02","date_gmt":"2024-06-11T13:14:02","guid":{"rendered":"https:\/\/www.psoriasisforbundet.se\/nordvastra-skane\/?page_id=430"},"modified":"2024-06-11T15:46:52","modified_gmt":"2024-06-11T13:46:52","slug":"policy","status":"publish","type":"page","link":"https:\/\/www.psoriasisforbundet.se\/nordvastra-skane\/policy\/","title":{"rendered":"Policy aktiviteter"},"content":{"rendered":"","protected":false},"excerpt":{"rendered":"","protected":false},"author":45,"featured_media":0,"parent":0,"menu_order":0,"comment_status":"closed","ping_status":"closed","template":"","meta":{"_acf_changed":false,"_monsterinsights_skip_tracking":false,"_monsterinsights_sitenote_active":false,"_monsterinsights_sitenote_note":"","_monsterinsights_sitenote_category":0,"footnotes":""},"class_list":["post-430","page","type-page","status-publish","hentry"],"acf":[],"yoast_head":"<!-- This site is optimized with the Yoast SEO plugin v27.3 - https:\/\/yoast.com\/product\/yoast-seo-wordpress\/ -->\n<title>Policy aktiviteter - Nordv\u00e4stra Sk\u00e5ne<\/title>\n<meta name=\"description\" content=\"Policy\" \/>\n<meta name=\"robots\" content=\"index, follow, max-snippet:-1, max-image-preview:large, max-video-preview:-1\" \/>\n<link rel=\"canonical\" href=\"https:\/\/www.psoriasisforbundet.se\/nordvastra-skane\/policy\/\" \/>\n<meta property=\"og:locale\" content=\"sv_SE\" \/>\n<meta property=\"og:type\" content=\"article\" \/>\n<meta property=\"og:title\" content=\"Policy aktiviteter - Nordv\u00e4stra Sk\u00e5ne\" \/>\n<meta property=\"og:url\" content=\"https:\/\/www.psoriasisforbundet.se\/nordvastra-skane\/policy\/\" \/>\n<meta property=\"og:site_name\" content=\"Nordv\u00e4stra Sk\u00e5ne\" \/>\n<meta property=\"article:modified_time\" content=\"2024-06-11T13:46:52+00:00\" \/>\n<meta name=\"twitter:card\" content=\"summary_large_image\" \/>\n<meta name=\"twitter:label1\" content=\"Ber\u00e4knad l\u00e4stid\" \/>\n\t<meta name=\"twitter:data1\" content=\"2 minuter\" \/>\n<script type=\"application\/ld+json\" class=\"yoast-schema-graph\">{\"@context\":\"https:\\\/\\\/schema.org\",\"@graph\":[{\"@type\":\"WebPage\",\"@id\":\"https:\\\/\\\/www.psoriasisforbundet.se\\\/nordvastra-skane\\\/policy\\\/\",\"url\":\"https:\\\/\\\/www.psoriasisforbundet.se\\\/nordvastra-skane\\\/policy\\\/\",\"name\":\"Policy aktiviteter - Nordv\u00e4stra Sk\u00e5ne\",\"isPartOf\":{\"@id\":\"https:\\\/\\\/www.psoriasisforbundet.se\\\/nordvastra-skane\\\/#website\"},\"datePublished\":\"2024-06-11T13:14:02+00:00\",\"dateModified\":\"2024-06-11T13:46:52+00:00\",\"breadcrumb\":{\"@id\":\"https:\\\/\\\/www.psoriasisforbundet.se\\\/nordvastra-skane\\\/policy\\\/#breadcrumb\"},\"inLanguage\":\"sv-SE\",\"potentialAction\":[{\"@type\":\"ReadAction\",\"target\":[\"https:\\\/\\\/www.psoriasisforbundet.se\\\/nordvastra-skane\\\/policy\\\/\"]}]},{\"@type\":\"BreadcrumbList\",\"@id\":\"https:\\\/\\\/www.psoriasisforbundet.se\\\/nordvastra-skane\\\/policy\\\/#breadcrumb\",\"itemListElement\":[{\"@type\":\"ListItem\",\"position\":1,\"name\":\"Startsida\",\"item\":\"https:\\\/\\\/www.psoriasisforbundet.se\\\/nordvastra-skane\\\/\"},{\"@type\":\"ListItem\",\"position\":2,\"name\":\"Policy aktiviteter\"}]},{\"@type\":\"WebSite\",\"@id\":\"https:\\\/\\\/www.psoriasisforbundet.se\\\/nordvastra-skane\\\/#website\",\"url\":\"https:\\\/\\\/www.psoriasisforbundet.se\\\/nordvastra-skane\\\/\",\"name\":\"Nordv\u00e4stra Sk\u00e5ne\",\"description\":\"En till Psorias Sites webbplats\",\"potentialAction\":[{\"@type\":\"SearchAction\",\"target\":{\"@type\":\"EntryPoint\",\"urlTemplate\":\"https:\\\/\\\/www.psoriasisforbundet.se\\\/nordvastra-skane\\\/?s={search_term_string}\"},\"query-input\":{\"@type\":\"PropertyValueSpecification\",\"valueRequired\":true,\"valueName\":\"search_term_string\"}}],\"inLanguage\":\"sv-SE\"}]}<\/script>\n<!-- \/ Yoast SEO plugin. -->","yoast_head_json":{"title":"Policy aktiviteter - Nordv\u00e4stra Sk\u00e5ne","description":"Policy","robots":{"index":"index","follow":"follow","max-snippet":"max-snippet:-1","max-image-preview":"max-image-preview:large","max-video-preview":"max-video-preview:-1"},"canonical":"https:\/\/www.psoriasisforbundet.se\/nordvastra-skane\/policy\/","og_locale":"sv_SE","og_type":"article","og_title":"Policy aktiviteter - Nordv\u00e4stra Sk\u00e5ne","og_url":"https:\/\/www.psoriasisforbundet.se\/nordvastra-skane\/policy\/","og_site_name":"Nordv\u00e4stra Sk\u00e5ne","article_modified_time":"2024-06-11T13:46:52+00:00","twitter_card":"summary_large_image","twitter_misc":{"Ber\u00e4knad l\u00e4stid":"2 minuter"},"schema":{"@context":"https:\/\/schema.org","@graph":[{"@type":"WebPage","@id":"https:\/\/www.psoriasisforbundet.se\/nordvastra-skane\/policy\/","url":"https:\/\/www.psoriasisforbundet.se\/nordvastra-skane\/policy\/","name":"Policy aktiviteter - Nordv\u00e4stra Sk\u00e5ne","isPartOf":{"@id":"https:\/\/www.psoriasisforbundet.se\/nordvastra-skane\/#website"},"datePublished":"2024-06-11T13:14:02+00:00","dateModified":"2024-06-11T13:46:52+00:00","breadcrumb":{"@id":"https:\/\/www.psoriasisforbundet.se\/nordvastra-skane\/policy\/#breadcrumb"},"inLanguage":"sv-SE","potentialAction":[{"@type":"ReadAction","target":["https:\/\/www.psoriasisforbundet.se\/nordvastra-skane\/policy\/"]}]},{"@type":"BreadcrumbList","@id":"https:\/\/www.psoriasisforbundet.se\/nordvastra-skane\/policy\/#breadcrumb","itemListElement":[{"@type":"ListItem","position":1,"name":"Startsida","item":"https:\/\/www.psoriasisforbundet.se\/nordvastra-skane\/"},{"@type":"ListItem","position":2,"name":"Policy aktiviteter"}]},{"@type":"WebSite","@id":"https:\/\/www.psoriasisforbundet.se\/nordvastra-skane\/#website","url":"https:\/\/www.psoriasisforbundet.se\/nordvastra-skane\/","name":"Nordv\u00e4stra Sk\u00e5ne","description":"En till Psorias Sites webbplats","potentialAction":[{"@type":"SearchAction","target":{"@type":"EntryPoint","urlTemplate":"https:\/\/www.psoriasisforbundet.se\/nordvastra-skane\/?s={search_term_string}"},"query-input":{"@type":"PropertyValueSpecification","valueRequired":true,"valueName":"search_term_string"}}],"inLanguage":"sv-SE"}]}},"_links":{"self":[{"href":"https:\/\/www.psoriasisforbundet.se\/nordvastra-skane\/wp-json\/wp\/v2\/pages\/430","targetHints":{"allow":["GET"]}}],"collection":[{"href":"https:\/\/www.psoriasisforbundet.se\/nordvastra-skane\/wp-json\/wp\/v2\/pages"}],"about":[{"href":"https:\/\/www.psoriasisforbundet.se\/nordvastra-skane\/wp-json\/wp\/v2\/types\/page"}],"author":[{"embeddable":true,"href":"https:\/\/www.psoriasisforbundet.se\/nordvastra-skane\/wp-json\/wp\/v2\/users\/45"}],"replies":[{"embeddable":true,"href":"https:\/\/www.psoriasisforbundet.se\/nordvastra-skane\/wp-json\/wp\/v2\/comments?post=430"}],"version-history":[{"count":8,"href":"https:\/\/www.psoriasisforbundet.se\/nordvastra-skane\/wp-json\/wp\/v2\/pages\/430\/revisions"}],"predecessor-version":[{"id":446,"href":"https:\/\/www.psoriasisforbundet.se\/nordvastra-skane\/wp-json\/wp\/v2\/pages\/430\/revisions\/446"}],"wp:attachment":[{"href":"https:\/\/www.psoriasisforbundet.se\/nordvastra-skane\/wp-json\/wp\/v2\/media?parent=430"}],"curies":[{"name":"wp","href":"https:\/\/api.w.org\/{rel}","templated":true}]}}