{"id":33,"date":"2018-04-18T13:48:09","date_gmt":"2018-04-18T11:48:09","guid":{"rendered":"https:\/\/www.psoriasisforbundet.se\/norrkoping\/?page_id=33"},"modified":"2026-01-08T14:03:04","modified_gmt":"2026-01-08T13:03:04","slug":"solning","status":"publish","type":"page","link":"https:\/\/www.psoriasisforbundet.se\/norrkoping\/solning\/","title":{"rendered":"Solning"},"content":{"rendered":"","protected":false},"excerpt":{"rendered":"","protected":false},"author":61,"featured_media":0,"parent":0,"menu_order":0,"comment_status":"closed","ping_status":"closed","template":"","meta":{"_acf_changed":false,"_monsterinsights_skip_tracking":false,"_monsterinsights_sitenote_active":false,"_monsterinsights_sitenote_note":"","_monsterinsights_sitenote_category":0,"footnotes":""},"class_list":["post-33","page","type-page","status-publish","hentry"],"acf":[],"yoast_head":"<!-- This site is optimized with the Yoast SEO plugin v27.3 - https:\/\/yoast.com\/product\/yoast-seo-wordpress\/ -->\n<title>Solning - Norrk\u00f6ping<\/title>\n<meta name=\"robots\" content=\"index, follow, max-snippet:-1, max-image-preview:large, max-video-preview:-1\" \/>\n<link rel=\"canonical\" href=\"https:\/\/www.psoriasisforbundet.se\/norrkoping\/solning\/\" \/>\n<meta property=\"og:locale\" content=\"sv_SE\" \/>\n<meta property=\"og:type\" content=\"article\" \/>\n<meta property=\"og:title\" content=\"Solning - Norrk\u00f6ping\" \/>\n<meta property=\"og:url\" content=\"https:\/\/www.psoriasisforbundet.se\/norrkoping\/solning\/\" \/>\n<meta property=\"og:site_name\" content=\"Norrk\u00f6ping\" \/>\n<meta property=\"article:modified_time\" content=\"2026-01-08T13:03:04+00:00\" \/>\n<meta name=\"twitter:card\" content=\"summary_large_image\" \/>\n<meta name=\"twitter:label1\" content=\"Ber\u00e4knad l\u00e4stid\" \/>\n\t<meta name=\"twitter:data1\" content=\"1 minut\" \/>\n<script type=\"application\/ld+json\" class=\"yoast-schema-graph\">{\"@context\":\"https:\\\/\\\/schema.org\",\"@graph\":[{\"@type\":\"WebPage\",\"@id\":\"https:\\\/\\\/www.psoriasisforbundet.se\\\/norrkoping\\\/solning\\\/\",\"url\":\"https:\\\/\\\/www.psoriasisforbundet.se\\\/norrkoping\\\/solning\\\/\",\"name\":\"Solning - Norrk\u00f6ping\",\"isPartOf\":{\"@id\":\"https:\\\/\\\/www.psoriasisforbundet.se\\\/norrkoping\\\/#website\"},\"datePublished\":\"2018-04-18T11:48:09+00:00\",\"dateModified\":\"2026-01-08T13:03:04+00:00\",\"breadcrumb\":{\"@id\":\"https:\\\/\\\/www.psoriasisforbundet.se\\\/norrkoping\\\/solning\\\/#breadcrumb\"},\"inLanguage\":\"sv-SE\",\"potentialAction\":[{\"@type\":\"ReadAction\",\"target\":[\"https:\\\/\\\/www.psoriasisforbundet.se\\\/norrkoping\\\/solning\\\/\"]}]},{\"@type\":\"BreadcrumbList\",\"@id\":\"https:\\\/\\\/www.psoriasisforbundet.se\\\/norrkoping\\\/solning\\\/#breadcrumb\",\"itemListElement\":[{\"@type\":\"ListItem\",\"position\":1,\"name\":\"startsida\",\"item\":\"https:\\\/\\\/www.psoriasisforbundet.se\\\/norrkoping\\\/\"},{\"@type\":\"ListItem\",\"position\":2,\"name\":\"Solning\"}]},{\"@type\":\"WebSite\",\"@id\":\"https:\\\/\\\/www.psoriasisforbundet.se\\\/norrkoping\\\/#website\",\"url\":\"https:\\\/\\\/www.psoriasisforbundet.se\\\/norrkoping\\\/\",\"name\":\"Norrk\u00f6ping\",\"description\":\"En till Psoriasis Sites webbplats\",\"potentialAction\":[{\"@type\":\"SearchAction\",\"target\":{\"@type\":\"EntryPoint\",\"urlTemplate\":\"https:\\\/\\\/www.psoriasisforbundet.se\\\/norrkoping\\\/?s={search_term_string}\"},\"query-input\":{\"@type\":\"PropertyValueSpecification\",\"valueRequired\":true,\"valueName\":\"search_term_string\"}}],\"inLanguage\":\"sv-SE\"}]}<\/script>\n<!-- \/ Yoast SEO plugin. -->","yoast_head_json":{"title":"Solning - Norrk\u00f6ping","robots":{"index":"index","follow":"follow","max-snippet":"max-snippet:-1","max-image-preview":"max-image-preview:large","max-video-preview":"max-video-preview:-1"},"canonical":"https:\/\/www.psoriasisforbundet.se\/norrkoping\/solning\/","og_locale":"sv_SE","og_type":"article","og_title":"Solning - Norrk\u00f6ping","og_url":"https:\/\/www.psoriasisforbundet.se\/norrkoping\/solning\/","og_site_name":"Norrk\u00f6ping","article_modified_time":"2026-01-08T13:03:04+00:00","twitter_card":"summary_large_image","twitter_misc":{"Ber\u00e4knad l\u00e4stid":"1 minut"},"schema":{"@context":"https:\/\/schema.org","@graph":[{"@type":"WebPage","@id":"https:\/\/www.psoriasisforbundet.se\/norrkoping\/solning\/","url":"https:\/\/www.psoriasisforbundet.se\/norrkoping\/solning\/","name":"Solning - Norrk\u00f6ping","isPartOf":{"@id":"https:\/\/www.psoriasisforbundet.se\/norrkoping\/#website"},"datePublished":"2018-04-18T11:48:09+00:00","dateModified":"2026-01-08T13:03:04+00:00","breadcrumb":{"@id":"https:\/\/www.psoriasisforbundet.se\/norrkoping\/solning\/#breadcrumb"},"inLanguage":"sv-SE","potentialAction":[{"@type":"ReadAction","target":["https:\/\/www.psoriasisforbundet.se\/norrkoping\/solning\/"]}]},{"@type":"BreadcrumbList","@id":"https:\/\/www.psoriasisforbundet.se\/norrkoping\/solning\/#breadcrumb","itemListElement":[{"@type":"ListItem","position":1,"name":"startsida","item":"https:\/\/www.psoriasisforbundet.se\/norrkoping\/"},{"@type":"ListItem","position":2,"name":"Solning"}]},{"@type":"WebSite","@id":"https:\/\/www.psoriasisforbundet.se\/norrkoping\/#website","url":"https:\/\/www.psoriasisforbundet.se\/norrkoping\/","name":"Norrk\u00f6ping","description":"En till Psoriasis Sites webbplats","potentialAction":[{"@type":"SearchAction","target":{"@type":"EntryPoint","urlTemplate":"https:\/\/www.psoriasisforbundet.se\/norrkoping\/?s={search_term_string}"},"query-input":{"@type":"PropertyValueSpecification","valueRequired":true,"valueName":"search_term_string"}}],"inLanguage":"sv-SE"}]}},"_links":{"self":[{"href":"https:\/\/www.psoriasisforbundet.se\/norrkoping\/wp-json\/wp\/v2\/pages\/33","targetHints":{"allow":["GET"]}}],"collection":[{"href":"https:\/\/www.psoriasisforbundet.se\/norrkoping\/wp-json\/wp\/v2\/pages"}],"about":[{"href":"https:\/\/www.psoriasisforbundet.se\/norrkoping\/wp-json\/wp\/v2\/types\/page"}],"author":[{"embeddable":true,"href":"https:\/\/www.psoriasisforbundet.se\/norrkoping\/wp-json\/wp\/v2\/users\/61"}],"replies":[{"embeddable":true,"href":"https:\/\/www.psoriasisforbundet.se\/norrkoping\/wp-json\/wp\/v2\/comments?post=33"}],"version-history":[{"count":27,"href":"https:\/\/www.psoriasisforbundet.se\/norrkoping\/wp-json\/wp\/v2\/pages\/33\/revisions"}],"predecessor-version":[{"id":85,"href":"https:\/\/www.psoriasisforbundet.se\/norrkoping\/wp-json\/wp\/v2\/pages\/33\/revisions\/85"}],"wp:attachment":[{"href":"https:\/\/www.psoriasisforbundet.se\/norrkoping\/wp-json\/wp\/v2\/media?parent=33"}],"curies":[{"name":"wp","href":"https:\/\/api.w.org\/{rel}","templated":true}]}}