{"id":49,"date":"2018-10-05T12:19:19","date_gmt":"2018-10-05T10:19:19","guid":{"rendered":"https:\/\/www.psoriasisforbundet.se\/norrkoping\/?page_id=49"},"modified":"2025-03-24T09:00:06","modified_gmt":"2025-03-24T08:00:06","slug":"meddelanden","status":"publish","type":"page","link":"https:\/\/www.psoriasisforbundet.se\/norrkoping\/meddelanden\/","title":{"rendered":"Meddelanden"},"content":{"rendered":"","protected":false},"excerpt":{"rendered":"","protected":false},"author":61,"featured_media":0,"parent":0,"menu_order":0,"comment_status":"closed","ping_status":"closed","template":"","meta":{"_acf_changed":false,"_monsterinsights_skip_tracking":false,"_monsterinsights_sitenote_active":false,"_monsterinsights_sitenote_note":"","_monsterinsights_sitenote_category":0,"footnotes":""},"class_list":["post-49","page","type-page","status-publish","hentry"],"acf":[],"yoast_head":"<!-- This site is optimized with the Yoast SEO plugin v27.3 - https:\/\/yoast.com\/product\/yoast-seo-wordpress\/ -->\n<title>Meddelanden - Norrk\u00f6ping<\/title>\n<meta name=\"robots\" content=\"index, follow, max-snippet:-1, max-image-preview:large, max-video-preview:-1\" \/>\n<link rel=\"canonical\" href=\"https:\/\/www.psoriasisforbundet.se\/norrkoping\/meddelanden\/\" \/>\n<meta property=\"og:locale\" content=\"sv_SE\" \/>\n<meta property=\"og:type\" content=\"article\" \/>\n<meta property=\"og:title\" content=\"Meddelanden - Norrk\u00f6ping\" \/>\n<meta property=\"og:url\" content=\"https:\/\/www.psoriasisforbundet.se\/norrkoping\/meddelanden\/\" \/>\n<meta property=\"og:site_name\" content=\"Norrk\u00f6ping\" \/>\n<meta property=\"article:modified_time\" content=\"2025-03-24T08:00:06+00:00\" \/>\n<meta name=\"twitter:card\" content=\"summary_large_image\" \/>\n<meta name=\"twitter:label1\" content=\"Ber\u00e4knad l\u00e4stid\" \/>\n\t<meta name=\"twitter:data1\" content=\"1 minut\" \/>\n<script type=\"application\/ld+json\" class=\"yoast-schema-graph\">{\"@context\":\"https:\\\/\\\/schema.org\",\"@graph\":[{\"@type\":\"WebPage\",\"@id\":\"https:\\\/\\\/www.psoriasisforbundet.se\\\/norrkoping\\\/meddelanden\\\/\",\"url\":\"https:\\\/\\\/www.psoriasisforbundet.se\\\/norrkoping\\\/meddelanden\\\/\",\"name\":\"Meddelanden - Norrk\u00f6ping\",\"isPartOf\":{\"@id\":\"https:\\\/\\\/www.psoriasisforbundet.se\\\/norrkoping\\\/#website\"},\"datePublished\":\"2018-10-05T10:19:19+00:00\",\"dateModified\":\"2025-03-24T08:00:06+00:00\",\"breadcrumb\":{\"@id\":\"https:\\\/\\\/www.psoriasisforbundet.se\\\/norrkoping\\\/meddelanden\\\/#breadcrumb\"},\"inLanguage\":\"sv-SE\",\"potentialAction\":[{\"@type\":\"ReadAction\",\"target\":[\"https:\\\/\\\/www.psoriasisforbundet.se\\\/norrkoping\\\/meddelanden\\\/\"]}]},{\"@type\":\"BreadcrumbList\",\"@id\":\"https:\\\/\\\/www.psoriasisforbundet.se\\\/norrkoping\\\/meddelanden\\\/#breadcrumb\",\"itemListElement\":[{\"@type\":\"ListItem\",\"position\":1,\"name\":\"startsida\",\"item\":\"https:\\\/\\\/www.psoriasisforbundet.se\\\/norrkoping\\\/\"},{\"@type\":\"ListItem\",\"position\":2,\"name\":\"Meddelanden\"}]},{\"@type\":\"WebSite\",\"@id\":\"https:\\\/\\\/www.psoriasisforbundet.se\\\/norrkoping\\\/#website\",\"url\":\"https:\\\/\\\/www.psoriasisforbundet.se\\\/norrkoping\\\/\",\"name\":\"Norrk\u00f6ping\",\"description\":\"En till Psoriasis Sites webbplats\",\"potentialAction\":[{\"@type\":\"SearchAction\",\"target\":{\"@type\":\"EntryPoint\",\"urlTemplate\":\"https:\\\/\\\/www.psoriasisforbundet.se\\\/norrkoping\\\/?s={search_term_string}\"},\"query-input\":{\"@type\":\"PropertyValueSpecification\",\"valueRequired\":true,\"valueName\":\"search_term_string\"}}],\"inLanguage\":\"sv-SE\"}]}<\/script>\n<!-- \/ Yoast SEO plugin. -->","yoast_head_json":{"title":"Meddelanden - Norrk\u00f6ping","robots":{"index":"index","follow":"follow","max-snippet":"max-snippet:-1","max-image-preview":"max-image-preview:large","max-video-preview":"max-video-preview:-1"},"canonical":"https:\/\/www.psoriasisforbundet.se\/norrkoping\/meddelanden\/","og_locale":"sv_SE","og_type":"article","og_title":"Meddelanden - Norrk\u00f6ping","og_url":"https:\/\/www.psoriasisforbundet.se\/norrkoping\/meddelanden\/","og_site_name":"Norrk\u00f6ping","article_modified_time":"2025-03-24T08:00:06+00:00","twitter_card":"summary_large_image","twitter_misc":{"Ber\u00e4knad l\u00e4stid":"1 minut"},"schema":{"@context":"https:\/\/schema.org","@graph":[{"@type":"WebPage","@id":"https:\/\/www.psoriasisforbundet.se\/norrkoping\/meddelanden\/","url":"https:\/\/www.psoriasisforbundet.se\/norrkoping\/meddelanden\/","name":"Meddelanden - Norrk\u00f6ping","isPartOf":{"@id":"https:\/\/www.psoriasisforbundet.se\/norrkoping\/#website"},"datePublished":"2018-10-05T10:19:19+00:00","dateModified":"2025-03-24T08:00:06+00:00","breadcrumb":{"@id":"https:\/\/www.psoriasisforbundet.se\/norrkoping\/meddelanden\/#breadcrumb"},"inLanguage":"sv-SE","potentialAction":[{"@type":"ReadAction","target":["https:\/\/www.psoriasisforbundet.se\/norrkoping\/meddelanden\/"]}]},{"@type":"BreadcrumbList","@id":"https:\/\/www.psoriasisforbundet.se\/norrkoping\/meddelanden\/#breadcrumb","itemListElement":[{"@type":"ListItem","position":1,"name":"startsida","item":"https:\/\/www.psoriasisforbundet.se\/norrkoping\/"},{"@type":"ListItem","position":2,"name":"Meddelanden"}]},{"@type":"WebSite","@id":"https:\/\/www.psoriasisforbundet.se\/norrkoping\/#website","url":"https:\/\/www.psoriasisforbundet.se\/norrkoping\/","name":"Norrk\u00f6ping","description":"En till Psoriasis Sites webbplats","potentialAction":[{"@type":"SearchAction","target":{"@type":"EntryPoint","urlTemplate":"https:\/\/www.psoriasisforbundet.se\/norrkoping\/?s={search_term_string}"},"query-input":{"@type":"PropertyValueSpecification","valueRequired":true,"valueName":"search_term_string"}}],"inLanguage":"sv-SE"}]}},"_links":{"self":[{"href":"https:\/\/www.psoriasisforbundet.se\/norrkoping\/wp-json\/wp\/v2\/pages\/49","targetHints":{"allow":["GET"]}}],"collection":[{"href":"https:\/\/www.psoriasisforbundet.se\/norrkoping\/wp-json\/wp\/v2\/pages"}],"about":[{"href":"https:\/\/www.psoriasisforbundet.se\/norrkoping\/wp-json\/wp\/v2\/types\/page"}],"author":[{"embeddable":true,"href":"https:\/\/www.psoriasisforbundet.se\/norrkoping\/wp-json\/wp\/v2\/users\/61"}],"replies":[{"embeddable":true,"href":"https:\/\/www.psoriasisforbundet.se\/norrkoping\/wp-json\/wp\/v2\/comments?post=49"}],"version-history":[{"count":6,"href":"https:\/\/www.psoriasisforbundet.se\/norrkoping\/wp-json\/wp\/v2\/pages\/49\/revisions"}],"predecessor-version":[{"id":83,"href":"https:\/\/www.psoriasisforbundet.se\/norrkoping\/wp-json\/wp\/v2\/pages\/49\/revisions\/83"}],"wp:attachment":[{"href":"https:\/\/www.psoriasisforbundet.se\/norrkoping\/wp-json\/wp\/v2\/media?parent=49"}],"curies":[{"name":"wp","href":"https:\/\/api.w.org\/{rel}","templated":true}]}}