{"id":49,"date":"2017-10-25T08:52:59","date_gmt":"2017-10-25T06:52:59","guid":{"rendered":"http:\/\/pso.kund.aloqdev.se\/orebro\/?page_id=49"},"modified":"2024-10-17T14:00:45","modified_gmt":"2024-10-17T12:00:45","slug":"om-lansavdelningen","status":"publish","type":"page","link":"https:\/\/www.psoriasisforbundet.se\/orebro\/om-lansavdelningen\/","title":{"rendered":"Om L\u00e4nsavdelningen"},"content":{"rendered":"","protected":false},"excerpt":{"rendered":"","protected":false},"author":3,"featured_media":0,"parent":0,"menu_order":0,"comment_status":"closed","ping_status":"closed","template":"","meta":{"_acf_changed":false,"_monsterinsights_skip_tracking":false,"_monsterinsights_sitenote_active":false,"_monsterinsights_sitenote_note":"","_monsterinsights_sitenote_category":0,"footnotes":""},"class_list":["post-49","page","type-page","status-publish","hentry"],"acf":[],"yoast_head":"<!-- This site is optimized with the Yoast SEO plugin v27.4 - https:\/\/yoast.com\/product\/yoast-seo-wordpress\/ -->\n<title>Om L\u00e4nsavdelningen - \u00d6rebro l\u00e4n<\/title>\n<meta name=\"description\" content=\"V\u00e4lkommen till Psoriasisf\u00f6rbundet i \u00d6rebro l\u00e4n. Vi \u00e4r en av Psoriasisf\u00f6rbundets 21 l\u00e4nsavdelningar.\" \/>\n<meta name=\"robots\" content=\"index, follow, max-snippet:-1, max-image-preview:large, max-video-preview:-1\" \/>\n<link rel=\"canonical\" href=\"https:\/\/www.psoriasisforbundet.se\/orebro\/om-lansavdelningen\/\" \/>\n<meta property=\"og:locale\" content=\"sv_SE\" \/>\n<meta property=\"og:type\" content=\"article\" \/>\n<meta property=\"og:title\" content=\"Om L\u00e4nsavdelningen - \u00d6rebro l\u00e4n\" \/>\n<meta property=\"og:url\" content=\"https:\/\/www.psoriasisforbundet.se\/orebro\/om-lansavdelningen\/\" \/>\n<meta property=\"og:site_name\" content=\"\u00d6rebro l\u00e4n\" \/>\n<meta property=\"article:modified_time\" content=\"2024-10-17T12:00:45+00:00\" \/>\n<meta name=\"twitter:card\" content=\"summary_large_image\" \/>\n<meta name=\"twitter:label1\" content=\"Ber\u00e4knad l\u00e4stid\" \/>\n\t<meta name=\"twitter:data1\" content=\"1 minut\" \/>\n<script type=\"application\/ld+json\" class=\"yoast-schema-graph\">{\"@context\":\"https:\\\/\\\/schema.org\",\"@graph\":[{\"@type\":\"WebPage\",\"@id\":\"https:\\\/\\\/www.psoriasisforbundet.se\\\/orebro\\\/om-lansavdelningen\\\/\",\"url\":\"https:\\\/\\\/www.psoriasisforbundet.se\\\/orebro\\\/om-lansavdelningen\\\/\",\"name\":\"Om L\u00e4nsavdelningen - \u00d6rebro l\u00e4n\",\"isPartOf\":{\"@id\":\"https:\\\/\\\/www.psoriasisforbundet.se\\\/orebro\\\/#website\"},\"datePublished\":\"2017-10-25T06:52:59+00:00\",\"dateModified\":\"2024-10-17T12:00:45+00:00\",\"breadcrumb\":{\"@id\":\"https:\\\/\\\/www.psoriasisforbundet.se\\\/orebro\\\/om-lansavdelningen\\\/#breadcrumb\"},\"inLanguage\":\"sv-SE\",\"potentialAction\":[{\"@type\":\"ReadAction\",\"target\":[\"https:\\\/\\\/www.psoriasisforbundet.se\\\/orebro\\\/om-lansavdelningen\\\/\"]}]},{\"@type\":\"BreadcrumbList\",\"@id\":\"https:\\\/\\\/www.psoriasisforbundet.se\\\/orebro\\\/om-lansavdelningen\\\/#breadcrumb\",\"itemListElement\":[{\"@type\":\"ListItem\",\"position\":1,\"name\":\"Startsida\",\"item\":\"https:\\\/\\\/www.psoriasisforbundet.se\\\/orebro\\\/\"},{\"@type\":\"ListItem\",\"position\":2,\"name\":\"Om L\u00e4nsavdelningen\"}]},{\"@type\":\"WebSite\",\"@id\":\"https:\\\/\\\/www.psoriasisforbundet.se\\\/orebro\\\/#website\",\"url\":\"https:\\\/\\\/www.psoriasisforbundet.se\\\/orebro\\\/\",\"name\":\"\u00d6rebro l\u00e4n\",\"description\":\"En till Psorias Sites webbplats\",\"potentialAction\":[{\"@type\":\"SearchAction\",\"target\":{\"@type\":\"EntryPoint\",\"urlTemplate\":\"https:\\\/\\\/www.psoriasisforbundet.se\\\/orebro\\\/?s={search_term_string}\"},\"query-input\":{\"@type\":\"PropertyValueSpecification\",\"valueRequired\":true,\"valueName\":\"search_term_string\"}}],\"inLanguage\":\"sv-SE\"}]}<\/script>\n<!-- \/ Yoast SEO plugin. -->","yoast_head_json":{"title":"Om L\u00e4nsavdelningen - \u00d6rebro l\u00e4n","description":"V\u00e4lkommen till Psoriasisf\u00f6rbundet i \u00d6rebro l\u00e4n. Vi \u00e4r en av Psoriasisf\u00f6rbundets 21 l\u00e4nsavdelningar.","robots":{"index":"index","follow":"follow","max-snippet":"max-snippet:-1","max-image-preview":"max-image-preview:large","max-video-preview":"max-video-preview:-1"},"canonical":"https:\/\/www.psoriasisforbundet.se\/orebro\/om-lansavdelningen\/","og_locale":"sv_SE","og_type":"article","og_title":"Om L\u00e4nsavdelningen - \u00d6rebro l\u00e4n","og_url":"https:\/\/www.psoriasisforbundet.se\/orebro\/om-lansavdelningen\/","og_site_name":"\u00d6rebro l\u00e4n","article_modified_time":"2024-10-17T12:00:45+00:00","twitter_card":"summary_large_image","twitter_misc":{"Ber\u00e4knad l\u00e4stid":"1 minut"},"schema":{"@context":"https:\/\/schema.org","@graph":[{"@type":"WebPage","@id":"https:\/\/www.psoriasisforbundet.se\/orebro\/om-lansavdelningen\/","url":"https:\/\/www.psoriasisforbundet.se\/orebro\/om-lansavdelningen\/","name":"Om L\u00e4nsavdelningen - \u00d6rebro l\u00e4n","isPartOf":{"@id":"https:\/\/www.psoriasisforbundet.se\/orebro\/#website"},"datePublished":"2017-10-25T06:52:59+00:00","dateModified":"2024-10-17T12:00:45+00:00","breadcrumb":{"@id":"https:\/\/www.psoriasisforbundet.se\/orebro\/om-lansavdelningen\/#breadcrumb"},"inLanguage":"sv-SE","potentialAction":[{"@type":"ReadAction","target":["https:\/\/www.psoriasisforbundet.se\/orebro\/om-lansavdelningen\/"]}]},{"@type":"BreadcrumbList","@id":"https:\/\/www.psoriasisforbundet.se\/orebro\/om-lansavdelningen\/#breadcrumb","itemListElement":[{"@type":"ListItem","position":1,"name":"Startsida","item":"https:\/\/www.psoriasisforbundet.se\/orebro\/"},{"@type":"ListItem","position":2,"name":"Om L\u00e4nsavdelningen"}]},{"@type":"WebSite","@id":"https:\/\/www.psoriasisforbundet.se\/orebro\/#website","url":"https:\/\/www.psoriasisforbundet.se\/orebro\/","name":"\u00d6rebro l\u00e4n","description":"En till Psorias Sites webbplats","potentialAction":[{"@type":"SearchAction","target":{"@type":"EntryPoint","urlTemplate":"https:\/\/www.psoriasisforbundet.se\/orebro\/?s={search_term_string}"},"query-input":{"@type":"PropertyValueSpecification","valueRequired":true,"valueName":"search_term_string"}}],"inLanguage":"sv-SE"}]}},"_links":{"self":[{"href":"https:\/\/www.psoriasisforbundet.se\/orebro\/wp-json\/wp\/v2\/pages\/49","targetHints":{"allow":["GET"]}}],"collection":[{"href":"https:\/\/www.psoriasisforbundet.se\/orebro\/wp-json\/wp\/v2\/pages"}],"about":[{"href":"https:\/\/www.psoriasisforbundet.se\/orebro\/wp-json\/wp\/v2\/types\/page"}],"author":[{"embeddable":true,"href":"https:\/\/www.psoriasisforbundet.se\/orebro\/wp-json\/wp\/v2\/users\/3"}],"replies":[{"embeddable":true,"href":"https:\/\/www.psoriasisforbundet.se\/orebro\/wp-json\/wp\/v2\/comments?post=49"}],"version-history":[{"count":8,"href":"https:\/\/www.psoriasisforbundet.se\/orebro\/wp-json\/wp\/v2\/pages\/49\/revisions"}],"predecessor-version":[{"id":285,"href":"https:\/\/www.psoriasisforbundet.se\/orebro\/wp-json\/wp\/v2\/pages\/49\/revisions\/285"}],"wp:attachment":[{"href":"https:\/\/www.psoriasisforbundet.se\/orebro\/wp-json\/wp\/v2\/media?parent=49"}],"curies":[{"name":"wp","href":"https:\/\/api.w.org\/{rel}","templated":true}]}}