{"id":23,"date":"2019-03-11T16:36:33","date_gmt":"2019-03-11T15:36:33","guid":{"rendered":"https:\/\/www.psoriasisforbundet.se\/ostersund\/?page_id=23"},"modified":"2026-04-16T10:29:54","modified_gmt":"2026-04-16T08:29:54","slug":"ostersund","status":"publish","type":"page","link":"https:\/\/www.psoriasisforbundet.se\/ostersund\/","title":{"rendered":"\u00d6stersund"},"content":{"rendered":"","protected":false},"excerpt":{"rendered":"","protected":false},"author":8,"featured_media":0,"parent":0,"menu_order":0,"comment_status":"closed","ping_status":"closed","template":"","meta":{"_acf_changed":false,"_monsterinsights_skip_tracking":false,"_monsterinsights_sitenote_active":false,"_monsterinsights_sitenote_note":"","_monsterinsights_sitenote_category":0,"footnotes":""},"class_list":["post-23","page","type-page","status-publish","hentry"],"acf":[],"yoast_head":"<!-- This site is optimized with the Yoast SEO plugin v27.3 - https:\/\/yoast.com\/product\/yoast-seo-wordpress\/ -->\n<title>\u00d6stersund - \u00d6stersund<\/title>\n<meta name=\"description\" content=\"Gruppaktiviteter 2026\" \/>\n<meta name=\"robots\" content=\"index, follow, max-snippet:-1, max-image-preview:large, max-video-preview:-1\" \/>\n<link rel=\"canonical\" href=\"https:\/\/www.psoriasisforbundet.se\/ostersund\/\" \/>\n<meta property=\"og:locale\" content=\"sv_SE\" \/>\n<meta property=\"og:type\" content=\"article\" \/>\n<meta property=\"og:title\" content=\"\u00d6stersund - \u00d6stersund\" \/>\n<meta property=\"og:url\" content=\"https:\/\/www.psoriasisforbundet.se\/ostersund\/\" \/>\n<meta property=\"og:site_name\" content=\"\u00d6stersund\" \/>\n<meta property=\"article:modified_time\" content=\"2026-04-16T08:29:54+00:00\" \/>\n<meta name=\"twitter:card\" content=\"summary_large_image\" \/>\n<meta name=\"twitter:label1\" content=\"Ber\u00e4knad l\u00e4stid\" \/>\n\t<meta name=\"twitter:data1\" content=\"1 minut\" \/>\n<script type=\"application\/ld+json\" class=\"yoast-schema-graph\">{\"@context\":\"https:\\\/\\\/schema.org\",\"@graph\":[{\"@type\":\"WebPage\",\"@id\":\"https:\\\/\\\/www.psoriasisforbundet.se\\\/ostersund\\\/\",\"url\":\"https:\\\/\\\/www.psoriasisforbundet.se\\\/ostersund\\\/\",\"name\":\"\u00d6stersund - \u00d6stersund\",\"isPartOf\":{\"@id\":\"https:\\\/\\\/www.psoriasisforbundet.se\\\/ostersund\\\/#website\"},\"datePublished\":\"2019-03-11T15:36:33+00:00\",\"dateModified\":\"2026-04-16T08:29:54+00:00\",\"breadcrumb\":{\"@id\":\"https:\\\/\\\/www.psoriasisforbundet.se\\\/ostersund\\\/#breadcrumb\"},\"inLanguage\":\"sv-SE\",\"potentialAction\":[{\"@type\":\"ReadAction\",\"target\":[\"https:\\\/\\\/www.psoriasisforbundet.se\\\/ostersund\\\/\"]}]},{\"@type\":\"BreadcrumbList\",\"@id\":\"https:\\\/\\\/www.psoriasisforbundet.se\\\/ostersund\\\/#breadcrumb\",\"itemListElement\":[{\"@type\":\"ListItem\",\"position\":1,\"name\":\"\u00d6stersund\",\"item\":\"https:\\\/\\\/www.psoriasisforbundet.se\\\/ostersund\\\/\"},{\"@type\":\"ListItem\",\"position\":2,\"name\":\"\u00d6stersund\"}]},{\"@type\":\"WebSite\",\"@id\":\"https:\\\/\\\/www.psoriasisforbundet.se\\\/ostersund\\\/#website\",\"url\":\"https:\\\/\\\/www.psoriasisforbundet.se\\\/ostersund\\\/\",\"name\":\"\u00d6stersund\",\"description\":\"En till Psorias Sites webbplats\",\"potentialAction\":[{\"@type\":\"SearchAction\",\"target\":{\"@type\":\"EntryPoint\",\"urlTemplate\":\"https:\\\/\\\/www.psoriasisforbundet.se\\\/ostersund\\\/?s={search_term_string}\"},\"query-input\":{\"@type\":\"PropertyValueSpecification\",\"valueRequired\":true,\"valueName\":\"search_term_string\"}}],\"inLanguage\":\"sv-SE\"}]}<\/script>\n<!-- \/ Yoast SEO plugin. -->","yoast_head_json":{"title":"\u00d6stersund - \u00d6stersund","description":"Gruppaktiviteter 2026","robots":{"index":"index","follow":"follow","max-snippet":"max-snippet:-1","max-image-preview":"max-image-preview:large","max-video-preview":"max-video-preview:-1"},"canonical":"https:\/\/www.psoriasisforbundet.se\/ostersund\/","og_locale":"sv_SE","og_type":"article","og_title":"\u00d6stersund - \u00d6stersund","og_url":"https:\/\/www.psoriasisforbundet.se\/ostersund\/","og_site_name":"\u00d6stersund","article_modified_time":"2026-04-16T08:29:54+00:00","twitter_card":"summary_large_image","twitter_misc":{"Ber\u00e4knad l\u00e4stid":"1 minut"},"schema":{"@context":"https:\/\/schema.org","@graph":[{"@type":"WebPage","@id":"https:\/\/www.psoriasisforbundet.se\/ostersund\/","url":"https:\/\/www.psoriasisforbundet.se\/ostersund\/","name":"\u00d6stersund - \u00d6stersund","isPartOf":{"@id":"https:\/\/www.psoriasisforbundet.se\/ostersund\/#website"},"datePublished":"2019-03-11T15:36:33+00:00","dateModified":"2026-04-16T08:29:54+00:00","breadcrumb":{"@id":"https:\/\/www.psoriasisforbundet.se\/ostersund\/#breadcrumb"},"inLanguage":"sv-SE","potentialAction":[{"@type":"ReadAction","target":["https:\/\/www.psoriasisforbundet.se\/ostersund\/"]}]},{"@type":"BreadcrumbList","@id":"https:\/\/www.psoriasisforbundet.se\/ostersund\/#breadcrumb","itemListElement":[{"@type":"ListItem","position":1,"name":"\u00d6stersund","item":"https:\/\/www.psoriasisforbundet.se\/ostersund\/"},{"@type":"ListItem","position":2,"name":"\u00d6stersund"}]},{"@type":"WebSite","@id":"https:\/\/www.psoriasisforbundet.se\/ostersund\/#website","url":"https:\/\/www.psoriasisforbundet.se\/ostersund\/","name":"\u00d6stersund","description":"En till Psorias Sites webbplats","potentialAction":[{"@type":"SearchAction","target":{"@type":"EntryPoint","urlTemplate":"https:\/\/www.psoriasisforbundet.se\/ostersund\/?s={search_term_string}"},"query-input":{"@type":"PropertyValueSpecification","valueRequired":true,"valueName":"search_term_string"}}],"inLanguage":"sv-SE"}]}},"_links":{"self":[{"href":"https:\/\/www.psoriasisforbundet.se\/ostersund\/wp-json\/wp\/v2\/pages\/23","targetHints":{"allow":["GET"]}}],"collection":[{"href":"https:\/\/www.psoriasisforbundet.se\/ostersund\/wp-json\/wp\/v2\/pages"}],"about":[{"href":"https:\/\/www.psoriasisforbundet.se\/ostersund\/wp-json\/wp\/v2\/types\/page"}],"author":[{"embeddable":true,"href":"https:\/\/www.psoriasisforbundet.se\/ostersund\/wp-json\/wp\/v2\/users\/8"}],"replies":[{"embeddable":true,"href":"https:\/\/www.psoriasisforbundet.se\/ostersund\/wp-json\/wp\/v2\/comments?post=23"}],"version-history":[{"count":3,"href":"https:\/\/www.psoriasisforbundet.se\/ostersund\/wp-json\/wp\/v2\/pages\/23\/revisions"}],"predecessor-version":[{"id":41,"href":"https:\/\/www.psoriasisforbundet.se\/ostersund\/wp-json\/wp\/v2\/pages\/23\/revisions\/41"}],"wp:attachment":[{"href":"https:\/\/www.psoriasisforbundet.se\/ostersund\/wp-json\/wp\/v2\/media?parent=23"}],"curies":[{"name":"wp","href":"https:\/\/api.w.org\/{rel}","templated":true}]}}