{"id":266,"date":"2017-10-24T10:19:19","date_gmt":"2017-10-24T08:19:19","guid":{"rendered":"http:\/\/pso.kund.aloqdev.se\/skane\/?page_id=266"},"modified":"2026-03-10T14:39:34","modified_gmt":"2026-03-10T13:39:34","slug":"pso-skane-nytt-2","status":"publish","type":"page","link":"https:\/\/www.psoriasisforbundet.se\/skane\/pso-skane-nytt-2\/","title":{"rendered":"PSO Sk\u00e5ne Nytt"},"content":{"rendered":"","protected":false},"excerpt":{"rendered":"","protected":false},"author":3,"featured_media":0,"parent":0,"menu_order":0,"comment_status":"closed","ping_status":"closed","template":"","meta":{"_acf_changed":false,"_monsterinsights_skip_tracking":false,"_monsterinsights_sitenote_active":false,"_monsterinsights_sitenote_note":"","_monsterinsights_sitenote_category":0,"footnotes":""},"class_list":["post-266","page","type-page","status-publish","hentry"],"acf":[],"yoast_head":"<!-- This site is optimized with the Yoast SEO plugin v27.3 - https:\/\/yoast.com\/product\/yoast-seo-wordpress\/ -->\n<title>PSO Sk\u00e5ne Nytt - Sk\u00e5ne l\u00e4n<\/title>\n<meta name=\"description\" content=\"H\u00e4r kan du l\u00e4sa de senast utkomna numren av v\u00e5rt infoblad\/tidning Klicka p\u00e5 l\u00e4nken f\u00f6r att komma till \u00f6nskat nummer.\" \/>\n<meta name=\"robots\" content=\"index, follow, max-snippet:-1, max-image-preview:large, max-video-preview:-1\" \/>\n<link rel=\"canonical\" href=\"https:\/\/www.psoriasisforbundet.se\/skane\/pso-skane-nytt-2\/\" \/>\n<meta property=\"og:locale\" content=\"sv_SE\" \/>\n<meta property=\"og:type\" content=\"article\" \/>\n<meta property=\"og:title\" content=\"PSO Sk\u00e5ne Nytt - Sk\u00e5ne l\u00e4n\" \/>\n<meta property=\"og:url\" content=\"https:\/\/www.psoriasisforbundet.se\/skane\/pso-skane-nytt-2\/\" \/>\n<meta property=\"og:site_name\" content=\"Sk\u00e5ne l\u00e4n\" \/>\n<meta property=\"article:modified_time\" content=\"2026-03-10T13:39:34+00:00\" \/>\n<meta name=\"twitter:card\" content=\"summary_large_image\" \/>\n<meta name=\"twitter:label1\" content=\"Ber\u00e4knad l\u00e4stid\" \/>\n\t<meta name=\"twitter:data1\" content=\"1 minut\" \/>\n<script type=\"application\/ld+json\" class=\"yoast-schema-graph\">{\"@context\":\"https:\\\/\\\/schema.org\",\"@graph\":[{\"@type\":\"WebPage\",\"@id\":\"https:\\\/\\\/www.psoriasisforbundet.se\\\/skane\\\/pso-skane-nytt-2\\\/\",\"url\":\"https:\\\/\\\/www.psoriasisforbundet.se\\\/skane\\\/pso-skane-nytt-2\\\/\",\"name\":\"PSO Sk\u00e5ne Nytt - Sk\u00e5ne l\u00e4n\",\"isPartOf\":{\"@id\":\"https:\\\/\\\/www.psoriasisforbundet.se\\\/skane\\\/#website\"},\"datePublished\":\"2017-10-24T08:19:19+00:00\",\"dateModified\":\"2026-03-10T13:39:34+00:00\",\"breadcrumb\":{\"@id\":\"https:\\\/\\\/www.psoriasisforbundet.se\\\/skane\\\/pso-skane-nytt-2\\\/#breadcrumb\"},\"inLanguage\":\"sv-SE\",\"potentialAction\":[{\"@type\":\"ReadAction\",\"target\":[\"https:\\\/\\\/www.psoriasisforbundet.se\\\/skane\\\/pso-skane-nytt-2\\\/\"]}]},{\"@type\":\"BreadcrumbList\",\"@id\":\"https:\\\/\\\/www.psoriasisforbundet.se\\\/skane\\\/pso-skane-nytt-2\\\/#breadcrumb\",\"itemListElement\":[{\"@type\":\"ListItem\",\"position\":1,\"name\":\"Startsida\",\"item\":\"https:\\\/\\\/www.psoriasisforbundet.se\\\/skane\\\/\"},{\"@type\":\"ListItem\",\"position\":2,\"name\":\"PSO Sk\u00e5ne Nytt\"}]},{\"@type\":\"WebSite\",\"@id\":\"https:\\\/\\\/www.psoriasisforbundet.se\\\/skane\\\/#website\",\"url\":\"https:\\\/\\\/www.psoriasisforbundet.se\\\/skane\\\/\",\"name\":\"Sk\u00e5ne l\u00e4n\",\"description\":\"En till Psorias Sites webbplats\",\"potentialAction\":[{\"@type\":\"SearchAction\",\"target\":{\"@type\":\"EntryPoint\",\"urlTemplate\":\"https:\\\/\\\/www.psoriasisforbundet.se\\\/skane\\\/?s={search_term_string}\"},\"query-input\":{\"@type\":\"PropertyValueSpecification\",\"valueRequired\":true,\"valueName\":\"search_term_string\"}}],\"inLanguage\":\"sv-SE\"}]}<\/script>\n<!-- \/ Yoast SEO plugin. -->","yoast_head_json":{"title":"PSO Sk\u00e5ne Nytt - Sk\u00e5ne l\u00e4n","description":"H\u00e4r kan du l\u00e4sa de senast utkomna numren av v\u00e5rt infoblad\/tidning Klicka p\u00e5 l\u00e4nken f\u00f6r att komma till \u00f6nskat nummer.","robots":{"index":"index","follow":"follow","max-snippet":"max-snippet:-1","max-image-preview":"max-image-preview:large","max-video-preview":"max-video-preview:-1"},"canonical":"https:\/\/www.psoriasisforbundet.se\/skane\/pso-skane-nytt-2\/","og_locale":"sv_SE","og_type":"article","og_title":"PSO Sk\u00e5ne Nytt - Sk\u00e5ne l\u00e4n","og_url":"https:\/\/www.psoriasisforbundet.se\/skane\/pso-skane-nytt-2\/","og_site_name":"Sk\u00e5ne l\u00e4n","article_modified_time":"2026-03-10T13:39:34+00:00","twitter_card":"summary_large_image","twitter_misc":{"Ber\u00e4knad l\u00e4stid":"1 minut"},"schema":{"@context":"https:\/\/schema.org","@graph":[{"@type":"WebPage","@id":"https:\/\/www.psoriasisforbundet.se\/skane\/pso-skane-nytt-2\/","url":"https:\/\/www.psoriasisforbundet.se\/skane\/pso-skane-nytt-2\/","name":"PSO Sk\u00e5ne Nytt - Sk\u00e5ne l\u00e4n","isPartOf":{"@id":"https:\/\/www.psoriasisforbundet.se\/skane\/#website"},"datePublished":"2017-10-24T08:19:19+00:00","dateModified":"2026-03-10T13:39:34+00:00","breadcrumb":{"@id":"https:\/\/www.psoriasisforbundet.se\/skane\/pso-skane-nytt-2\/#breadcrumb"},"inLanguage":"sv-SE","potentialAction":[{"@type":"ReadAction","target":["https:\/\/www.psoriasisforbundet.se\/skane\/pso-skane-nytt-2\/"]}]},{"@type":"BreadcrumbList","@id":"https:\/\/www.psoriasisforbundet.se\/skane\/pso-skane-nytt-2\/#breadcrumb","itemListElement":[{"@type":"ListItem","position":1,"name":"Startsida","item":"https:\/\/www.psoriasisforbundet.se\/skane\/"},{"@type":"ListItem","position":2,"name":"PSO Sk\u00e5ne Nytt"}]},{"@type":"WebSite","@id":"https:\/\/www.psoriasisforbundet.se\/skane\/#website","url":"https:\/\/www.psoriasisforbundet.se\/skane\/","name":"Sk\u00e5ne l\u00e4n","description":"En till Psorias Sites webbplats","potentialAction":[{"@type":"SearchAction","target":{"@type":"EntryPoint","urlTemplate":"https:\/\/www.psoriasisforbundet.se\/skane\/?s={search_term_string}"},"query-input":{"@type":"PropertyValueSpecification","valueRequired":true,"valueName":"search_term_string"}}],"inLanguage":"sv-SE"}]}},"_links":{"self":[{"href":"https:\/\/www.psoriasisforbundet.se\/skane\/wp-json\/wp\/v2\/pages\/266","targetHints":{"allow":["GET"]}}],"collection":[{"href":"https:\/\/www.psoriasisforbundet.se\/skane\/wp-json\/wp\/v2\/pages"}],"about":[{"href":"https:\/\/www.psoriasisforbundet.se\/skane\/wp-json\/wp\/v2\/types\/page"}],"author":[{"embeddable":true,"href":"https:\/\/www.psoriasisforbundet.se\/skane\/wp-json\/wp\/v2\/users\/3"}],"replies":[{"embeddable":true,"href":"https:\/\/www.psoriasisforbundet.se\/skane\/wp-json\/wp\/v2\/comments?post=266"}],"version-history":[{"count":43,"href":"https:\/\/www.psoriasisforbundet.se\/skane\/wp-json\/wp\/v2\/pages\/266\/revisions"}],"predecessor-version":[{"id":1444,"href":"https:\/\/www.psoriasisforbundet.se\/skane\/wp-json\/wp\/v2\/pages\/266\/revisions\/1444"}],"wp:attachment":[{"href":"https:\/\/www.psoriasisforbundet.se\/skane\/wp-json\/wp\/v2\/media?parent=266"}],"curies":[{"name":"wp","href":"https:\/\/api.w.org\/{rel}","templated":true}]}}