{"id":701,"date":"2020-02-26T14:36:08","date_gmt":"2020-02-26T13:36:08","guid":{"rendered":"https:\/\/www.psoriasisforbundet.se\/skane\/?page_id=701"},"modified":"2026-03-09T16:54:12","modified_gmt":"2026-03-09T15:54:12","slug":"pa-gang-i-skane","status":"publish","type":"page","link":"https:\/\/www.psoriasisforbundet.se\/skane\/pa-gang-i-skane\/","title":{"rendered":"Det h\u00e4nder i Sk\u00e5ne"},"content":{"rendered":"","protected":false},"excerpt":{"rendered":"","protected":false},"author":45,"featured_media":0,"parent":0,"menu_order":0,"comment_status":"closed","ping_status":"closed","template":"","meta":{"_acf_changed":false,"_monsterinsights_skip_tracking":false,"_monsterinsights_sitenote_active":false,"_monsterinsights_sitenote_note":"","_monsterinsights_sitenote_category":0,"footnotes":""},"class_list":["post-701","page","type-page","status-publish","hentry"],"acf":[],"yoast_head":"<!-- This site is optimized with the Yoast SEO plugin v27.3 - https:\/\/yoast.com\/product\/yoast-seo-wordpress\/ -->\n<title>Det h\u00e4nder i Sk\u00e5ne - Sk\u00e5ne l\u00e4n<\/title>\n<meta name=\"description\" content=\"Nedan finner du information om aktuella aktiviteter i Sk\u00e5ne 2026\" \/>\n<meta name=\"robots\" content=\"index, follow, max-snippet:-1, max-image-preview:large, max-video-preview:-1\" \/>\n<link rel=\"canonical\" href=\"https:\/\/www.psoriasisforbundet.se\/skane\/pa-gang-i-skane\/\" \/>\n<meta property=\"og:locale\" content=\"sv_SE\" \/>\n<meta property=\"og:type\" content=\"article\" \/>\n<meta property=\"og:title\" content=\"Det h\u00e4nder i Sk\u00e5ne - Sk\u00e5ne l\u00e4n\" \/>\n<meta property=\"og:url\" content=\"https:\/\/www.psoriasisforbundet.se\/skane\/pa-gang-i-skane\/\" \/>\n<meta property=\"og:site_name\" content=\"Sk\u00e5ne l\u00e4n\" \/>\n<meta property=\"article:modified_time\" content=\"2026-03-09T15:54:12+00:00\" \/>\n<meta name=\"twitter:card\" content=\"summary_large_image\" \/>\n<meta name=\"twitter:label1\" content=\"Ber\u00e4knad l\u00e4stid\" \/>\n\t<meta name=\"twitter:data1\" content=\"2 minuter\" \/>\n<script type=\"application\/ld+json\" class=\"yoast-schema-graph\">{\"@context\":\"https:\\\/\\\/schema.org\",\"@graph\":[{\"@type\":\"WebPage\",\"@id\":\"https:\\\/\\\/www.psoriasisforbundet.se\\\/skane\\\/pa-gang-i-skane\\\/\",\"url\":\"https:\\\/\\\/www.psoriasisforbundet.se\\\/skane\\\/pa-gang-i-skane\\\/\",\"name\":\"Det h\u00e4nder i Sk\u00e5ne - Sk\u00e5ne l\u00e4n\",\"isPartOf\":{\"@id\":\"https:\\\/\\\/www.psoriasisforbundet.se\\\/skane\\\/#website\"},\"datePublished\":\"2020-02-26T13:36:08+00:00\",\"dateModified\":\"2026-03-09T15:54:12+00:00\",\"breadcrumb\":{\"@id\":\"https:\\\/\\\/www.psoriasisforbundet.se\\\/skane\\\/pa-gang-i-skane\\\/#breadcrumb\"},\"inLanguage\":\"sv-SE\",\"potentialAction\":[{\"@type\":\"ReadAction\",\"target\":[\"https:\\\/\\\/www.psoriasisforbundet.se\\\/skane\\\/pa-gang-i-skane\\\/\"]}]},{\"@type\":\"BreadcrumbList\",\"@id\":\"https:\\\/\\\/www.psoriasisforbundet.se\\\/skane\\\/pa-gang-i-skane\\\/#breadcrumb\",\"itemListElement\":[{\"@type\":\"ListItem\",\"position\":1,\"name\":\"Startsida\",\"item\":\"https:\\\/\\\/www.psoriasisforbundet.se\\\/skane\\\/\"},{\"@type\":\"ListItem\",\"position\":2,\"name\":\"Det h\u00e4nder i Sk\u00e5ne\"}]},{\"@type\":\"WebSite\",\"@id\":\"https:\\\/\\\/www.psoriasisforbundet.se\\\/skane\\\/#website\",\"url\":\"https:\\\/\\\/www.psoriasisforbundet.se\\\/skane\\\/\",\"name\":\"Sk\u00e5ne l\u00e4n\",\"description\":\"En till Psorias Sites webbplats\",\"potentialAction\":[{\"@type\":\"SearchAction\",\"target\":{\"@type\":\"EntryPoint\",\"urlTemplate\":\"https:\\\/\\\/www.psoriasisforbundet.se\\\/skane\\\/?s={search_term_string}\"},\"query-input\":{\"@type\":\"PropertyValueSpecification\",\"valueRequired\":true,\"valueName\":\"search_term_string\"}}],\"inLanguage\":\"sv-SE\"}]}<\/script>\n<!-- \/ Yoast SEO plugin. -->","yoast_head_json":{"title":"Det h\u00e4nder i Sk\u00e5ne - Sk\u00e5ne l\u00e4n","description":"Nedan finner du information om aktuella aktiviteter i Sk\u00e5ne 2026","robots":{"index":"index","follow":"follow","max-snippet":"max-snippet:-1","max-image-preview":"max-image-preview:large","max-video-preview":"max-video-preview:-1"},"canonical":"https:\/\/www.psoriasisforbundet.se\/skane\/pa-gang-i-skane\/","og_locale":"sv_SE","og_type":"article","og_title":"Det h\u00e4nder i Sk\u00e5ne - Sk\u00e5ne l\u00e4n","og_url":"https:\/\/www.psoriasisforbundet.se\/skane\/pa-gang-i-skane\/","og_site_name":"Sk\u00e5ne l\u00e4n","article_modified_time":"2026-03-09T15:54:12+00:00","twitter_card":"summary_large_image","twitter_misc":{"Ber\u00e4knad l\u00e4stid":"2 minuter"},"schema":{"@context":"https:\/\/schema.org","@graph":[{"@type":"WebPage","@id":"https:\/\/www.psoriasisforbundet.se\/skane\/pa-gang-i-skane\/","url":"https:\/\/www.psoriasisforbundet.se\/skane\/pa-gang-i-skane\/","name":"Det h\u00e4nder i Sk\u00e5ne - Sk\u00e5ne l\u00e4n","isPartOf":{"@id":"https:\/\/www.psoriasisforbundet.se\/skane\/#website"},"datePublished":"2020-02-26T13:36:08+00:00","dateModified":"2026-03-09T15:54:12+00:00","breadcrumb":{"@id":"https:\/\/www.psoriasisforbundet.se\/skane\/pa-gang-i-skane\/#breadcrumb"},"inLanguage":"sv-SE","potentialAction":[{"@type":"ReadAction","target":["https:\/\/www.psoriasisforbundet.se\/skane\/pa-gang-i-skane\/"]}]},{"@type":"BreadcrumbList","@id":"https:\/\/www.psoriasisforbundet.se\/skane\/pa-gang-i-skane\/#breadcrumb","itemListElement":[{"@type":"ListItem","position":1,"name":"Startsida","item":"https:\/\/www.psoriasisforbundet.se\/skane\/"},{"@type":"ListItem","position":2,"name":"Det h\u00e4nder i Sk\u00e5ne"}]},{"@type":"WebSite","@id":"https:\/\/www.psoriasisforbundet.se\/skane\/#website","url":"https:\/\/www.psoriasisforbundet.se\/skane\/","name":"Sk\u00e5ne l\u00e4n","description":"En till Psorias Sites webbplats","potentialAction":[{"@type":"SearchAction","target":{"@type":"EntryPoint","urlTemplate":"https:\/\/www.psoriasisforbundet.se\/skane\/?s={search_term_string}"},"query-input":{"@type":"PropertyValueSpecification","valueRequired":true,"valueName":"search_term_string"}}],"inLanguage":"sv-SE"}]}},"_links":{"self":[{"href":"https:\/\/www.psoriasisforbundet.se\/skane\/wp-json\/wp\/v2\/pages\/701","targetHints":{"allow":["GET"]}}],"collection":[{"href":"https:\/\/www.psoriasisforbundet.se\/skane\/wp-json\/wp\/v2\/pages"}],"about":[{"href":"https:\/\/www.psoriasisforbundet.se\/skane\/wp-json\/wp\/v2\/types\/page"}],"author":[{"embeddable":true,"href":"https:\/\/www.psoriasisforbundet.se\/skane\/wp-json\/wp\/v2\/users\/45"}],"replies":[{"embeddable":true,"href":"https:\/\/www.psoriasisforbundet.se\/skane\/wp-json\/wp\/v2\/comments?post=701"}],"version-history":[{"count":203,"href":"https:\/\/www.psoriasisforbundet.se\/skane\/wp-json\/wp\/v2\/pages\/701\/revisions"}],"predecessor-version":[{"id":1441,"href":"https:\/\/www.psoriasisforbundet.se\/skane\/wp-json\/wp\/v2\/pages\/701\/revisions\/1441"}],"wp:attachment":[{"href":"https:\/\/www.psoriasisforbundet.se\/skane\/wp-json\/wp\/v2\/media?parent=701"}],"curies":[{"name":"wp","href":"https:\/\/api.w.org\/{rel}","templated":true}]}}