{"id":1049,"date":"2024-02-21T00:11:03","date_gmt":"2024-02-20T23:11:03","guid":{"rendered":"https:\/\/www.psoriasisforbundet.se\/umea\/?page_id=1049"},"modified":"2024-02-21T00:11:03","modified_gmt":"2024-02-20T23:11:03","slug":"arsmotesdeltagare-bjods-pa-underhallning-och-semlor","status":"publish","type":"page","link":"https:\/\/www.psoriasisforbundet.se\/umea\/arsmotesdeltagare-bjods-pa-underhallning-och-semlor\/","title":{"rendered":"\u00c5rsm\u00f6tesdeltagare bj\u00f6ds p\u00e5 underh\u00e5llning och semlor"},"content":{"rendered":"","protected":false},"excerpt":{"rendered":"","protected":false},"author":32,"featured_media":0,"parent":0,"menu_order":0,"comment_status":"closed","ping_status":"closed","template":"","meta":{"_acf_changed":false,"_monsterinsights_skip_tracking":false,"_monsterinsights_sitenote_active":false,"_monsterinsights_sitenote_note":"","_monsterinsights_sitenote_category":0,"footnotes":""},"class_list":["post-1049","page","type-page","status-publish","hentry"],"acf":[],"yoast_head":"<!-- This site is optimized with the Yoast SEO plugin v27.3 - https:\/\/yoast.com\/product\/yoast-seo-wordpress\/ -->\n<title>\u00c5rsm\u00f6tesdeltagare bj\u00f6ds p\u00e5 underh\u00e5llning och semlor - Ume\u00e5<\/title>\n<meta name=\"description\" content=\"Ett st\u00e4mningsfyllt musikupptr\u00e4dande inledde Psoriasisf\u00f6rbundet Ume\u00e5 lokalavdelnings \u00e5rsm\u00f6te. Nicklas Tarvainen sj\u00f6ng b\u00e5de covers och egna l\u00e5tar f\u00f6r m\u00f6tesdeltagarna. En ny styrelse valdes och avslutningsvis bj\u00f6ds det p\u00e5 semlor.\" \/>\n<meta name=\"robots\" content=\"index, follow, max-snippet:-1, max-image-preview:large, max-video-preview:-1\" \/>\n<link rel=\"canonical\" href=\"https:\/\/www.psoriasisforbundet.se\/umea\/arsmotesdeltagare-bjods-pa-underhallning-och-semlor\/\" \/>\n<meta property=\"og:locale\" content=\"sv_SE\" \/>\n<meta property=\"og:type\" content=\"article\" \/>\n<meta property=\"og:title\" content=\"\u00c5rsm\u00f6tesdeltagare bj\u00f6ds p\u00e5 underh\u00e5llning och semlor - Ume\u00e5\" \/>\n<meta property=\"og:url\" content=\"https:\/\/www.psoriasisforbundet.se\/umea\/arsmotesdeltagare-bjods-pa-underhallning-och-semlor\/\" \/>\n<meta property=\"og:site_name\" content=\"Ume\u00e5\" \/>\n<meta property=\"article:publisher\" content=\"https:\/\/www.facebook.com\/Psoriasisf%c3%b6reningen-i-Ume%c3%a5-337278931695\/\" \/>\n<meta name=\"twitter:card\" content=\"summary_large_image\" \/>\n<meta name=\"twitter:label1\" content=\"Ber\u00e4knad l\u00e4stid\" \/>\n\t<meta name=\"twitter:data1\" content=\"2 minuter\" \/>\n<script type=\"application\/ld+json\" class=\"yoast-schema-graph\">{\"@context\":\"https:\\\/\\\/schema.org\",\"@graph\":[{\"@type\":\"WebPage\",\"@id\":\"https:\\\/\\\/www.psoriasisforbundet.se\\\/umea\\\/arsmotesdeltagare-bjods-pa-underhallning-och-semlor\\\/\",\"url\":\"https:\\\/\\\/www.psoriasisforbundet.se\\\/umea\\\/arsmotesdeltagare-bjods-pa-underhallning-och-semlor\\\/\",\"name\":\"\u00c5rsm\u00f6tesdeltagare bj\u00f6ds p\u00e5 underh\u00e5llning och semlor - Ume\u00e5\",\"isPartOf\":{\"@id\":\"https:\\\/\\\/www.psoriasisforbundet.se\\\/umea\\\/#website\"},\"datePublished\":\"2024-02-20T23:11:03+00:00\",\"breadcrumb\":{\"@id\":\"https:\\\/\\\/www.psoriasisforbundet.se\\\/umea\\\/arsmotesdeltagare-bjods-pa-underhallning-och-semlor\\\/#breadcrumb\"},\"inLanguage\":\"sv-SE\",\"potentialAction\":[{\"@type\":\"ReadAction\",\"target\":[\"https:\\\/\\\/www.psoriasisforbundet.se\\\/umea\\\/arsmotesdeltagare-bjods-pa-underhallning-och-semlor\\\/\"]}]},{\"@type\":\"BreadcrumbList\",\"@id\":\"https:\\\/\\\/www.psoriasisforbundet.se\\\/umea\\\/arsmotesdeltagare-bjods-pa-underhallning-och-semlor\\\/#breadcrumb\",\"itemListElement\":[{\"@type\":\"ListItem\",\"position\":1,\"name\":\"Psoriasisf\u00f6rbundet Ume\u00e5 Lokalavdelning\",\"item\":\"https:\\\/\\\/www.psoriasisforbundet.se\\\/umea\\\/\"},{\"@type\":\"ListItem\",\"position\":2,\"name\":\"\u00c5rsm\u00f6tesdeltagare bj\u00f6ds p\u00e5 underh\u00e5llning och semlor\"}]},{\"@type\":\"WebSite\",\"@id\":\"https:\\\/\\\/www.psoriasisforbundet.se\\\/umea\\\/#website\",\"url\":\"https:\\\/\\\/www.psoriasisforbundet.se\\\/umea\\\/\",\"name\":\"Ume\u00e5\",\"description\":\"En till Psorias Sites webbplats\",\"potentialAction\":[{\"@type\":\"SearchAction\",\"target\":{\"@type\":\"EntryPoint\",\"urlTemplate\":\"https:\\\/\\\/www.psoriasisforbundet.se\\\/umea\\\/?s={search_term_string}\"},\"query-input\":{\"@type\":\"PropertyValueSpecification\",\"valueRequired\":true,\"valueName\":\"search_term_string\"}}],\"inLanguage\":\"sv-SE\"}]}<\/script>\n<!-- \/ Yoast SEO plugin. -->","yoast_head_json":{"title":"\u00c5rsm\u00f6tesdeltagare bj\u00f6ds p\u00e5 underh\u00e5llning och semlor - Ume\u00e5","description":"Ett st\u00e4mningsfyllt musikupptr\u00e4dande inledde Psoriasisf\u00f6rbundet Ume\u00e5 lokalavdelnings \u00e5rsm\u00f6te. Nicklas Tarvainen sj\u00f6ng b\u00e5de covers och egna l\u00e5tar f\u00f6r m\u00f6tesdeltagarna. En ny styrelse valdes och avslutningsvis bj\u00f6ds det p\u00e5 semlor.","robots":{"index":"index","follow":"follow","max-snippet":"max-snippet:-1","max-image-preview":"max-image-preview:large","max-video-preview":"max-video-preview:-1"},"canonical":"https:\/\/www.psoriasisforbundet.se\/umea\/arsmotesdeltagare-bjods-pa-underhallning-och-semlor\/","og_locale":"sv_SE","og_type":"article","og_title":"\u00c5rsm\u00f6tesdeltagare bj\u00f6ds p\u00e5 underh\u00e5llning och semlor - Ume\u00e5","og_url":"https:\/\/www.psoriasisforbundet.se\/umea\/arsmotesdeltagare-bjods-pa-underhallning-och-semlor\/","og_site_name":"Ume\u00e5","article_publisher":"https:\/\/www.facebook.com\/Psoriasisf%c3%b6reningen-i-Ume%c3%a5-337278931695\/","twitter_card":"summary_large_image","twitter_misc":{"Ber\u00e4knad l\u00e4stid":"2 minuter"},"schema":{"@context":"https:\/\/schema.org","@graph":[{"@type":"WebPage","@id":"https:\/\/www.psoriasisforbundet.se\/umea\/arsmotesdeltagare-bjods-pa-underhallning-och-semlor\/","url":"https:\/\/www.psoriasisforbundet.se\/umea\/arsmotesdeltagare-bjods-pa-underhallning-och-semlor\/","name":"\u00c5rsm\u00f6tesdeltagare bj\u00f6ds p\u00e5 underh\u00e5llning och semlor - Ume\u00e5","isPartOf":{"@id":"https:\/\/www.psoriasisforbundet.se\/umea\/#website"},"datePublished":"2024-02-20T23:11:03+00:00","breadcrumb":{"@id":"https:\/\/www.psoriasisforbundet.se\/umea\/arsmotesdeltagare-bjods-pa-underhallning-och-semlor\/#breadcrumb"},"inLanguage":"sv-SE","potentialAction":[{"@type":"ReadAction","target":["https:\/\/www.psoriasisforbundet.se\/umea\/arsmotesdeltagare-bjods-pa-underhallning-och-semlor\/"]}]},{"@type":"BreadcrumbList","@id":"https:\/\/www.psoriasisforbundet.se\/umea\/arsmotesdeltagare-bjods-pa-underhallning-och-semlor\/#breadcrumb","itemListElement":[{"@type":"ListItem","position":1,"name":"Psoriasisf\u00f6rbundet Ume\u00e5 Lokalavdelning","item":"https:\/\/www.psoriasisforbundet.se\/umea\/"},{"@type":"ListItem","position":2,"name":"\u00c5rsm\u00f6tesdeltagare bj\u00f6ds p\u00e5 underh\u00e5llning och semlor"}]},{"@type":"WebSite","@id":"https:\/\/www.psoriasisforbundet.se\/umea\/#website","url":"https:\/\/www.psoriasisforbundet.se\/umea\/","name":"Ume\u00e5","description":"En till Psorias Sites webbplats","potentialAction":[{"@type":"SearchAction","target":{"@type":"EntryPoint","urlTemplate":"https:\/\/www.psoriasisforbundet.se\/umea\/?s={search_term_string}"},"query-input":{"@type":"PropertyValueSpecification","valueRequired":true,"valueName":"search_term_string"}}],"inLanguage":"sv-SE"}]}},"_links":{"self":[{"href":"https:\/\/www.psoriasisforbundet.se\/umea\/wp-json\/wp\/v2\/pages\/1049","targetHints":{"allow":["GET"]}}],"collection":[{"href":"https:\/\/www.psoriasisforbundet.se\/umea\/wp-json\/wp\/v2\/pages"}],"about":[{"href":"https:\/\/www.psoriasisforbundet.se\/umea\/wp-json\/wp\/v2\/types\/page"}],"author":[{"embeddable":true,"href":"https:\/\/www.psoriasisforbundet.se\/umea\/wp-json\/wp\/v2\/users\/32"}],"replies":[{"embeddable":true,"href":"https:\/\/www.psoriasisforbundet.se\/umea\/wp-json\/wp\/v2\/comments?post=1049"}],"version-history":[{"count":1,"href":"https:\/\/www.psoriasisforbundet.se\/umea\/wp-json\/wp\/v2\/pages\/1049\/revisions"}],"predecessor-version":[{"id":1051,"href":"https:\/\/www.psoriasisforbundet.se\/umea\/wp-json\/wp\/v2\/pages\/1049\/revisions\/1051"}],"wp:attachment":[{"href":"https:\/\/www.psoriasisforbundet.se\/umea\/wp-json\/wp\/v2\/media?parent=1049"}],"curies":[{"name":"wp","href":"https:\/\/api.w.org\/{rel}","templated":true}]}}