{"id":2110,"date":"2025-02-22T14:07:40","date_gmt":"2025-02-22T13:07:40","guid":{"rendered":"https:\/\/www.psoriasisforbundet.se\/umea\/?page_id=2110"},"modified":"2025-09-26T17:30:51","modified_gmt":"2025-09-26T15:30:51","slug":"2110-2","status":"publish","type":"page","link":"https:\/\/www.psoriasisforbundet.se\/umea\/2110-2\/","title":{"rendered":"\u00c5rsm\u00f6te 2025-02-17"},"content":{"rendered":"","protected":false},"excerpt":{"rendered":"","protected":false},"author":32,"featured_media":0,"parent":0,"menu_order":0,"comment_status":"closed","ping_status":"closed","template":"","meta":{"_acf_changed":false,"_monsterinsights_skip_tracking":false,"_monsterinsights_sitenote_active":false,"_monsterinsights_sitenote_note":"","_monsterinsights_sitenote_category":0,"footnotes":""},"class_list":["post-2110","page","type-page","status-publish","hentry"],"acf":[],"yoast_head":"<!-- This site is optimized with the Yoast SEO plugin v27.3 - https:\/\/yoast.com\/product\/yoast-seo-wordpress\/ -->\n<title>\u00c5rsm\u00f6te 2025-02-17 - Ume\u00e5<\/title>\n<meta name=\"description\" content=\"P\u00e5 Psoriasisf\u00f6rbundet Ume\u00e5 lokalavdelnings \u00e5rsm\u00f6te tog medlemmarna del av \u00e5rsm\u00f6teshandlingarna, och val f\u00f6rr\u00e4ttades. Trine Munkvold informerade om R\u00f6da korsets verksamhet, Stella. Tr\u00e4ffen avslutades med gemensamt fika.\" \/>\n<meta name=\"robots\" content=\"index, follow, max-snippet:-1, max-image-preview:large, max-video-preview:-1\" \/>\n<link rel=\"canonical\" href=\"https:\/\/www.psoriasisforbundet.se\/umea\/2110-2\/\" \/>\n<meta property=\"og:locale\" content=\"sv_SE\" \/>\n<meta property=\"og:type\" content=\"article\" \/>\n<meta property=\"og:title\" content=\"\u00c5rsm\u00f6te 2025-02-17 - Ume\u00e5\" \/>\n<meta property=\"og:url\" content=\"https:\/\/www.psoriasisforbundet.se\/umea\/2110-2\/\" \/>\n<meta property=\"og:site_name\" content=\"Ume\u00e5\" \/>\n<meta property=\"article:publisher\" content=\"https:\/\/www.facebook.com\/Psoriasisf%c3%b6reningen-i-Ume%c3%a5-337278931695\/\" \/>\n<meta property=\"article:modified_time\" content=\"2025-09-26T15:30:51+00:00\" \/>\n<meta name=\"twitter:card\" content=\"summary_large_image\" \/>\n<meta name=\"twitter:label1\" content=\"Ber\u00e4knad l\u00e4stid\" \/>\n\t<meta name=\"twitter:data1\" content=\"2 minuter\" \/>\n<script type=\"application\/ld+json\" class=\"yoast-schema-graph\">{\"@context\":\"https:\\\/\\\/schema.org\",\"@graph\":[{\"@type\":\"WebPage\",\"@id\":\"https:\\\/\\\/www.psoriasisforbundet.se\\\/umea\\\/2110-2\\\/\",\"url\":\"https:\\\/\\\/www.psoriasisforbundet.se\\\/umea\\\/2110-2\\\/\",\"name\":\"\u00c5rsm\u00f6te 2025-02-17 - Ume\u00e5\",\"isPartOf\":{\"@id\":\"https:\\\/\\\/www.psoriasisforbundet.se\\\/umea\\\/#website\"},\"datePublished\":\"2025-02-22T13:07:40+00:00\",\"dateModified\":\"2025-09-26T15:30:51+00:00\",\"breadcrumb\":{\"@id\":\"https:\\\/\\\/www.psoriasisforbundet.se\\\/umea\\\/2110-2\\\/#breadcrumb\"},\"inLanguage\":\"sv-SE\",\"potentialAction\":[{\"@type\":\"ReadAction\",\"target\":[\"https:\\\/\\\/www.psoriasisforbundet.se\\\/umea\\\/2110-2\\\/\"]}]},{\"@type\":\"BreadcrumbList\",\"@id\":\"https:\\\/\\\/www.psoriasisforbundet.se\\\/umea\\\/2110-2\\\/#breadcrumb\",\"itemListElement\":[{\"@type\":\"ListItem\",\"position\":1,\"name\":\"Psoriasisf\u00f6rbundet Ume\u00e5 Lokalavdelning\",\"item\":\"https:\\\/\\\/www.psoriasisforbundet.se\\\/umea\\\/\"},{\"@type\":\"ListItem\",\"position\":2,\"name\":\"\u00c5rsm\u00f6te 2025-02-17\"}]},{\"@type\":\"WebSite\",\"@id\":\"https:\\\/\\\/www.psoriasisforbundet.se\\\/umea\\\/#website\",\"url\":\"https:\\\/\\\/www.psoriasisforbundet.se\\\/umea\\\/\",\"name\":\"Ume\u00e5\",\"description\":\"En till Psorias Sites webbplats\",\"potentialAction\":[{\"@type\":\"SearchAction\",\"target\":{\"@type\":\"EntryPoint\",\"urlTemplate\":\"https:\\\/\\\/www.psoriasisforbundet.se\\\/umea\\\/?s={search_term_string}\"},\"query-input\":{\"@type\":\"PropertyValueSpecification\",\"valueRequired\":true,\"valueName\":\"search_term_string\"}}],\"inLanguage\":\"sv-SE\"}]}<\/script>\n<!-- \/ Yoast SEO plugin. -->","yoast_head_json":{"title":"\u00c5rsm\u00f6te 2025-02-17 - Ume\u00e5","description":"P\u00e5 Psoriasisf\u00f6rbundet Ume\u00e5 lokalavdelnings \u00e5rsm\u00f6te tog medlemmarna del av \u00e5rsm\u00f6teshandlingarna, och val f\u00f6rr\u00e4ttades. Trine Munkvold informerade om R\u00f6da korsets verksamhet, Stella. Tr\u00e4ffen avslutades med gemensamt fika.","robots":{"index":"index","follow":"follow","max-snippet":"max-snippet:-1","max-image-preview":"max-image-preview:large","max-video-preview":"max-video-preview:-1"},"canonical":"https:\/\/www.psoriasisforbundet.se\/umea\/2110-2\/","og_locale":"sv_SE","og_type":"article","og_title":"\u00c5rsm\u00f6te 2025-02-17 - Ume\u00e5","og_url":"https:\/\/www.psoriasisforbundet.se\/umea\/2110-2\/","og_site_name":"Ume\u00e5","article_publisher":"https:\/\/www.facebook.com\/Psoriasisf%c3%b6reningen-i-Ume%c3%a5-337278931695\/","article_modified_time":"2025-09-26T15:30:51+00:00","twitter_card":"summary_large_image","twitter_misc":{"Ber\u00e4knad l\u00e4stid":"2 minuter"},"schema":{"@context":"https:\/\/schema.org","@graph":[{"@type":"WebPage","@id":"https:\/\/www.psoriasisforbundet.se\/umea\/2110-2\/","url":"https:\/\/www.psoriasisforbundet.se\/umea\/2110-2\/","name":"\u00c5rsm\u00f6te 2025-02-17 - Ume\u00e5","isPartOf":{"@id":"https:\/\/www.psoriasisforbundet.se\/umea\/#website"},"datePublished":"2025-02-22T13:07:40+00:00","dateModified":"2025-09-26T15:30:51+00:00","breadcrumb":{"@id":"https:\/\/www.psoriasisforbundet.se\/umea\/2110-2\/#breadcrumb"},"inLanguage":"sv-SE","potentialAction":[{"@type":"ReadAction","target":["https:\/\/www.psoriasisforbundet.se\/umea\/2110-2\/"]}]},{"@type":"BreadcrumbList","@id":"https:\/\/www.psoriasisforbundet.se\/umea\/2110-2\/#breadcrumb","itemListElement":[{"@type":"ListItem","position":1,"name":"Psoriasisf\u00f6rbundet Ume\u00e5 Lokalavdelning","item":"https:\/\/www.psoriasisforbundet.se\/umea\/"},{"@type":"ListItem","position":2,"name":"\u00c5rsm\u00f6te 2025-02-17"}]},{"@type":"WebSite","@id":"https:\/\/www.psoriasisforbundet.se\/umea\/#website","url":"https:\/\/www.psoriasisforbundet.se\/umea\/","name":"Ume\u00e5","description":"En till Psorias Sites webbplats","potentialAction":[{"@type":"SearchAction","target":{"@type":"EntryPoint","urlTemplate":"https:\/\/www.psoriasisforbundet.se\/umea\/?s={search_term_string}"},"query-input":{"@type":"PropertyValueSpecification","valueRequired":true,"valueName":"search_term_string"}}],"inLanguage":"sv-SE"}]}},"_links":{"self":[{"href":"https:\/\/www.psoriasisforbundet.se\/umea\/wp-json\/wp\/v2\/pages\/2110","targetHints":{"allow":["GET"]}}],"collection":[{"href":"https:\/\/www.psoriasisforbundet.se\/umea\/wp-json\/wp\/v2\/pages"}],"about":[{"href":"https:\/\/www.psoriasisforbundet.se\/umea\/wp-json\/wp\/v2\/types\/page"}],"author":[{"embeddable":true,"href":"https:\/\/www.psoriasisforbundet.se\/umea\/wp-json\/wp\/v2\/users\/32"}],"replies":[{"embeddable":true,"href":"https:\/\/www.psoriasisforbundet.se\/umea\/wp-json\/wp\/v2\/comments?post=2110"}],"version-history":[{"count":10,"href":"https:\/\/www.psoriasisforbundet.se\/umea\/wp-json\/wp\/v2\/pages\/2110\/revisions"}],"predecessor-version":[{"id":2410,"href":"https:\/\/www.psoriasisforbundet.se\/umea\/wp-json\/wp\/v2\/pages\/2110\/revisions\/2410"}],"wp:attachment":[{"href":"https:\/\/www.psoriasisforbundet.se\/umea\/wp-json\/wp\/v2\/media?parent=2110"}],"curies":[{"name":"wp","href":"https:\/\/api.w.org\/{rel}","templated":true}]}}