{"id":2419,"date":"2025-09-26T17:47:08","date_gmt":"2025-09-26T15:47:08","guid":{"rendered":"https:\/\/www.psoriasisforbundet.se\/umea\/?page_id=2419"},"modified":"2025-09-26T17:47:08","modified_gmt":"2025-09-26T15:47:08","slug":"valberedningen-besokte-psoriasisforbundet-umea-lokalavdelnings-styrelse","status":"publish","type":"page","link":"https:\/\/www.psoriasisforbundet.se\/umea\/valberedningen-besokte-psoriasisforbundet-umea-lokalavdelnings-styrelse\/","title":{"rendered":"Valberedningen bes\u00f6kte Psoriasisf\u00f6rbundet Ume\u00e5 lokalavdelnings styrelse"},"content":{"rendered":"","protected":false},"excerpt":{"rendered":"","protected":false},"author":32,"featured_media":0,"parent":0,"menu_order":0,"comment_status":"closed","ping_status":"closed","template":"","meta":{"_acf_changed":false,"_monsterinsights_skip_tracking":false,"_monsterinsights_sitenote_active":false,"_monsterinsights_sitenote_note":"","_monsterinsights_sitenote_category":0,"footnotes":""},"class_list":["post-2419","page","type-page","status-publish","hentry"],"acf":[],"yoast_head":"<!-- This site is optimized with the Yoast SEO plugin v27.3 - https:\/\/yoast.com\/product\/yoast-seo-wordpress\/ -->\n<title>Valberedningen bes\u00f6kte Psoriasisf\u00f6rbundet Ume\u00e5 lokalavdelnings styrelse - Ume\u00e5<\/title>\n<meta name=\"description\" content=\"Psoriasisf\u00f6rbundet Ume\u00e5 lokalavdelnings styrelse\" \/>\n<meta name=\"robots\" content=\"index, follow, max-snippet:-1, max-image-preview:large, max-video-preview:-1\" \/>\n<link rel=\"canonical\" href=\"https:\/\/www.psoriasisforbundet.se\/umea\/valberedningen-besokte-psoriasisforbundet-umea-lokalavdelnings-styrelse\/\" \/>\n<meta property=\"og:locale\" content=\"sv_SE\" \/>\n<meta property=\"og:type\" content=\"article\" \/>\n<meta property=\"og:title\" content=\"Valberedningen bes\u00f6kte Psoriasisf\u00f6rbundet Ume\u00e5 lokalavdelnings styrelse - Ume\u00e5\" \/>\n<meta property=\"og:url\" content=\"https:\/\/www.psoriasisforbundet.se\/umea\/valberedningen-besokte-psoriasisforbundet-umea-lokalavdelnings-styrelse\/\" \/>\n<meta property=\"og:site_name\" content=\"Ume\u00e5\" \/>\n<meta property=\"article:publisher\" content=\"https:\/\/www.facebook.com\/Psoriasisf%c3%b6reningen-i-Ume%c3%a5-337278931695\/\" \/>\n<meta name=\"twitter:card\" content=\"summary_large_image\" \/>\n<meta name=\"twitter:label1\" content=\"Ber\u00e4knad l\u00e4stid\" \/>\n\t<meta name=\"twitter:data1\" content=\"2 minuter\" \/>\n<script type=\"application\/ld+json\" class=\"yoast-schema-graph\">{\"@context\":\"https:\\\/\\\/schema.org\",\"@graph\":[{\"@type\":\"WebPage\",\"@id\":\"https:\\\/\\\/www.psoriasisforbundet.se\\\/umea\\\/valberedningen-besokte-psoriasisforbundet-umea-lokalavdelnings-styrelse\\\/\",\"url\":\"https:\\\/\\\/www.psoriasisforbundet.se\\\/umea\\\/valberedningen-besokte-psoriasisforbundet-umea-lokalavdelnings-styrelse\\\/\",\"name\":\"Valberedningen bes\u00f6kte Psoriasisf\u00f6rbundet Ume\u00e5 lokalavdelnings styrelse - Ume\u00e5\",\"isPartOf\":{\"@id\":\"https:\\\/\\\/www.psoriasisforbundet.se\\\/umea\\\/#website\"},\"datePublished\":\"2025-09-26T15:47:08+00:00\",\"breadcrumb\":{\"@id\":\"https:\\\/\\\/www.psoriasisforbundet.se\\\/umea\\\/valberedningen-besokte-psoriasisforbundet-umea-lokalavdelnings-styrelse\\\/#breadcrumb\"},\"inLanguage\":\"sv-SE\",\"potentialAction\":[{\"@type\":\"ReadAction\",\"target\":[\"https:\\\/\\\/www.psoriasisforbundet.se\\\/umea\\\/valberedningen-besokte-psoriasisforbundet-umea-lokalavdelnings-styrelse\\\/\"]}]},{\"@type\":\"BreadcrumbList\",\"@id\":\"https:\\\/\\\/www.psoriasisforbundet.se\\\/umea\\\/valberedningen-besokte-psoriasisforbundet-umea-lokalavdelnings-styrelse\\\/#breadcrumb\",\"itemListElement\":[{\"@type\":\"ListItem\",\"position\":1,\"name\":\"Psoriasisf\u00f6rbundet Ume\u00e5 Lokalavdelning\",\"item\":\"https:\\\/\\\/www.psoriasisforbundet.se\\\/umea\\\/\"},{\"@type\":\"ListItem\",\"position\":2,\"name\":\"Valberedningen bes\u00f6kte Psoriasisf\u00f6rbundet Ume\u00e5 lokalavdelnings styrelse\"}]},{\"@type\":\"WebSite\",\"@id\":\"https:\\\/\\\/www.psoriasisforbundet.se\\\/umea\\\/#website\",\"url\":\"https:\\\/\\\/www.psoriasisforbundet.se\\\/umea\\\/\",\"name\":\"Ume\u00e5\",\"description\":\"En till Psorias Sites webbplats\",\"potentialAction\":[{\"@type\":\"SearchAction\",\"target\":{\"@type\":\"EntryPoint\",\"urlTemplate\":\"https:\\\/\\\/www.psoriasisforbundet.se\\\/umea\\\/?s={search_term_string}\"},\"query-input\":{\"@type\":\"PropertyValueSpecification\",\"valueRequired\":true,\"valueName\":\"search_term_string\"}}],\"inLanguage\":\"sv-SE\"}]}<\/script>\n<!-- \/ Yoast SEO plugin. -->","yoast_head_json":{"title":"Valberedningen bes\u00f6kte Psoriasisf\u00f6rbundet Ume\u00e5 lokalavdelnings styrelse - Ume\u00e5","description":"Psoriasisf\u00f6rbundet Ume\u00e5 lokalavdelnings styrelse","robots":{"index":"index","follow":"follow","max-snippet":"max-snippet:-1","max-image-preview":"max-image-preview:large","max-video-preview":"max-video-preview:-1"},"canonical":"https:\/\/www.psoriasisforbundet.se\/umea\/valberedningen-besokte-psoriasisforbundet-umea-lokalavdelnings-styrelse\/","og_locale":"sv_SE","og_type":"article","og_title":"Valberedningen bes\u00f6kte Psoriasisf\u00f6rbundet Ume\u00e5 lokalavdelnings styrelse - Ume\u00e5","og_url":"https:\/\/www.psoriasisforbundet.se\/umea\/valberedningen-besokte-psoriasisforbundet-umea-lokalavdelnings-styrelse\/","og_site_name":"Ume\u00e5","article_publisher":"https:\/\/www.facebook.com\/Psoriasisf%c3%b6reningen-i-Ume%c3%a5-337278931695\/","twitter_card":"summary_large_image","twitter_misc":{"Ber\u00e4knad l\u00e4stid":"2 minuter"},"schema":{"@context":"https:\/\/schema.org","@graph":[{"@type":"WebPage","@id":"https:\/\/www.psoriasisforbundet.se\/umea\/valberedningen-besokte-psoriasisforbundet-umea-lokalavdelnings-styrelse\/","url":"https:\/\/www.psoriasisforbundet.se\/umea\/valberedningen-besokte-psoriasisforbundet-umea-lokalavdelnings-styrelse\/","name":"Valberedningen bes\u00f6kte Psoriasisf\u00f6rbundet Ume\u00e5 lokalavdelnings styrelse - Ume\u00e5","isPartOf":{"@id":"https:\/\/www.psoriasisforbundet.se\/umea\/#website"},"datePublished":"2025-09-26T15:47:08+00:00","breadcrumb":{"@id":"https:\/\/www.psoriasisforbundet.se\/umea\/valberedningen-besokte-psoriasisforbundet-umea-lokalavdelnings-styrelse\/#breadcrumb"},"inLanguage":"sv-SE","potentialAction":[{"@type":"ReadAction","target":["https:\/\/www.psoriasisforbundet.se\/umea\/valberedningen-besokte-psoriasisforbundet-umea-lokalavdelnings-styrelse\/"]}]},{"@type":"BreadcrumbList","@id":"https:\/\/www.psoriasisforbundet.se\/umea\/valberedningen-besokte-psoriasisforbundet-umea-lokalavdelnings-styrelse\/#breadcrumb","itemListElement":[{"@type":"ListItem","position":1,"name":"Psoriasisf\u00f6rbundet Ume\u00e5 Lokalavdelning","item":"https:\/\/www.psoriasisforbundet.se\/umea\/"},{"@type":"ListItem","position":2,"name":"Valberedningen bes\u00f6kte Psoriasisf\u00f6rbundet Ume\u00e5 lokalavdelnings styrelse"}]},{"@type":"WebSite","@id":"https:\/\/www.psoriasisforbundet.se\/umea\/#website","url":"https:\/\/www.psoriasisforbundet.se\/umea\/","name":"Ume\u00e5","description":"En till Psorias Sites webbplats","potentialAction":[{"@type":"SearchAction","target":{"@type":"EntryPoint","urlTemplate":"https:\/\/www.psoriasisforbundet.se\/umea\/?s={search_term_string}"},"query-input":{"@type":"PropertyValueSpecification","valueRequired":true,"valueName":"search_term_string"}}],"inLanguage":"sv-SE"}]}},"_links":{"self":[{"href":"https:\/\/www.psoriasisforbundet.se\/umea\/wp-json\/wp\/v2\/pages\/2419","targetHints":{"allow":["GET"]}}],"collection":[{"href":"https:\/\/www.psoriasisforbundet.se\/umea\/wp-json\/wp\/v2\/pages"}],"about":[{"href":"https:\/\/www.psoriasisforbundet.se\/umea\/wp-json\/wp\/v2\/types\/page"}],"author":[{"embeddable":true,"href":"https:\/\/www.psoriasisforbundet.se\/umea\/wp-json\/wp\/v2\/users\/32"}],"replies":[{"embeddable":true,"href":"https:\/\/www.psoriasisforbundet.se\/umea\/wp-json\/wp\/v2\/comments?post=2419"}],"version-history":[{"count":3,"href":"https:\/\/www.psoriasisforbundet.se\/umea\/wp-json\/wp\/v2\/pages\/2419\/revisions"}],"predecessor-version":[{"id":2423,"href":"https:\/\/www.psoriasisforbundet.se\/umea\/wp-json\/wp\/v2\/pages\/2419\/revisions\/2423"}],"wp:attachment":[{"href":"https:\/\/www.psoriasisforbundet.se\/umea\/wp-json\/wp\/v2\/media?parent=2419"}],"curies":[{"name":"wp","href":"https:\/\/api.w.org\/{rel}","templated":true}]}}