{"id":2455,"date":"2025-10-10T12:29:08","date_gmt":"2025-10-10T10:29:08","guid":{"rendered":"https:\/\/www.psoriasisforbundet.se\/umea\/?page_id=2455"},"modified":"2025-11-13T19:32:27","modified_gmt":"2025-11-13T18:32:27","slug":"inbjudan-till-spannande-dag-pa-vasterbottens-museum","status":"publish","type":"page","link":"https:\/\/www.psoriasisforbundet.se\/umea\/inbjudan-till-spannande-dag-pa-vasterbottens-museum\/","title":{"rendered":"Inbjudan till sp\u00e4nnande dag p\u00e5 V\u00e4sterbottens museum l\u00f6rdag 8 november 13.00"},"content":{"rendered":"","protected":false},"excerpt":{"rendered":"","protected":false},"author":32,"featured_media":0,"parent":0,"menu_order":0,"comment_status":"closed","ping_status":"closed","template":"","meta":{"_acf_changed":false,"_monsterinsights_skip_tracking":false,"_monsterinsights_sitenote_active":false,"_monsterinsights_sitenote_note":"","_monsterinsights_sitenote_category":0,"footnotes":""},"class_list":["post-2455","page","type-page","status-publish","hentry"],"acf":[],"yoast_head":"<!-- This site is optimized with the Yoast SEO plugin v27.3 - https:\/\/yoast.com\/product\/yoast-seo-wordpress\/ -->\n<title>Inbjudan till sp\u00e4nnande dag p\u00e5 V\u00e4sterbottens museum l\u00f6rdag 8 november 13.00 - Ume\u00e5<\/title>\n<meta name=\"description\" content=\"l\u00f6rdag 8 november 13.00\" \/>\n<meta name=\"robots\" content=\"index, follow, max-snippet:-1, max-image-preview:large, max-video-preview:-1\" \/>\n<link rel=\"canonical\" href=\"https:\/\/www.psoriasisforbundet.se\/umea\/inbjudan-till-spannande-dag-pa-vasterbottens-museum\/\" \/>\n<meta property=\"og:locale\" content=\"sv_SE\" \/>\n<meta property=\"og:type\" content=\"article\" \/>\n<meta property=\"og:title\" content=\"Inbjudan till sp\u00e4nnande dag p\u00e5 V\u00e4sterbottens museum l\u00f6rdag 8 november 13.00 - Ume\u00e5\" \/>\n<meta property=\"og:url\" content=\"https:\/\/www.psoriasisforbundet.se\/umea\/inbjudan-till-spannande-dag-pa-vasterbottens-museum\/\" \/>\n<meta property=\"og:site_name\" content=\"Ume\u00e5\" \/>\n<meta property=\"article:publisher\" content=\"https:\/\/www.facebook.com\/Psoriasisf%c3%b6reningen-i-Ume%c3%a5-337278931695\/\" \/>\n<meta property=\"article:modified_time\" content=\"2025-11-13T18:32:27+00:00\" \/>\n<meta name=\"twitter:card\" content=\"summary_large_image\" \/>\n<meta name=\"twitter:label1\" content=\"Ber\u00e4knad l\u00e4stid\" \/>\n\t<meta name=\"twitter:data1\" content=\"2 minuter\" \/>\n<script type=\"application\/ld+json\" class=\"yoast-schema-graph\">{\"@context\":\"https:\\\/\\\/schema.org\",\"@graph\":[{\"@type\":\"WebPage\",\"@id\":\"https:\\\/\\\/www.psoriasisforbundet.se\\\/umea\\\/inbjudan-till-spannande-dag-pa-vasterbottens-museum\\\/\",\"url\":\"https:\\\/\\\/www.psoriasisforbundet.se\\\/umea\\\/inbjudan-till-spannande-dag-pa-vasterbottens-museum\\\/\",\"name\":\"Inbjudan till sp\u00e4nnande dag p\u00e5 V\u00e4sterbottens museum l\u00f6rdag 8 november 13.00 - Ume\u00e5\",\"isPartOf\":{\"@id\":\"https:\\\/\\\/www.psoriasisforbundet.se\\\/umea\\\/#website\"},\"datePublished\":\"2025-10-10T10:29:08+00:00\",\"dateModified\":\"2025-11-13T18:32:27+00:00\",\"breadcrumb\":{\"@id\":\"https:\\\/\\\/www.psoriasisforbundet.se\\\/umea\\\/inbjudan-till-spannande-dag-pa-vasterbottens-museum\\\/#breadcrumb\"},\"inLanguage\":\"sv-SE\",\"potentialAction\":[{\"@type\":\"ReadAction\",\"target\":[\"https:\\\/\\\/www.psoriasisforbundet.se\\\/umea\\\/inbjudan-till-spannande-dag-pa-vasterbottens-museum\\\/\"]}]},{\"@type\":\"BreadcrumbList\",\"@id\":\"https:\\\/\\\/www.psoriasisforbundet.se\\\/umea\\\/inbjudan-till-spannande-dag-pa-vasterbottens-museum\\\/#breadcrumb\",\"itemListElement\":[{\"@type\":\"ListItem\",\"position\":1,\"name\":\"Psoriasisf\u00f6rbundet Ume\u00e5 Lokalavdelning\",\"item\":\"https:\\\/\\\/www.psoriasisforbundet.se\\\/umea\\\/\"},{\"@type\":\"ListItem\",\"position\":2,\"name\":\"Inbjudan till sp\u00e4nnande dag p\u00e5 V\u00e4sterbottens museum l\u00f6rdag 8 november 13.00\"}]},{\"@type\":\"WebSite\",\"@id\":\"https:\\\/\\\/www.psoriasisforbundet.se\\\/umea\\\/#website\",\"url\":\"https:\\\/\\\/www.psoriasisforbundet.se\\\/umea\\\/\",\"name\":\"Ume\u00e5\",\"description\":\"En till Psorias Sites webbplats\",\"potentialAction\":[{\"@type\":\"SearchAction\",\"target\":{\"@type\":\"EntryPoint\",\"urlTemplate\":\"https:\\\/\\\/www.psoriasisforbundet.se\\\/umea\\\/?s={search_term_string}\"},\"query-input\":{\"@type\":\"PropertyValueSpecification\",\"valueRequired\":true,\"valueName\":\"search_term_string\"}}],\"inLanguage\":\"sv-SE\"}]}<\/script>\n<!-- \/ Yoast SEO plugin. -->","yoast_head_json":{"title":"Inbjudan till sp\u00e4nnande dag p\u00e5 V\u00e4sterbottens museum l\u00f6rdag 8 november 13.00 - Ume\u00e5","description":"l\u00f6rdag 8 november 13.00","robots":{"index":"index","follow":"follow","max-snippet":"max-snippet:-1","max-image-preview":"max-image-preview:large","max-video-preview":"max-video-preview:-1"},"canonical":"https:\/\/www.psoriasisforbundet.se\/umea\/inbjudan-till-spannande-dag-pa-vasterbottens-museum\/","og_locale":"sv_SE","og_type":"article","og_title":"Inbjudan till sp\u00e4nnande dag p\u00e5 V\u00e4sterbottens museum l\u00f6rdag 8 november 13.00 - Ume\u00e5","og_url":"https:\/\/www.psoriasisforbundet.se\/umea\/inbjudan-till-spannande-dag-pa-vasterbottens-museum\/","og_site_name":"Ume\u00e5","article_publisher":"https:\/\/www.facebook.com\/Psoriasisf%c3%b6reningen-i-Ume%c3%a5-337278931695\/","article_modified_time":"2025-11-13T18:32:27+00:00","twitter_card":"summary_large_image","twitter_misc":{"Ber\u00e4knad l\u00e4stid":"2 minuter"},"schema":{"@context":"https:\/\/schema.org","@graph":[{"@type":"WebPage","@id":"https:\/\/www.psoriasisforbundet.se\/umea\/inbjudan-till-spannande-dag-pa-vasterbottens-museum\/","url":"https:\/\/www.psoriasisforbundet.se\/umea\/inbjudan-till-spannande-dag-pa-vasterbottens-museum\/","name":"Inbjudan till sp\u00e4nnande dag p\u00e5 V\u00e4sterbottens museum l\u00f6rdag 8 november 13.00 - Ume\u00e5","isPartOf":{"@id":"https:\/\/www.psoriasisforbundet.se\/umea\/#website"},"datePublished":"2025-10-10T10:29:08+00:00","dateModified":"2025-11-13T18:32:27+00:00","breadcrumb":{"@id":"https:\/\/www.psoriasisforbundet.se\/umea\/inbjudan-till-spannande-dag-pa-vasterbottens-museum\/#breadcrumb"},"inLanguage":"sv-SE","potentialAction":[{"@type":"ReadAction","target":["https:\/\/www.psoriasisforbundet.se\/umea\/inbjudan-till-spannande-dag-pa-vasterbottens-museum\/"]}]},{"@type":"BreadcrumbList","@id":"https:\/\/www.psoriasisforbundet.se\/umea\/inbjudan-till-spannande-dag-pa-vasterbottens-museum\/#breadcrumb","itemListElement":[{"@type":"ListItem","position":1,"name":"Psoriasisf\u00f6rbundet Ume\u00e5 Lokalavdelning","item":"https:\/\/www.psoriasisforbundet.se\/umea\/"},{"@type":"ListItem","position":2,"name":"Inbjudan till sp\u00e4nnande dag p\u00e5 V\u00e4sterbottens museum l\u00f6rdag 8 november 13.00"}]},{"@type":"WebSite","@id":"https:\/\/www.psoriasisforbundet.se\/umea\/#website","url":"https:\/\/www.psoriasisforbundet.se\/umea\/","name":"Ume\u00e5","description":"En till Psorias Sites webbplats","potentialAction":[{"@type":"SearchAction","target":{"@type":"EntryPoint","urlTemplate":"https:\/\/www.psoriasisforbundet.se\/umea\/?s={search_term_string}"},"query-input":{"@type":"PropertyValueSpecification","valueRequired":true,"valueName":"search_term_string"}}],"inLanguage":"sv-SE"}]}},"_links":{"self":[{"href":"https:\/\/www.psoriasisforbundet.se\/umea\/wp-json\/wp\/v2\/pages\/2455","targetHints":{"allow":["GET"]}}],"collection":[{"href":"https:\/\/www.psoriasisforbundet.se\/umea\/wp-json\/wp\/v2\/pages"}],"about":[{"href":"https:\/\/www.psoriasisforbundet.se\/umea\/wp-json\/wp\/v2\/types\/page"}],"author":[{"embeddable":true,"href":"https:\/\/www.psoriasisforbundet.se\/umea\/wp-json\/wp\/v2\/users\/32"}],"replies":[{"embeddable":true,"href":"https:\/\/www.psoriasisforbundet.se\/umea\/wp-json\/wp\/v2\/comments?post=2455"}],"version-history":[{"count":13,"href":"https:\/\/www.psoriasisforbundet.se\/umea\/wp-json\/wp\/v2\/pages\/2455\/revisions"}],"predecessor-version":[{"id":2592,"href":"https:\/\/www.psoriasisforbundet.se\/umea\/wp-json\/wp\/v2\/pages\/2455\/revisions\/2592"}],"wp:attachment":[{"href":"https:\/\/www.psoriasisforbundet.se\/umea\/wp-json\/wp\/v2\/media?parent=2455"}],"curies":[{"name":"wp","href":"https:\/\/api.w.org\/{rel}","templated":true}]}}