{"id":29,"date":"2017-10-23T22:50:41","date_gmt":"2017-10-23T20:50:41","guid":{"rendered":"http:\/\/pso.kund.aloqdev.se\/umea\/?page_id=29"},"modified":"2026-03-31T04:48:42","modified_gmt":"2026-03-31T02:48:42","slug":"styrelse","status":"publish","type":"page","link":"https:\/\/www.psoriasisforbundet.se\/umea\/styrelse\/","title":{"rendered":"Styrelse"},"content":{"rendered":"","protected":false},"excerpt":{"rendered":"","protected":false},"author":3,"featured_media":0,"parent":0,"menu_order":0,"comment_status":"closed","ping_status":"closed","template":"","meta":{"_acf_changed":false,"_monsterinsights_skip_tracking":false,"_monsterinsights_sitenote_active":false,"_monsterinsights_sitenote_note":"","_monsterinsights_sitenote_category":0,"footnotes":""},"class_list":["post-29","page","type-page","status-publish","hentry"],"acf":[],"yoast_head":"<!-- This site is optimized with the Yoast SEO plugin v27.3 - https:\/\/yoast.com\/product\/yoast-seo-wordpress\/ -->\n<title>Styrelse - Ume\u00e5<\/title>\n<meta name=\"description\" content=\"Kontaktuppgifter till Psoriasisf\u00f6rbundet i Ume\u00e5 lokalavdelning.\" \/>\n<meta name=\"robots\" content=\"index, follow, max-snippet:-1, max-image-preview:large, max-video-preview:-1\" \/>\n<link rel=\"canonical\" href=\"https:\/\/www.psoriasisforbundet.se\/umea\/styrelse\/\" \/>\n<meta property=\"og:locale\" content=\"sv_SE\" \/>\n<meta property=\"og:type\" content=\"article\" \/>\n<meta property=\"og:title\" content=\"Styrelse - Ume\u00e5\" \/>\n<meta property=\"og:description\" content=\"Kontaktuppgifter till Psoriasisf\u00f6rbundet i Ume\u00e5 lokalavdelning.\" \/>\n<meta property=\"og:url\" content=\"https:\/\/www.psoriasisforbundet.se\/umea\/styrelse\/\" \/>\n<meta property=\"og:site_name\" content=\"Ume\u00e5\" \/>\n<meta property=\"article:publisher\" content=\"https:\/\/www.facebook.com\/Psoriasisf%c3%b6reningen-i-Ume%c3%a5-337278931695\/\" \/>\n<meta property=\"article:modified_time\" content=\"2026-03-31T02:48:42+00:00\" \/>\n<meta name=\"twitter:card\" content=\"summary_large_image\" \/>\n<meta name=\"twitter:label1\" content=\"Ber\u00e4knad l\u00e4stid\" \/>\n\t<meta name=\"twitter:data1\" content=\"2 minuter\" \/>\n<script type=\"application\/ld+json\" class=\"yoast-schema-graph\">{\"@context\":\"https:\\\/\\\/schema.org\",\"@graph\":[{\"@type\":\"WebPage\",\"@id\":\"https:\\\/\\\/www.psoriasisforbundet.se\\\/umea\\\/styrelse\\\/\",\"url\":\"https:\\\/\\\/www.psoriasisforbundet.se\\\/umea\\\/styrelse\\\/\",\"name\":\"Styrelse - Ume\u00e5\",\"isPartOf\":{\"@id\":\"https:\\\/\\\/www.psoriasisforbundet.se\\\/umea\\\/#website\"},\"datePublished\":\"2017-10-23T20:50:41+00:00\",\"dateModified\":\"2026-03-31T02:48:42+00:00\",\"description\":\"Kontaktuppgifter till Psoriasisf\u00f6rbundet i Ume\u00e5 lokalavdelning.\",\"breadcrumb\":{\"@id\":\"https:\\\/\\\/www.psoriasisforbundet.se\\\/umea\\\/styrelse\\\/#breadcrumb\"},\"inLanguage\":\"sv-SE\",\"potentialAction\":[{\"@type\":\"ReadAction\",\"target\":[\"https:\\\/\\\/www.psoriasisforbundet.se\\\/umea\\\/styrelse\\\/\"]}]},{\"@type\":\"BreadcrumbList\",\"@id\":\"https:\\\/\\\/www.psoriasisforbundet.se\\\/umea\\\/styrelse\\\/#breadcrumb\",\"itemListElement\":[{\"@type\":\"ListItem\",\"position\":1,\"name\":\"Psoriasisf\u00f6rbundet Ume\u00e5 Lokalavdelning\",\"item\":\"https:\\\/\\\/www.psoriasisforbundet.se\\\/umea\\\/\"},{\"@type\":\"ListItem\",\"position\":2,\"name\":\"Styrelse\"}]},{\"@type\":\"WebSite\",\"@id\":\"https:\\\/\\\/www.psoriasisforbundet.se\\\/umea\\\/#website\",\"url\":\"https:\\\/\\\/www.psoriasisforbundet.se\\\/umea\\\/\",\"name\":\"Ume\u00e5\",\"description\":\"En till Psorias Sites webbplats\",\"potentialAction\":[{\"@type\":\"SearchAction\",\"target\":{\"@type\":\"EntryPoint\",\"urlTemplate\":\"https:\\\/\\\/www.psoriasisforbundet.se\\\/umea\\\/?s={search_term_string}\"},\"query-input\":{\"@type\":\"PropertyValueSpecification\",\"valueRequired\":true,\"valueName\":\"search_term_string\"}}],\"inLanguage\":\"sv-SE\"}]}<\/script>\n<!-- \/ Yoast SEO plugin. -->","yoast_head_json":{"title":"Styrelse - Ume\u00e5","description":"Kontaktuppgifter till Psoriasisf\u00f6rbundet i Ume\u00e5 lokalavdelning.","robots":{"index":"index","follow":"follow","max-snippet":"max-snippet:-1","max-image-preview":"max-image-preview:large","max-video-preview":"max-video-preview:-1"},"canonical":"https:\/\/www.psoriasisforbundet.se\/umea\/styrelse\/","og_locale":"sv_SE","og_type":"article","og_title":"Styrelse - Ume\u00e5","og_description":"Kontaktuppgifter till Psoriasisf\u00f6rbundet i Ume\u00e5 lokalavdelning.","og_url":"https:\/\/www.psoriasisforbundet.se\/umea\/styrelse\/","og_site_name":"Ume\u00e5","article_publisher":"https:\/\/www.facebook.com\/Psoriasisf%c3%b6reningen-i-Ume%c3%a5-337278931695\/","article_modified_time":"2026-03-31T02:48:42+00:00","twitter_card":"summary_large_image","twitter_misc":{"Ber\u00e4knad l\u00e4stid":"2 minuter"},"schema":{"@context":"https:\/\/schema.org","@graph":[{"@type":"WebPage","@id":"https:\/\/www.psoriasisforbundet.se\/umea\/styrelse\/","url":"https:\/\/www.psoriasisforbundet.se\/umea\/styrelse\/","name":"Styrelse - Ume\u00e5","isPartOf":{"@id":"https:\/\/www.psoriasisforbundet.se\/umea\/#website"},"datePublished":"2017-10-23T20:50:41+00:00","dateModified":"2026-03-31T02:48:42+00:00","description":"Kontaktuppgifter till Psoriasisf\u00f6rbundet i Ume\u00e5 lokalavdelning.","breadcrumb":{"@id":"https:\/\/www.psoriasisforbundet.se\/umea\/styrelse\/#breadcrumb"},"inLanguage":"sv-SE","potentialAction":[{"@type":"ReadAction","target":["https:\/\/www.psoriasisforbundet.se\/umea\/styrelse\/"]}]},{"@type":"BreadcrumbList","@id":"https:\/\/www.psoriasisforbundet.se\/umea\/styrelse\/#breadcrumb","itemListElement":[{"@type":"ListItem","position":1,"name":"Psoriasisf\u00f6rbundet Ume\u00e5 Lokalavdelning","item":"https:\/\/www.psoriasisforbundet.se\/umea\/"},{"@type":"ListItem","position":2,"name":"Styrelse"}]},{"@type":"WebSite","@id":"https:\/\/www.psoriasisforbundet.se\/umea\/#website","url":"https:\/\/www.psoriasisforbundet.se\/umea\/","name":"Ume\u00e5","description":"En till Psorias Sites webbplats","potentialAction":[{"@type":"SearchAction","target":{"@type":"EntryPoint","urlTemplate":"https:\/\/www.psoriasisforbundet.se\/umea\/?s={search_term_string}"},"query-input":{"@type":"PropertyValueSpecification","valueRequired":true,"valueName":"search_term_string"}}],"inLanguage":"sv-SE"}]}},"_links":{"self":[{"href":"https:\/\/www.psoriasisforbundet.se\/umea\/wp-json\/wp\/v2\/pages\/29","targetHints":{"allow":["GET"]}}],"collection":[{"href":"https:\/\/www.psoriasisforbundet.se\/umea\/wp-json\/wp\/v2\/pages"}],"about":[{"href":"https:\/\/www.psoriasisforbundet.se\/umea\/wp-json\/wp\/v2\/types\/page"}],"author":[{"embeddable":true,"href":"https:\/\/www.psoriasisforbundet.se\/umea\/wp-json\/wp\/v2\/users\/3"}],"replies":[{"embeddable":true,"href":"https:\/\/www.psoriasisforbundet.se\/umea\/wp-json\/wp\/v2\/comments?post=29"}],"version-history":[{"count":66,"href":"https:\/\/www.psoriasisforbundet.se\/umea\/wp-json\/wp\/v2\/pages\/29\/revisions"}],"predecessor-version":[{"id":2708,"href":"https:\/\/www.psoriasisforbundet.se\/umea\/wp-json\/wp\/v2\/pages\/29\/revisions\/2708"}],"wp:attachment":[{"href":"https:\/\/www.psoriasisforbundet.se\/umea\/wp-json\/wp\/v2\/media?parent=29"}],"curies":[{"name":"wp","href":"https:\/\/api.w.org\/{rel}","templated":true}]}}