{"id":844,"date":"2023-02-23T00:29:47","date_gmt":"2023-02-22T23:29:47","guid":{"rendered":"https:\/\/www.psoriasisforbundet.se\/umea\/?page_id=844"},"modified":"2023-03-30T13:08:00","modified_gmt":"2023-03-30T11:08:00","slug":"reportage-2023","status":"publish","type":"page","link":"https:\/\/www.psoriasisforbundet.se\/umea\/reportage-2023\/","title":{"rendered":"\u00c5rsm\u00f6te 2023"},"content":{"rendered":"","protected":false},"excerpt":{"rendered":"","protected":false},"author":32,"featured_media":0,"parent":0,"menu_order":0,"comment_status":"closed","ping_status":"closed","template":"","meta":{"_acf_changed":false,"_monsterinsights_skip_tracking":false,"_monsterinsights_sitenote_active":false,"_monsterinsights_sitenote_note":"","_monsterinsights_sitenote_category":0,"footnotes":""},"class_list":["post-844","page","type-page","status-publish","hentry"],"acf":[],"yoast_head":"<!-- This site is optimized with the Yoast SEO plugin v27.3 - https:\/\/yoast.com\/product\/yoast-seo-wordpress\/ -->\n<title>\u00c5rsm\u00f6te 2023 - Ume\u00e5<\/title>\n<meta name=\"description\" content=\"Psoriasisf\u00f6rbundet Ume\u00e5 lokalavdelning har haft \u00e5rsm\u00f6te. Vice ordf\u00f6rande Gunilla Eriksson h\u00e4lsade alla v\u00e4lkomna till m\u00f6tet. Valberedningen hade f\u00f6reslagit Lars Elinge till m\u00f6tesordf\u00f6rande och han blev \u00e4ven vald. Till m\u00f6tessekreterare valdes Carina Ahlqvist.\" \/>\n<meta name=\"robots\" content=\"index, follow, max-snippet:-1, max-image-preview:large, max-video-preview:-1\" \/>\n<link rel=\"canonical\" href=\"https:\/\/www.psoriasisforbundet.se\/umea\/reportage-2023\/\" \/>\n<meta property=\"og:locale\" content=\"sv_SE\" \/>\n<meta property=\"og:type\" content=\"article\" \/>\n<meta property=\"og:title\" content=\"\u00c5rsm\u00f6te 2023 - Ume\u00e5\" \/>\n<meta property=\"og:url\" content=\"https:\/\/www.psoriasisforbundet.se\/umea\/reportage-2023\/\" \/>\n<meta property=\"og:site_name\" content=\"Ume\u00e5\" \/>\n<meta property=\"article:publisher\" content=\"https:\/\/www.facebook.com\/Psoriasisf%c3%b6reningen-i-Ume%c3%a5-337278931695\/\" \/>\n<meta property=\"article:modified_time\" content=\"2023-03-30T11:08:00+00:00\" \/>\n<meta name=\"twitter:card\" content=\"summary_large_image\" \/>\n<script type=\"application\/ld+json\" class=\"yoast-schema-graph\">{\"@context\":\"https:\\\/\\\/schema.org\",\"@graph\":[{\"@type\":\"WebPage\",\"@id\":\"https:\\\/\\\/www.psoriasisforbundet.se\\\/umea\\\/reportage-2023\\\/\",\"url\":\"https:\\\/\\\/www.psoriasisforbundet.se\\\/umea\\\/reportage-2023\\\/\",\"name\":\"\u00c5rsm\u00f6te 2023 - Ume\u00e5\",\"isPartOf\":{\"@id\":\"https:\\\/\\\/www.psoriasisforbundet.se\\\/umea\\\/#website\"},\"datePublished\":\"2023-02-22T23:29:47+00:00\",\"dateModified\":\"2023-03-30T11:08:00+00:00\",\"breadcrumb\":{\"@id\":\"https:\\\/\\\/www.psoriasisforbundet.se\\\/umea\\\/reportage-2023\\\/#breadcrumb\"},\"inLanguage\":\"sv-SE\",\"potentialAction\":[{\"@type\":\"ReadAction\",\"target\":[\"https:\\\/\\\/www.psoriasisforbundet.se\\\/umea\\\/reportage-2023\\\/\"]}]},{\"@type\":\"BreadcrumbList\",\"@id\":\"https:\\\/\\\/www.psoriasisforbundet.se\\\/umea\\\/reportage-2023\\\/#breadcrumb\",\"itemListElement\":[{\"@type\":\"ListItem\",\"position\":1,\"name\":\"Psoriasisf\u00f6rbundet Ume\u00e5 Lokalavdelning\",\"item\":\"https:\\\/\\\/www.psoriasisforbundet.se\\\/umea\\\/\"},{\"@type\":\"ListItem\",\"position\":2,\"name\":\"\u00c5rsm\u00f6te 2023\"}]},{\"@type\":\"WebSite\",\"@id\":\"https:\\\/\\\/www.psoriasisforbundet.se\\\/umea\\\/#website\",\"url\":\"https:\\\/\\\/www.psoriasisforbundet.se\\\/umea\\\/\",\"name\":\"Ume\u00e5\",\"description\":\"En till Psorias Sites webbplats\",\"potentialAction\":[{\"@type\":\"SearchAction\",\"target\":{\"@type\":\"EntryPoint\",\"urlTemplate\":\"https:\\\/\\\/www.psoriasisforbundet.se\\\/umea\\\/?s={search_term_string}\"},\"query-input\":{\"@type\":\"PropertyValueSpecification\",\"valueRequired\":true,\"valueName\":\"search_term_string\"}}],\"inLanguage\":\"sv-SE\"}]}<\/script>\n<!-- \/ Yoast SEO plugin. -->","yoast_head_json":{"title":"\u00c5rsm\u00f6te 2023 - Ume\u00e5","description":"Psoriasisf\u00f6rbundet Ume\u00e5 lokalavdelning har haft \u00e5rsm\u00f6te. Vice ordf\u00f6rande Gunilla Eriksson h\u00e4lsade alla v\u00e4lkomna till m\u00f6tet. Valberedningen hade f\u00f6reslagit Lars Elinge till m\u00f6tesordf\u00f6rande och han blev \u00e4ven vald. Till m\u00f6tessekreterare valdes Carina Ahlqvist.","robots":{"index":"index","follow":"follow","max-snippet":"max-snippet:-1","max-image-preview":"max-image-preview:large","max-video-preview":"max-video-preview:-1"},"canonical":"https:\/\/www.psoriasisforbundet.se\/umea\/reportage-2023\/","og_locale":"sv_SE","og_type":"article","og_title":"\u00c5rsm\u00f6te 2023 - Ume\u00e5","og_url":"https:\/\/www.psoriasisforbundet.se\/umea\/reportage-2023\/","og_site_name":"Ume\u00e5","article_publisher":"https:\/\/www.facebook.com\/Psoriasisf%c3%b6reningen-i-Ume%c3%a5-337278931695\/","article_modified_time":"2023-03-30T11:08:00+00:00","twitter_card":"summary_large_image","schema":{"@context":"https:\/\/schema.org","@graph":[{"@type":"WebPage","@id":"https:\/\/www.psoriasisforbundet.se\/umea\/reportage-2023\/","url":"https:\/\/www.psoriasisforbundet.se\/umea\/reportage-2023\/","name":"\u00c5rsm\u00f6te 2023 - Ume\u00e5","isPartOf":{"@id":"https:\/\/www.psoriasisforbundet.se\/umea\/#website"},"datePublished":"2023-02-22T23:29:47+00:00","dateModified":"2023-03-30T11:08:00+00:00","breadcrumb":{"@id":"https:\/\/www.psoriasisforbundet.se\/umea\/reportage-2023\/#breadcrumb"},"inLanguage":"sv-SE","potentialAction":[{"@type":"ReadAction","target":["https:\/\/www.psoriasisforbundet.se\/umea\/reportage-2023\/"]}]},{"@type":"BreadcrumbList","@id":"https:\/\/www.psoriasisforbundet.se\/umea\/reportage-2023\/#breadcrumb","itemListElement":[{"@type":"ListItem","position":1,"name":"Psoriasisf\u00f6rbundet Ume\u00e5 Lokalavdelning","item":"https:\/\/www.psoriasisforbundet.se\/umea\/"},{"@type":"ListItem","position":2,"name":"\u00c5rsm\u00f6te 2023"}]},{"@type":"WebSite","@id":"https:\/\/www.psoriasisforbundet.se\/umea\/#website","url":"https:\/\/www.psoriasisforbundet.se\/umea\/","name":"Ume\u00e5","description":"En till Psorias Sites webbplats","potentialAction":[{"@type":"SearchAction","target":{"@type":"EntryPoint","urlTemplate":"https:\/\/www.psoriasisforbundet.se\/umea\/?s={search_term_string}"},"query-input":{"@type":"PropertyValueSpecification","valueRequired":true,"valueName":"search_term_string"}}],"inLanguage":"sv-SE"}]}},"_links":{"self":[{"href":"https:\/\/www.psoriasisforbundet.se\/umea\/wp-json\/wp\/v2\/pages\/844","targetHints":{"allow":["GET"]}}],"collection":[{"href":"https:\/\/www.psoriasisforbundet.se\/umea\/wp-json\/wp\/v2\/pages"}],"about":[{"href":"https:\/\/www.psoriasisforbundet.se\/umea\/wp-json\/wp\/v2\/types\/page"}],"author":[{"embeddable":true,"href":"https:\/\/www.psoriasisforbundet.se\/umea\/wp-json\/wp\/v2\/users\/32"}],"replies":[{"embeddable":true,"href":"https:\/\/www.psoriasisforbundet.se\/umea\/wp-json\/wp\/v2\/comments?post=844"}],"version-history":[{"count":4,"href":"https:\/\/www.psoriasisforbundet.se\/umea\/wp-json\/wp\/v2\/pages\/844\/revisions"}],"predecessor-version":[{"id":885,"href":"https:\/\/www.psoriasisforbundet.se\/umea\/wp-json\/wp\/v2\/pages\/844\/revisions\/885"}],"wp:attachment":[{"href":"https:\/\/www.psoriasisforbundet.se\/umea\/wp-json\/wp\/v2\/media?parent=844"}],"curies":[{"name":"wp","href":"https:\/\/api.w.org\/{rel}","templated":true}]}}