{"id":889,"date":"2023-03-30T13:13:37","date_gmt":"2023-03-30T11:13:37","guid":{"rendered":"https:\/\/www.psoriasisforbundet.se\/umea\/?page_id=889"},"modified":"2023-03-30T13:13:37","modified_gmt":"2023-03-30T11:13:37","slug":"studiebesok-pa-curiosum","status":"publish","type":"page","link":"https:\/\/www.psoriasisforbundet.se\/umea\/studiebesok-pa-curiosum\/","title":{"rendered":"Studiebes\u00f6k p\u00e5 Curiosum"},"content":{"rendered":"","protected":false},"excerpt":{"rendered":"","protected":false},"author":32,"featured_media":0,"parent":0,"menu_order":0,"comment_status":"closed","ping_status":"closed","template":"","meta":{"_acf_changed":false,"_monsterinsights_skip_tracking":false,"_monsterinsights_sitenote_active":false,"_monsterinsights_sitenote_note":"","_monsterinsights_sitenote_category":0,"footnotes":""},"class_list":["post-889","page","type-page","status-publish","hentry"],"acf":[],"yoast_head":"<!-- This site is optimized with the Yoast SEO plugin v27.4 - https:\/\/yoast.com\/product\/yoast-seo-wordpress\/ -->\n<title>Studiebes\u00f6k p\u00e5 Curiosum - Ume\u00e5<\/title>\n<meta name=\"description\" content=\"Psoriasisf\u00f6rbundet Ume\u00e5 lokalavdelning har nyligen gjort studiebes\u00f6k p\u00e5 Curiosum, det finns vid Ume\u00e4lven intill Konstn\u00e4rligt campus. D\u00e4r fick man information om Universums stj\u00e4rnor, planeter, m\u00e5nar och galaxer.\" \/>\n<meta name=\"robots\" content=\"index, follow, max-snippet:-1, max-image-preview:large, max-video-preview:-1\" \/>\n<link rel=\"canonical\" href=\"https:\/\/www.psoriasisforbundet.se\/umea\/studiebesok-pa-curiosum\/\" \/>\n<meta property=\"og:locale\" content=\"sv_SE\" \/>\n<meta property=\"og:type\" content=\"article\" \/>\n<meta property=\"og:title\" content=\"Studiebes\u00f6k p\u00e5 Curiosum - Ume\u00e5\" \/>\n<meta property=\"og:url\" content=\"https:\/\/www.psoriasisforbundet.se\/umea\/studiebesok-pa-curiosum\/\" \/>\n<meta property=\"og:site_name\" content=\"Ume\u00e5\" \/>\n<meta property=\"article:publisher\" content=\"https:\/\/www.facebook.com\/Psoriasisf%c3%b6reningen-i-Ume%c3%a5-337278931695\/\" \/>\n<meta name=\"twitter:card\" content=\"summary_large_image\" \/>\n<script type=\"application\/ld+json\" class=\"yoast-schema-graph\">{\"@context\":\"https:\\\/\\\/schema.org\",\"@graph\":[{\"@type\":\"WebPage\",\"@id\":\"https:\\\/\\\/www.psoriasisforbundet.se\\\/umea\\\/studiebesok-pa-curiosum\\\/\",\"url\":\"https:\\\/\\\/www.psoriasisforbundet.se\\\/umea\\\/studiebesok-pa-curiosum\\\/\",\"name\":\"Studiebes\u00f6k p\u00e5 Curiosum - Ume\u00e5\",\"isPartOf\":{\"@id\":\"https:\\\/\\\/www.psoriasisforbundet.se\\\/umea\\\/#website\"},\"datePublished\":\"2023-03-30T11:13:37+00:00\",\"breadcrumb\":{\"@id\":\"https:\\\/\\\/www.psoriasisforbundet.se\\\/umea\\\/studiebesok-pa-curiosum\\\/#breadcrumb\"},\"inLanguage\":\"sv-SE\",\"potentialAction\":[{\"@type\":\"ReadAction\",\"target\":[\"https:\\\/\\\/www.psoriasisforbundet.se\\\/umea\\\/studiebesok-pa-curiosum\\\/\"]}]},{\"@type\":\"BreadcrumbList\",\"@id\":\"https:\\\/\\\/www.psoriasisforbundet.se\\\/umea\\\/studiebesok-pa-curiosum\\\/#breadcrumb\",\"itemListElement\":[{\"@type\":\"ListItem\",\"position\":1,\"name\":\"Psoriasisf\u00f6rbundet Ume\u00e5 Lokalavdelning\",\"item\":\"https:\\\/\\\/www.psoriasisforbundet.se\\\/umea\\\/\"},{\"@type\":\"ListItem\",\"position\":2,\"name\":\"Studiebes\u00f6k p\u00e5 Curiosum\"}]},{\"@type\":\"WebSite\",\"@id\":\"https:\\\/\\\/www.psoriasisforbundet.se\\\/umea\\\/#website\",\"url\":\"https:\\\/\\\/www.psoriasisforbundet.se\\\/umea\\\/\",\"name\":\"Ume\u00e5\",\"description\":\"En till Psorias Sites webbplats\",\"potentialAction\":[{\"@type\":\"SearchAction\",\"target\":{\"@type\":\"EntryPoint\",\"urlTemplate\":\"https:\\\/\\\/www.psoriasisforbundet.se\\\/umea\\\/?s={search_term_string}\"},\"query-input\":{\"@type\":\"PropertyValueSpecification\",\"valueRequired\":true,\"valueName\":\"search_term_string\"}}],\"inLanguage\":\"sv-SE\"}]}<\/script>\n<!-- \/ Yoast SEO plugin. -->","yoast_head_json":{"title":"Studiebes\u00f6k p\u00e5 Curiosum - Ume\u00e5","description":"Psoriasisf\u00f6rbundet Ume\u00e5 lokalavdelning har nyligen gjort studiebes\u00f6k p\u00e5 Curiosum, det finns vid Ume\u00e4lven intill Konstn\u00e4rligt campus. D\u00e4r fick man information om Universums stj\u00e4rnor, planeter, m\u00e5nar och galaxer.","robots":{"index":"index","follow":"follow","max-snippet":"max-snippet:-1","max-image-preview":"max-image-preview:large","max-video-preview":"max-video-preview:-1"},"canonical":"https:\/\/www.psoriasisforbundet.se\/umea\/studiebesok-pa-curiosum\/","og_locale":"sv_SE","og_type":"article","og_title":"Studiebes\u00f6k p\u00e5 Curiosum - Ume\u00e5","og_url":"https:\/\/www.psoriasisforbundet.se\/umea\/studiebesok-pa-curiosum\/","og_site_name":"Ume\u00e5","article_publisher":"https:\/\/www.facebook.com\/Psoriasisf%c3%b6reningen-i-Ume%c3%a5-337278931695\/","twitter_card":"summary_large_image","schema":{"@context":"https:\/\/schema.org","@graph":[{"@type":"WebPage","@id":"https:\/\/www.psoriasisforbundet.se\/umea\/studiebesok-pa-curiosum\/","url":"https:\/\/www.psoriasisforbundet.se\/umea\/studiebesok-pa-curiosum\/","name":"Studiebes\u00f6k p\u00e5 Curiosum - Ume\u00e5","isPartOf":{"@id":"https:\/\/www.psoriasisforbundet.se\/umea\/#website"},"datePublished":"2023-03-30T11:13:37+00:00","breadcrumb":{"@id":"https:\/\/www.psoriasisforbundet.se\/umea\/studiebesok-pa-curiosum\/#breadcrumb"},"inLanguage":"sv-SE","potentialAction":[{"@type":"ReadAction","target":["https:\/\/www.psoriasisforbundet.se\/umea\/studiebesok-pa-curiosum\/"]}]},{"@type":"BreadcrumbList","@id":"https:\/\/www.psoriasisforbundet.se\/umea\/studiebesok-pa-curiosum\/#breadcrumb","itemListElement":[{"@type":"ListItem","position":1,"name":"Psoriasisf\u00f6rbundet Ume\u00e5 Lokalavdelning","item":"https:\/\/www.psoriasisforbundet.se\/umea\/"},{"@type":"ListItem","position":2,"name":"Studiebes\u00f6k p\u00e5 Curiosum"}]},{"@type":"WebSite","@id":"https:\/\/www.psoriasisforbundet.se\/umea\/#website","url":"https:\/\/www.psoriasisforbundet.se\/umea\/","name":"Ume\u00e5","description":"En till Psorias Sites webbplats","potentialAction":[{"@type":"SearchAction","target":{"@type":"EntryPoint","urlTemplate":"https:\/\/www.psoriasisforbundet.se\/umea\/?s={search_term_string}"},"query-input":{"@type":"PropertyValueSpecification","valueRequired":true,"valueName":"search_term_string"}}],"inLanguage":"sv-SE"}]}},"_links":{"self":[{"href":"https:\/\/www.psoriasisforbundet.se\/umea\/wp-json\/wp\/v2\/pages\/889","targetHints":{"allow":["GET"]}}],"collection":[{"href":"https:\/\/www.psoriasisforbundet.se\/umea\/wp-json\/wp\/v2\/pages"}],"about":[{"href":"https:\/\/www.psoriasisforbundet.se\/umea\/wp-json\/wp\/v2\/types\/page"}],"author":[{"embeddable":true,"href":"https:\/\/www.psoriasisforbundet.se\/umea\/wp-json\/wp\/v2\/users\/32"}],"replies":[{"embeddable":true,"href":"https:\/\/www.psoriasisforbundet.se\/umea\/wp-json\/wp\/v2\/comments?post=889"}],"version-history":[{"count":1,"href":"https:\/\/www.psoriasisforbundet.se\/umea\/wp-json\/wp\/v2\/pages\/889\/revisions"}],"predecessor-version":[{"id":891,"href":"https:\/\/www.psoriasisforbundet.se\/umea\/wp-json\/wp\/v2\/pages\/889\/revisions\/891"}],"wp:attachment":[{"href":"https:\/\/www.psoriasisforbundet.se\/umea\/wp-json\/wp\/v2\/media?parent=889"}],"curies":[{"name":"wp","href":"https:\/\/api.w.org\/{rel}","templated":true}]}}