{"id":985,"date":"2023-11-15T09:59:08","date_gmt":"2023-11-15T08:59:08","guid":{"rendered":"https:\/\/www.psoriasisforbundet.se\/umea\/?page_id=985"},"modified":"2023-11-15T10:00:03","modified_gmt":"2023-11-15T09:00:03","slug":"kulturell-resa-till-rodbergsfortet","status":"publish","type":"page","link":"https:\/\/www.psoriasisforbundet.se\/umea\/kulturell-resa-till-rodbergsfortet\/","title":{"rendered":"Kulturell resa till R\u00f6dbergsfortet"},"content":{"rendered":"","protected":false},"excerpt":{"rendered":"","protected":false},"author":32,"featured_media":0,"parent":0,"menu_order":0,"comment_status":"closed","ping_status":"closed","template":"","meta":{"_acf_changed":false,"_monsterinsights_skip_tracking":false,"_monsterinsights_sitenote_active":false,"_monsterinsights_sitenote_note":"","_monsterinsights_sitenote_category":0,"footnotes":""},"class_list":["post-985","page","type-page","status-publish","hentry"],"acf":[],"yoast_head":"<!-- This site is optimized with the Yoast SEO plugin v27.4 - https:\/\/yoast.com\/product\/yoast-seo-wordpress\/ -->\n<title>Kulturell resa till R\u00f6dbergsfortet - Ume\u00e5<\/title>\n<meta name=\"description\" content=\"Bes\u00f6karna kunde l\u00e4tt f\u00e5 en k\u00e4nsla av hur den underjordiska bevakningen av Sverige s\u00e5g ut. H\u00e4r nere levde den flera hundra man stora personalstyrkan i stor hemlighet. Sverige skulle f\u00f6rsvaras. Psoriasisf\u00f6rbundet Ume\u00e5 lokalavdelning har gjort en bussresa till en av Bodens f\u00e4stningar, R\u00f6dbergsfortet. Ett knappt 30-tal medlemmar \u00e5kte fr\u00e5n ett gr\u00e5tt Ume\u00e5 upp emot Boden och d\u00e4r m\u00f6ttes de av den vita sn\u00f6n och glittrande solen men \u00e4ven av guiden Mats Rhen.\" \/>\n<meta name=\"robots\" content=\"index, follow, max-snippet:-1, max-image-preview:large, max-video-preview:-1\" \/>\n<link rel=\"canonical\" href=\"https:\/\/www.psoriasisforbundet.se\/umea\/kulturell-resa-till-rodbergsfortet\/\" \/>\n<meta property=\"og:locale\" content=\"sv_SE\" \/>\n<meta property=\"og:type\" content=\"article\" \/>\n<meta property=\"og:title\" content=\"Kulturell resa till R\u00f6dbergsfortet - Ume\u00e5\" \/>\n<meta property=\"og:url\" content=\"https:\/\/www.psoriasisforbundet.se\/umea\/kulturell-resa-till-rodbergsfortet\/\" \/>\n<meta property=\"og:site_name\" content=\"Ume\u00e5\" \/>\n<meta property=\"article:publisher\" content=\"https:\/\/www.facebook.com\/Psoriasisf%c3%b6reningen-i-Ume%c3%a5-337278931695\/\" \/>\n<meta property=\"article:modified_time\" content=\"2023-11-15T09:00:03+00:00\" \/>\n<meta name=\"twitter:card\" content=\"summary_large_image\" \/>\n<script type=\"application\/ld+json\" class=\"yoast-schema-graph\">{\"@context\":\"https:\\\/\\\/schema.org\",\"@graph\":[{\"@type\":\"WebPage\",\"@id\":\"https:\\\/\\\/www.psoriasisforbundet.se\\\/umea\\\/kulturell-resa-till-rodbergsfortet\\\/\",\"url\":\"https:\\\/\\\/www.psoriasisforbundet.se\\\/umea\\\/kulturell-resa-till-rodbergsfortet\\\/\",\"name\":\"Kulturell resa till R\u00f6dbergsfortet - Ume\u00e5\",\"isPartOf\":{\"@id\":\"https:\\\/\\\/www.psoriasisforbundet.se\\\/umea\\\/#website\"},\"datePublished\":\"2023-11-15T08:59:08+00:00\",\"dateModified\":\"2023-11-15T09:00:03+00:00\",\"breadcrumb\":{\"@id\":\"https:\\\/\\\/www.psoriasisforbundet.se\\\/umea\\\/kulturell-resa-till-rodbergsfortet\\\/#breadcrumb\"},\"inLanguage\":\"sv-SE\",\"potentialAction\":[{\"@type\":\"ReadAction\",\"target\":[\"https:\\\/\\\/www.psoriasisforbundet.se\\\/umea\\\/kulturell-resa-till-rodbergsfortet\\\/\"]}]},{\"@type\":\"BreadcrumbList\",\"@id\":\"https:\\\/\\\/www.psoriasisforbundet.se\\\/umea\\\/kulturell-resa-till-rodbergsfortet\\\/#breadcrumb\",\"itemListElement\":[{\"@type\":\"ListItem\",\"position\":1,\"name\":\"Psoriasisf\u00f6rbundet Ume\u00e5 Lokalavdelning\",\"item\":\"https:\\\/\\\/www.psoriasisforbundet.se\\\/umea\\\/\"},{\"@type\":\"ListItem\",\"position\":2,\"name\":\"Kulturell resa till R\u00f6dbergsfortet\"}]},{\"@type\":\"WebSite\",\"@id\":\"https:\\\/\\\/www.psoriasisforbundet.se\\\/umea\\\/#website\",\"url\":\"https:\\\/\\\/www.psoriasisforbundet.se\\\/umea\\\/\",\"name\":\"Ume\u00e5\",\"description\":\"En till Psorias Sites webbplats\",\"potentialAction\":[{\"@type\":\"SearchAction\",\"target\":{\"@type\":\"EntryPoint\",\"urlTemplate\":\"https:\\\/\\\/www.psoriasisforbundet.se\\\/umea\\\/?s={search_term_string}\"},\"query-input\":{\"@type\":\"PropertyValueSpecification\",\"valueRequired\":true,\"valueName\":\"search_term_string\"}}],\"inLanguage\":\"sv-SE\"}]}<\/script>\n<!-- \/ Yoast SEO plugin. -->","yoast_head_json":{"title":"Kulturell resa till R\u00f6dbergsfortet - Ume\u00e5","description":"Bes\u00f6karna kunde l\u00e4tt f\u00e5 en k\u00e4nsla av hur den underjordiska bevakningen av Sverige s\u00e5g ut. H\u00e4r nere levde den flera hundra man stora personalstyrkan i stor hemlighet. Sverige skulle f\u00f6rsvaras. Psoriasisf\u00f6rbundet Ume\u00e5 lokalavdelning har gjort en bussresa till en av Bodens f\u00e4stningar, R\u00f6dbergsfortet. Ett knappt 30-tal medlemmar \u00e5kte fr\u00e5n ett gr\u00e5tt Ume\u00e5 upp emot Boden och d\u00e4r m\u00f6ttes de av den vita sn\u00f6n och glittrande solen men \u00e4ven av guiden Mats Rhen.","robots":{"index":"index","follow":"follow","max-snippet":"max-snippet:-1","max-image-preview":"max-image-preview:large","max-video-preview":"max-video-preview:-1"},"canonical":"https:\/\/www.psoriasisforbundet.se\/umea\/kulturell-resa-till-rodbergsfortet\/","og_locale":"sv_SE","og_type":"article","og_title":"Kulturell resa till R\u00f6dbergsfortet - Ume\u00e5","og_url":"https:\/\/www.psoriasisforbundet.se\/umea\/kulturell-resa-till-rodbergsfortet\/","og_site_name":"Ume\u00e5","article_publisher":"https:\/\/www.facebook.com\/Psoriasisf%c3%b6reningen-i-Ume%c3%a5-337278931695\/","article_modified_time":"2023-11-15T09:00:03+00:00","twitter_card":"summary_large_image","schema":{"@context":"https:\/\/schema.org","@graph":[{"@type":"WebPage","@id":"https:\/\/www.psoriasisforbundet.se\/umea\/kulturell-resa-till-rodbergsfortet\/","url":"https:\/\/www.psoriasisforbundet.se\/umea\/kulturell-resa-till-rodbergsfortet\/","name":"Kulturell resa till R\u00f6dbergsfortet - Ume\u00e5","isPartOf":{"@id":"https:\/\/www.psoriasisforbundet.se\/umea\/#website"},"datePublished":"2023-11-15T08:59:08+00:00","dateModified":"2023-11-15T09:00:03+00:00","breadcrumb":{"@id":"https:\/\/www.psoriasisforbundet.se\/umea\/kulturell-resa-till-rodbergsfortet\/#breadcrumb"},"inLanguage":"sv-SE","potentialAction":[{"@type":"ReadAction","target":["https:\/\/www.psoriasisforbundet.se\/umea\/kulturell-resa-till-rodbergsfortet\/"]}]},{"@type":"BreadcrumbList","@id":"https:\/\/www.psoriasisforbundet.se\/umea\/kulturell-resa-till-rodbergsfortet\/#breadcrumb","itemListElement":[{"@type":"ListItem","position":1,"name":"Psoriasisf\u00f6rbundet Ume\u00e5 Lokalavdelning","item":"https:\/\/www.psoriasisforbundet.se\/umea\/"},{"@type":"ListItem","position":2,"name":"Kulturell resa till R\u00f6dbergsfortet"}]},{"@type":"WebSite","@id":"https:\/\/www.psoriasisforbundet.se\/umea\/#website","url":"https:\/\/www.psoriasisforbundet.se\/umea\/","name":"Ume\u00e5","description":"En till Psorias Sites webbplats","potentialAction":[{"@type":"SearchAction","target":{"@type":"EntryPoint","urlTemplate":"https:\/\/www.psoriasisforbundet.se\/umea\/?s={search_term_string}"},"query-input":{"@type":"PropertyValueSpecification","valueRequired":true,"valueName":"search_term_string"}}],"inLanguage":"sv-SE"}]}},"_links":{"self":[{"href":"https:\/\/www.psoriasisforbundet.se\/umea\/wp-json\/wp\/v2\/pages\/985","targetHints":{"allow":["GET"]}}],"collection":[{"href":"https:\/\/www.psoriasisforbundet.se\/umea\/wp-json\/wp\/v2\/pages"}],"about":[{"href":"https:\/\/www.psoriasisforbundet.se\/umea\/wp-json\/wp\/v2\/types\/page"}],"author":[{"embeddable":true,"href":"https:\/\/www.psoriasisforbundet.se\/umea\/wp-json\/wp\/v2\/users\/32"}],"replies":[{"embeddable":true,"href":"https:\/\/www.psoriasisforbundet.se\/umea\/wp-json\/wp\/v2\/comments?post=985"}],"version-history":[{"count":2,"href":"https:\/\/www.psoriasisforbundet.se\/umea\/wp-json\/wp\/v2\/pages\/985\/revisions"}],"predecessor-version":[{"id":992,"href":"https:\/\/www.psoriasisforbundet.se\/umea\/wp-json\/wp\/v2\/pages\/985\/revisions\/992"}],"wp:attachment":[{"href":"https:\/\/www.psoriasisforbundet.se\/umea\/wp-json\/wp\/v2\/media?parent=985"}],"curies":[{"name":"wp","href":"https:\/\/api.w.org\/{rel}","templated":true}]}}