{"id":996,"date":"2023-11-30T09:47:51","date_gmt":"2023-11-30T08:47:51","guid":{"rendered":"https:\/\/www.psoriasisforbundet.se\/umea\/?page_id=996"},"modified":"2023-11-30T10:12:11","modified_gmt":"2023-11-30T09:12:11","slug":"psoriasisforbundet-avslutade-aret-med-hostfest","status":"publish","type":"page","link":"https:\/\/www.psoriasisforbundet.se\/umea\/psoriasisforbundet-avslutade-aret-med-hostfest\/","title":{"rendered":"Psoriasisf\u00f6rbundet avslutade \u00e5ret med h\u00f6stfest"},"content":{"rendered":"","protected":false},"excerpt":{"rendered":"","protected":false},"author":32,"featured_media":0,"parent":0,"menu_order":0,"comment_status":"closed","ping_status":"closed","template":"","meta":{"_acf_changed":false,"_monsterinsights_skip_tracking":false,"_monsterinsights_sitenote_active":false,"_monsterinsights_sitenote_note":"","_monsterinsights_sitenote_category":0,"footnotes":""},"class_list":["post-996","page","type-page","status-publish","hentry"],"acf":[],"yoast_head":"<!-- This site is optimized with the Yoast SEO plugin v27.3 - https:\/\/yoast.com\/product\/yoast-seo-wordpress\/ -->\n<title>Psoriasisf\u00f6rbundet avslutade \u00e5ret med h\u00f6stfest - Ume\u00e5<\/title>\n<meta name=\"description\" content=\"Med god mat, lotterif\u00f6rs\u00e4ljning och glada miner avslutade Psoriasisf\u00f6reningen i Ume\u00e5 sitt verksamhets\u00e5r\" \/>\n<meta name=\"robots\" content=\"index, follow, max-snippet:-1, max-image-preview:large, max-video-preview:-1\" \/>\n<link rel=\"canonical\" href=\"https:\/\/www.psoriasisforbundet.se\/umea\/psoriasisforbundet-avslutade-aret-med-hostfest\/\" \/>\n<meta property=\"og:locale\" content=\"sv_SE\" \/>\n<meta property=\"og:type\" content=\"article\" \/>\n<meta property=\"og:title\" content=\"Psoriasisf\u00f6rbundet avslutade \u00e5ret med h\u00f6stfest - Ume\u00e5\" \/>\n<meta property=\"og:url\" content=\"https:\/\/www.psoriasisforbundet.se\/umea\/psoriasisforbundet-avslutade-aret-med-hostfest\/\" \/>\n<meta property=\"og:site_name\" content=\"Ume\u00e5\" \/>\n<meta property=\"article:publisher\" content=\"https:\/\/www.facebook.com\/Psoriasisf%c3%b6reningen-i-Ume%c3%a5-337278931695\/\" \/>\n<meta property=\"article:modified_time\" content=\"2023-11-30T09:12:11+00:00\" \/>\n<meta name=\"twitter:card\" content=\"summary_large_image\" \/>\n<script type=\"application\/ld+json\" class=\"yoast-schema-graph\">{\"@context\":\"https:\\\/\\\/schema.org\",\"@graph\":[{\"@type\":\"WebPage\",\"@id\":\"https:\\\/\\\/www.psoriasisforbundet.se\\\/umea\\\/psoriasisforbundet-avslutade-aret-med-hostfest\\\/\",\"url\":\"https:\\\/\\\/www.psoriasisforbundet.se\\\/umea\\\/psoriasisforbundet-avslutade-aret-med-hostfest\\\/\",\"name\":\"Psoriasisf\u00f6rbundet avslutade \u00e5ret med h\u00f6stfest - Ume\u00e5\",\"isPartOf\":{\"@id\":\"https:\\\/\\\/www.psoriasisforbundet.se\\\/umea\\\/#website\"},\"datePublished\":\"2023-11-30T08:47:51+00:00\",\"dateModified\":\"2023-11-30T09:12:11+00:00\",\"breadcrumb\":{\"@id\":\"https:\\\/\\\/www.psoriasisforbundet.se\\\/umea\\\/psoriasisforbundet-avslutade-aret-med-hostfest\\\/#breadcrumb\"},\"inLanguage\":\"sv-SE\",\"potentialAction\":[{\"@type\":\"ReadAction\",\"target\":[\"https:\\\/\\\/www.psoriasisforbundet.se\\\/umea\\\/psoriasisforbundet-avslutade-aret-med-hostfest\\\/\"]}]},{\"@type\":\"BreadcrumbList\",\"@id\":\"https:\\\/\\\/www.psoriasisforbundet.se\\\/umea\\\/psoriasisforbundet-avslutade-aret-med-hostfest\\\/#breadcrumb\",\"itemListElement\":[{\"@type\":\"ListItem\",\"position\":1,\"name\":\"Psoriasisf\u00f6rbundet Ume\u00e5 Lokalavdelning\",\"item\":\"https:\\\/\\\/www.psoriasisforbundet.se\\\/umea\\\/\"},{\"@type\":\"ListItem\",\"position\":2,\"name\":\"Psoriasisf\u00f6rbundet avslutade \u00e5ret med h\u00f6stfest\"}]},{\"@type\":\"WebSite\",\"@id\":\"https:\\\/\\\/www.psoriasisforbundet.se\\\/umea\\\/#website\",\"url\":\"https:\\\/\\\/www.psoriasisforbundet.se\\\/umea\\\/\",\"name\":\"Ume\u00e5\",\"description\":\"En till Psorias Sites webbplats\",\"potentialAction\":[{\"@type\":\"SearchAction\",\"target\":{\"@type\":\"EntryPoint\",\"urlTemplate\":\"https:\\\/\\\/www.psoriasisforbundet.se\\\/umea\\\/?s={search_term_string}\"},\"query-input\":{\"@type\":\"PropertyValueSpecification\",\"valueRequired\":true,\"valueName\":\"search_term_string\"}}],\"inLanguage\":\"sv-SE\"}]}<\/script>\n<!-- \/ Yoast SEO plugin. -->","yoast_head_json":{"title":"Psoriasisf\u00f6rbundet avslutade \u00e5ret med h\u00f6stfest - Ume\u00e5","description":"Med god mat, lotterif\u00f6rs\u00e4ljning och glada miner avslutade Psoriasisf\u00f6reningen i Ume\u00e5 sitt verksamhets\u00e5r","robots":{"index":"index","follow":"follow","max-snippet":"max-snippet:-1","max-image-preview":"max-image-preview:large","max-video-preview":"max-video-preview:-1"},"canonical":"https:\/\/www.psoriasisforbundet.se\/umea\/psoriasisforbundet-avslutade-aret-med-hostfest\/","og_locale":"sv_SE","og_type":"article","og_title":"Psoriasisf\u00f6rbundet avslutade \u00e5ret med h\u00f6stfest - Ume\u00e5","og_url":"https:\/\/www.psoriasisforbundet.se\/umea\/psoriasisforbundet-avslutade-aret-med-hostfest\/","og_site_name":"Ume\u00e5","article_publisher":"https:\/\/www.facebook.com\/Psoriasisf%c3%b6reningen-i-Ume%c3%a5-337278931695\/","article_modified_time":"2023-11-30T09:12:11+00:00","twitter_card":"summary_large_image","schema":{"@context":"https:\/\/schema.org","@graph":[{"@type":"WebPage","@id":"https:\/\/www.psoriasisforbundet.se\/umea\/psoriasisforbundet-avslutade-aret-med-hostfest\/","url":"https:\/\/www.psoriasisforbundet.se\/umea\/psoriasisforbundet-avslutade-aret-med-hostfest\/","name":"Psoriasisf\u00f6rbundet avslutade \u00e5ret med h\u00f6stfest - Ume\u00e5","isPartOf":{"@id":"https:\/\/www.psoriasisforbundet.se\/umea\/#website"},"datePublished":"2023-11-30T08:47:51+00:00","dateModified":"2023-11-30T09:12:11+00:00","breadcrumb":{"@id":"https:\/\/www.psoriasisforbundet.se\/umea\/psoriasisforbundet-avslutade-aret-med-hostfest\/#breadcrumb"},"inLanguage":"sv-SE","potentialAction":[{"@type":"ReadAction","target":["https:\/\/www.psoriasisforbundet.se\/umea\/psoriasisforbundet-avslutade-aret-med-hostfest\/"]}]},{"@type":"BreadcrumbList","@id":"https:\/\/www.psoriasisforbundet.se\/umea\/psoriasisforbundet-avslutade-aret-med-hostfest\/#breadcrumb","itemListElement":[{"@type":"ListItem","position":1,"name":"Psoriasisf\u00f6rbundet Ume\u00e5 Lokalavdelning","item":"https:\/\/www.psoriasisforbundet.se\/umea\/"},{"@type":"ListItem","position":2,"name":"Psoriasisf\u00f6rbundet avslutade \u00e5ret med h\u00f6stfest"}]},{"@type":"WebSite","@id":"https:\/\/www.psoriasisforbundet.se\/umea\/#website","url":"https:\/\/www.psoriasisforbundet.se\/umea\/","name":"Ume\u00e5","description":"En till Psorias Sites webbplats","potentialAction":[{"@type":"SearchAction","target":{"@type":"EntryPoint","urlTemplate":"https:\/\/www.psoriasisforbundet.se\/umea\/?s={search_term_string}"},"query-input":{"@type":"PropertyValueSpecification","valueRequired":true,"valueName":"search_term_string"}}],"inLanguage":"sv-SE"}]}},"_links":{"self":[{"href":"https:\/\/www.psoriasisforbundet.se\/umea\/wp-json\/wp\/v2\/pages\/996","targetHints":{"allow":["GET"]}}],"collection":[{"href":"https:\/\/www.psoriasisforbundet.se\/umea\/wp-json\/wp\/v2\/pages"}],"about":[{"href":"https:\/\/www.psoriasisforbundet.se\/umea\/wp-json\/wp\/v2\/types\/page"}],"author":[{"embeddable":true,"href":"https:\/\/www.psoriasisforbundet.se\/umea\/wp-json\/wp\/v2\/users\/32"}],"replies":[{"embeddable":true,"href":"https:\/\/www.psoriasisforbundet.se\/umea\/wp-json\/wp\/v2\/comments?post=996"}],"version-history":[{"count":3,"href":"https:\/\/www.psoriasisforbundet.se\/umea\/wp-json\/wp\/v2\/pages\/996\/revisions"}],"predecessor-version":[{"id":1011,"href":"https:\/\/www.psoriasisforbundet.se\/umea\/wp-json\/wp\/v2\/pages\/996\/revisions\/1011"}],"wp:attachment":[{"href":"https:\/\/www.psoriasisforbundet.se\/umea\/wp-json\/wp\/v2\/media?parent=996"}],"curies":[{"name":"wp","href":"https:\/\/api.w.org\/{rel}","templated":true}]}}