{"id":1031,"date":"2025-11-13T19:23:51","date_gmt":"2025-11-13T18:23:51","guid":{"rendered":"https:\/\/www.psoriasisforbundet.se\/vasterbotten\/?page_id=1031"},"modified":"2025-11-19T14:34:44","modified_gmt":"2025-11-19T13:34:44","slug":"vasterbottens-museums-utstallning-rattigheterna-ar-vara","status":"publish","type":"page","link":"https:\/\/www.psoriasisforbundet.se\/vasterbotten\/vasterbottens-museums-utstallning-rattigheterna-ar-vara\/","title":{"rendered":"V\u00e4sterbottens museums utst\u00e4llning, R\u00e4ttigheterna \u00e4r v\u00e5ra!"},"content":{"rendered":"","protected":false},"excerpt":{"rendered":"","protected":false},"author":32,"featured_media":0,"parent":0,"menu_order":0,"comment_status":"closed","ping_status":"closed","template":"","meta":{"_acf_changed":false,"_monsterinsights_skip_tracking":false,"_monsterinsights_sitenote_active":false,"_monsterinsights_sitenote_note":"","_monsterinsights_sitenote_category":0,"footnotes":""},"class_list":["post-1031","page","type-page","status-publish","hentry"],"acf":[],"yoast_head":"<!-- This site is optimized with the Yoast SEO plugin v27.3 - https:\/\/yoast.com\/product\/yoast-seo-wordpress\/ -->\n<title>V\u00e4sterbottens museums utst\u00e4llning, R\u00e4ttigheterna \u00e4r v\u00e5ra! - V\u00e4sterbottens l\u00e4n<\/title>\n<meta name=\"description\" content=\"Medlemmar bes\u00f6kte V\u00e4sterbottens museums utst\u00e4llning, R\u00e4ttigheterna \u00e4r v\u00e5ra. D\u00e4refter f\u00f6rel\u00e4ste Tina Norgren, Psoriasisf\u00f6rbundet Norrbotten, om ett Personcentrerat och sammanh\u00e5llet v\u00e5rdf\u00f6rlopp f\u00f6r psoriasis.\" \/>\n<meta name=\"robots\" content=\"index, follow, max-snippet:-1, max-image-preview:large, max-video-preview:-1\" \/>\n<link rel=\"canonical\" href=\"https:\/\/www.psoriasisforbundet.se\/vasterbotten\/vasterbottens-museums-utstallning-rattigheterna-ar-vara\/\" \/>\n<meta property=\"og:locale\" content=\"sv_SE\" \/>\n<meta property=\"og:type\" content=\"article\" \/>\n<meta property=\"og:title\" content=\"V\u00e4sterbottens museums utst\u00e4llning, R\u00e4ttigheterna \u00e4r v\u00e5ra! - V\u00e4sterbottens l\u00e4n\" \/>\n<meta property=\"og:url\" content=\"https:\/\/www.psoriasisforbundet.se\/vasterbotten\/vasterbottens-museums-utstallning-rattigheterna-ar-vara\/\" \/>\n<meta property=\"og:site_name\" content=\"V\u00e4sterbottens l\u00e4n\" \/>\n<meta property=\"article:modified_time\" content=\"2025-11-19T13:34:44+00:00\" \/>\n<meta name=\"twitter:card\" content=\"summary_large_image\" \/>\n<meta name=\"twitter:label1\" content=\"Ber\u00e4knad l\u00e4stid\" \/>\n\t<meta name=\"twitter:data1\" content=\"2 minuter\" \/>\n<script type=\"application\/ld+json\" class=\"yoast-schema-graph\">{\"@context\":\"https:\\\/\\\/schema.org\",\"@graph\":[{\"@type\":\"WebPage\",\"@id\":\"https:\\\/\\\/www.psoriasisforbundet.se\\\/vasterbotten\\\/vasterbottens-museums-utstallning-rattigheterna-ar-vara\\\/\",\"url\":\"https:\\\/\\\/www.psoriasisforbundet.se\\\/vasterbotten\\\/vasterbottens-museums-utstallning-rattigheterna-ar-vara\\\/\",\"name\":\"V\u00e4sterbottens museums utst\u00e4llning, R\u00e4ttigheterna \u00e4r v\u00e5ra! - V\u00e4sterbottens l\u00e4n\",\"isPartOf\":{\"@id\":\"https:\\\/\\\/www.psoriasisforbundet.se\\\/vasterbotten\\\/#website\"},\"datePublished\":\"2025-11-13T18:23:51+00:00\",\"dateModified\":\"2025-11-19T13:34:44+00:00\",\"breadcrumb\":{\"@id\":\"https:\\\/\\\/www.psoriasisforbundet.se\\\/vasterbotten\\\/vasterbottens-museums-utstallning-rattigheterna-ar-vara\\\/#breadcrumb\"},\"inLanguage\":\"sv-SE\",\"potentialAction\":[{\"@type\":\"ReadAction\",\"target\":[\"https:\\\/\\\/www.psoriasisforbundet.se\\\/vasterbotten\\\/vasterbottens-museums-utstallning-rattigheterna-ar-vara\\\/\"]}]},{\"@type\":\"BreadcrumbList\",\"@id\":\"https:\\\/\\\/www.psoriasisforbundet.se\\\/vasterbotten\\\/vasterbottens-museums-utstallning-rattigheterna-ar-vara\\\/#breadcrumb\",\"itemListElement\":[{\"@type\":\"ListItem\",\"position\":1,\"name\":\"V\u00e4sterbottens l\u00e4n\",\"item\":\"https:\\\/\\\/www.psoriasisforbundet.se\\\/vasterbotten\\\/\"},{\"@type\":\"ListItem\",\"position\":2,\"name\":\"V\u00e4sterbottens museums utst\u00e4llning, R\u00e4ttigheterna \u00e4r v\u00e5ra!\"}]},{\"@type\":\"WebSite\",\"@id\":\"https:\\\/\\\/www.psoriasisforbundet.se\\\/vasterbotten\\\/#website\",\"url\":\"https:\\\/\\\/www.psoriasisforbundet.se\\\/vasterbotten\\\/\",\"name\":\"V\u00e4sterbottens l\u00e4n\",\"description\":\"En till Psorias Sites webbplats\",\"potentialAction\":[{\"@type\":\"SearchAction\",\"target\":{\"@type\":\"EntryPoint\",\"urlTemplate\":\"https:\\\/\\\/www.psoriasisforbundet.se\\\/vasterbotten\\\/?s={search_term_string}\"},\"query-input\":{\"@type\":\"PropertyValueSpecification\",\"valueRequired\":true,\"valueName\":\"search_term_string\"}}],\"inLanguage\":\"sv-SE\"}]}<\/script>\n<!-- \/ Yoast SEO plugin. -->","yoast_head_json":{"title":"V\u00e4sterbottens museums utst\u00e4llning, R\u00e4ttigheterna \u00e4r v\u00e5ra! - V\u00e4sterbottens l\u00e4n","description":"Medlemmar bes\u00f6kte V\u00e4sterbottens museums utst\u00e4llning, R\u00e4ttigheterna \u00e4r v\u00e5ra. D\u00e4refter f\u00f6rel\u00e4ste Tina Norgren, Psoriasisf\u00f6rbundet Norrbotten, om ett Personcentrerat och sammanh\u00e5llet v\u00e5rdf\u00f6rlopp f\u00f6r psoriasis.","robots":{"index":"index","follow":"follow","max-snippet":"max-snippet:-1","max-image-preview":"max-image-preview:large","max-video-preview":"max-video-preview:-1"},"canonical":"https:\/\/www.psoriasisforbundet.se\/vasterbotten\/vasterbottens-museums-utstallning-rattigheterna-ar-vara\/","og_locale":"sv_SE","og_type":"article","og_title":"V\u00e4sterbottens museums utst\u00e4llning, R\u00e4ttigheterna \u00e4r v\u00e5ra! - V\u00e4sterbottens l\u00e4n","og_url":"https:\/\/www.psoriasisforbundet.se\/vasterbotten\/vasterbottens-museums-utstallning-rattigheterna-ar-vara\/","og_site_name":"V\u00e4sterbottens l\u00e4n","article_modified_time":"2025-11-19T13:34:44+00:00","twitter_card":"summary_large_image","twitter_misc":{"Ber\u00e4knad l\u00e4stid":"2 minuter"},"schema":{"@context":"https:\/\/schema.org","@graph":[{"@type":"WebPage","@id":"https:\/\/www.psoriasisforbundet.se\/vasterbotten\/vasterbottens-museums-utstallning-rattigheterna-ar-vara\/","url":"https:\/\/www.psoriasisforbundet.se\/vasterbotten\/vasterbottens-museums-utstallning-rattigheterna-ar-vara\/","name":"V\u00e4sterbottens museums utst\u00e4llning, R\u00e4ttigheterna \u00e4r v\u00e5ra! - V\u00e4sterbottens l\u00e4n","isPartOf":{"@id":"https:\/\/www.psoriasisforbundet.se\/vasterbotten\/#website"},"datePublished":"2025-11-13T18:23:51+00:00","dateModified":"2025-11-19T13:34:44+00:00","breadcrumb":{"@id":"https:\/\/www.psoriasisforbundet.se\/vasterbotten\/vasterbottens-museums-utstallning-rattigheterna-ar-vara\/#breadcrumb"},"inLanguage":"sv-SE","potentialAction":[{"@type":"ReadAction","target":["https:\/\/www.psoriasisforbundet.se\/vasterbotten\/vasterbottens-museums-utstallning-rattigheterna-ar-vara\/"]}]},{"@type":"BreadcrumbList","@id":"https:\/\/www.psoriasisforbundet.se\/vasterbotten\/vasterbottens-museums-utstallning-rattigheterna-ar-vara\/#breadcrumb","itemListElement":[{"@type":"ListItem","position":1,"name":"V\u00e4sterbottens l\u00e4n","item":"https:\/\/www.psoriasisforbundet.se\/vasterbotten\/"},{"@type":"ListItem","position":2,"name":"V\u00e4sterbottens museums utst\u00e4llning, R\u00e4ttigheterna \u00e4r v\u00e5ra!"}]},{"@type":"WebSite","@id":"https:\/\/www.psoriasisforbundet.se\/vasterbotten\/#website","url":"https:\/\/www.psoriasisforbundet.se\/vasterbotten\/","name":"V\u00e4sterbottens l\u00e4n","description":"En till Psorias Sites webbplats","potentialAction":[{"@type":"SearchAction","target":{"@type":"EntryPoint","urlTemplate":"https:\/\/www.psoriasisforbundet.se\/vasterbotten\/?s={search_term_string}"},"query-input":{"@type":"PropertyValueSpecification","valueRequired":true,"valueName":"search_term_string"}}],"inLanguage":"sv-SE"}]}},"_links":{"self":[{"href":"https:\/\/www.psoriasisforbundet.se\/vasterbotten\/wp-json\/wp\/v2\/pages\/1031","targetHints":{"allow":["GET"]}}],"collection":[{"href":"https:\/\/www.psoriasisforbundet.se\/vasterbotten\/wp-json\/wp\/v2\/pages"}],"about":[{"href":"https:\/\/www.psoriasisforbundet.se\/vasterbotten\/wp-json\/wp\/v2\/types\/page"}],"author":[{"embeddable":true,"href":"https:\/\/www.psoriasisforbundet.se\/vasterbotten\/wp-json\/wp\/v2\/users\/32"}],"replies":[{"embeddable":true,"href":"https:\/\/www.psoriasisforbundet.se\/vasterbotten\/wp-json\/wp\/v2\/comments?post=1031"}],"version-history":[{"count":6,"href":"https:\/\/www.psoriasisforbundet.se\/vasterbotten\/wp-json\/wp\/v2\/pages\/1031\/revisions"}],"predecessor-version":[{"id":1038,"href":"https:\/\/www.psoriasisforbundet.se\/vasterbotten\/wp-json\/wp\/v2\/pages\/1031\/revisions\/1038"}],"wp:attachment":[{"href":"https:\/\/www.psoriasisforbundet.se\/vasterbotten\/wp-json\/wp\/v2\/media?parent=1031"}],"curies":[{"name":"wp","href":"https:\/\/api.w.org\/{rel}","templated":true}]}}