{"id":561,"date":"2022-09-09T12:53:33","date_gmt":"2022-09-09T10:53:33","guid":{"rendered":"https:\/\/www.psoriasisforbundet.se\/vasterbotten\/?page_id=561"},"modified":"2025-04-13T19:15:41","modified_gmt":"2025-04-13T17:15:41","slug":"arsmoten","status":"publish","type":"page","link":"https:\/\/www.psoriasisforbundet.se\/vasterbotten\/arsmoten\/","title":{"rendered":"\u00c5rsm\u00f6ten 2023"},"content":{"rendered":"","protected":false},"excerpt":{"rendered":"","protected":false},"author":32,"featured_media":0,"parent":0,"menu_order":0,"comment_status":"closed","ping_status":"closed","template":"","meta":{"_acf_changed":false,"_monsterinsights_skip_tracking":false,"_monsterinsights_sitenote_active":false,"_monsterinsights_sitenote_note":"","_monsterinsights_sitenote_category":0,"footnotes":""},"class_list":["post-561","page","type-page","status-publish","hentry"],"acf":[],"yoast_head":"<!-- This site is optimized with the Yoast SEO plugin v27.3 - https:\/\/yoast.com\/product\/yoast-seo-wordpress\/ -->\n<title>\u00c5rsm\u00f6ten 2023 - V\u00e4sterbottens l\u00e4n<\/title>\n<meta name=\"description\" content=\"Psoriasisf\u00f6rbundet V\u00e4sterbottens l\u00e4n h\u00e5ller \u00e5rsm\u00f6ten varje \u00e5r, det brukar f\u00f6rl\u00e4ggas till april m\u00e5nad\" \/>\n<meta name=\"robots\" content=\"index, follow, max-snippet:-1, max-image-preview:large, max-video-preview:-1\" \/>\n<link rel=\"canonical\" href=\"https:\/\/www.psoriasisforbundet.se\/vasterbotten\/arsmoten\/\" \/>\n<meta property=\"og:locale\" content=\"sv_SE\" \/>\n<meta property=\"og:type\" content=\"article\" \/>\n<meta property=\"og:title\" content=\"\u00c5rsm\u00f6ten 2023 - V\u00e4sterbottens l\u00e4n\" \/>\n<meta property=\"og:url\" content=\"https:\/\/www.psoriasisforbundet.se\/vasterbotten\/arsmoten\/\" \/>\n<meta property=\"og:site_name\" content=\"V\u00e4sterbottens l\u00e4n\" \/>\n<meta property=\"article:modified_time\" content=\"2025-04-13T17:15:41+00:00\" \/>\n<meta name=\"twitter:card\" content=\"summary_large_image\" \/>\n<meta name=\"twitter:label1\" content=\"Ber\u00e4knad l\u00e4stid\" \/>\n\t<meta name=\"twitter:data1\" content=\"2 minuter\" \/>\n<script type=\"application\/ld+json\" class=\"yoast-schema-graph\">{\"@context\":\"https:\\\/\\\/schema.org\",\"@graph\":[{\"@type\":\"WebPage\",\"@id\":\"https:\\\/\\\/www.psoriasisforbundet.se\\\/vasterbotten\\\/arsmoten\\\/\",\"url\":\"https:\\\/\\\/www.psoriasisforbundet.se\\\/vasterbotten\\\/arsmoten\\\/\",\"name\":\"\u00c5rsm\u00f6ten 2023 - V\u00e4sterbottens l\u00e4n\",\"isPartOf\":{\"@id\":\"https:\\\/\\\/www.psoriasisforbundet.se\\\/vasterbotten\\\/#website\"},\"datePublished\":\"2022-09-09T10:53:33+00:00\",\"dateModified\":\"2025-04-13T17:15:41+00:00\",\"breadcrumb\":{\"@id\":\"https:\\\/\\\/www.psoriasisforbundet.se\\\/vasterbotten\\\/arsmoten\\\/#breadcrumb\"},\"inLanguage\":\"sv-SE\",\"potentialAction\":[{\"@type\":\"ReadAction\",\"target\":[\"https:\\\/\\\/www.psoriasisforbundet.se\\\/vasterbotten\\\/arsmoten\\\/\"]}]},{\"@type\":\"BreadcrumbList\",\"@id\":\"https:\\\/\\\/www.psoriasisforbundet.se\\\/vasterbotten\\\/arsmoten\\\/#breadcrumb\",\"itemListElement\":[{\"@type\":\"ListItem\",\"position\":1,\"name\":\"V\u00e4sterbottens l\u00e4n\",\"item\":\"https:\\\/\\\/www.psoriasisforbundet.se\\\/vasterbotten\\\/\"},{\"@type\":\"ListItem\",\"position\":2,\"name\":\"\u00c5rsm\u00f6ten 2023\"}]},{\"@type\":\"WebSite\",\"@id\":\"https:\\\/\\\/www.psoriasisforbundet.se\\\/vasterbotten\\\/#website\",\"url\":\"https:\\\/\\\/www.psoriasisforbundet.se\\\/vasterbotten\\\/\",\"name\":\"V\u00e4sterbottens l\u00e4n\",\"description\":\"En till Psorias Sites webbplats\",\"potentialAction\":[{\"@type\":\"SearchAction\",\"target\":{\"@type\":\"EntryPoint\",\"urlTemplate\":\"https:\\\/\\\/www.psoriasisforbundet.se\\\/vasterbotten\\\/?s={search_term_string}\"},\"query-input\":{\"@type\":\"PropertyValueSpecification\",\"valueRequired\":true,\"valueName\":\"search_term_string\"}}],\"inLanguage\":\"sv-SE\"}]}<\/script>\n<!-- \/ Yoast SEO plugin. -->","yoast_head_json":{"title":"\u00c5rsm\u00f6ten 2023 - V\u00e4sterbottens l\u00e4n","description":"Psoriasisf\u00f6rbundet V\u00e4sterbottens l\u00e4n h\u00e5ller \u00e5rsm\u00f6ten varje \u00e5r, det brukar f\u00f6rl\u00e4ggas till april m\u00e5nad","robots":{"index":"index","follow":"follow","max-snippet":"max-snippet:-1","max-image-preview":"max-image-preview:large","max-video-preview":"max-video-preview:-1"},"canonical":"https:\/\/www.psoriasisforbundet.se\/vasterbotten\/arsmoten\/","og_locale":"sv_SE","og_type":"article","og_title":"\u00c5rsm\u00f6ten 2023 - V\u00e4sterbottens l\u00e4n","og_url":"https:\/\/www.psoriasisforbundet.se\/vasterbotten\/arsmoten\/","og_site_name":"V\u00e4sterbottens l\u00e4n","article_modified_time":"2025-04-13T17:15:41+00:00","twitter_card":"summary_large_image","twitter_misc":{"Ber\u00e4knad l\u00e4stid":"2 minuter"},"schema":{"@context":"https:\/\/schema.org","@graph":[{"@type":"WebPage","@id":"https:\/\/www.psoriasisforbundet.se\/vasterbotten\/arsmoten\/","url":"https:\/\/www.psoriasisforbundet.se\/vasterbotten\/arsmoten\/","name":"\u00c5rsm\u00f6ten 2023 - V\u00e4sterbottens l\u00e4n","isPartOf":{"@id":"https:\/\/www.psoriasisforbundet.se\/vasterbotten\/#website"},"datePublished":"2022-09-09T10:53:33+00:00","dateModified":"2025-04-13T17:15:41+00:00","breadcrumb":{"@id":"https:\/\/www.psoriasisforbundet.se\/vasterbotten\/arsmoten\/#breadcrumb"},"inLanguage":"sv-SE","potentialAction":[{"@type":"ReadAction","target":["https:\/\/www.psoriasisforbundet.se\/vasterbotten\/arsmoten\/"]}]},{"@type":"BreadcrumbList","@id":"https:\/\/www.psoriasisforbundet.se\/vasterbotten\/arsmoten\/#breadcrumb","itemListElement":[{"@type":"ListItem","position":1,"name":"V\u00e4sterbottens l\u00e4n","item":"https:\/\/www.psoriasisforbundet.se\/vasterbotten\/"},{"@type":"ListItem","position":2,"name":"\u00c5rsm\u00f6ten 2023"}]},{"@type":"WebSite","@id":"https:\/\/www.psoriasisforbundet.se\/vasterbotten\/#website","url":"https:\/\/www.psoriasisforbundet.se\/vasterbotten\/","name":"V\u00e4sterbottens l\u00e4n","description":"En till Psorias Sites webbplats","potentialAction":[{"@type":"SearchAction","target":{"@type":"EntryPoint","urlTemplate":"https:\/\/www.psoriasisforbundet.se\/vasterbotten\/?s={search_term_string}"},"query-input":{"@type":"PropertyValueSpecification","valueRequired":true,"valueName":"search_term_string"}}],"inLanguage":"sv-SE"}]}},"_links":{"self":[{"href":"https:\/\/www.psoriasisforbundet.se\/vasterbotten\/wp-json\/wp\/v2\/pages\/561","targetHints":{"allow":["GET"]}}],"collection":[{"href":"https:\/\/www.psoriasisforbundet.se\/vasterbotten\/wp-json\/wp\/v2\/pages"}],"about":[{"href":"https:\/\/www.psoriasisforbundet.se\/vasterbotten\/wp-json\/wp\/v2\/types\/page"}],"author":[{"embeddable":true,"href":"https:\/\/www.psoriasisforbundet.se\/vasterbotten\/wp-json\/wp\/v2\/users\/32"}],"replies":[{"embeddable":true,"href":"https:\/\/www.psoriasisforbundet.se\/vasterbotten\/wp-json\/wp\/v2\/comments?post=561"}],"version-history":[{"count":11,"href":"https:\/\/www.psoriasisforbundet.se\/vasterbotten\/wp-json\/wp\/v2\/pages\/561\/revisions"}],"predecessor-version":[{"id":929,"href":"https:\/\/www.psoriasisforbundet.se\/vasterbotten\/wp-json\/wp\/v2\/pages\/561\/revisions\/929"}],"wp:attachment":[{"href":"https:\/\/www.psoriasisforbundet.se\/vasterbotten\/wp-json\/wp\/v2\/media?parent=561"}],"curies":[{"name":"wp","href":"https:\/\/api.w.org\/{rel}","templated":true}]}}