{"id":785,"date":"2024-06-03T22:31:03","date_gmt":"2024-06-03T20:31:03","guid":{"rendered":"https:\/\/www.psoriasisforbundet.se\/vasterbotten\/?page_id=785"},"modified":"2024-06-03T22:39:34","modified_gmt":"2024-06-03T20:39:34","slug":"kontaktpersoner","status":"publish","type":"page","link":"https:\/\/www.psoriasisforbundet.se\/vasterbotten\/kontaktpersoner\/","title":{"rendered":"Kontaktpersoner"},"content":{"rendered":"","protected":false},"excerpt":{"rendered":"","protected":false},"author":32,"featured_media":0,"parent":0,"menu_order":0,"comment_status":"closed","ping_status":"closed","template":"","meta":{"_acf_changed":false,"_monsterinsights_skip_tracking":false,"_monsterinsights_sitenote_active":false,"_monsterinsights_sitenote_note":"","_monsterinsights_sitenote_category":0,"footnotes":""},"class_list":["post-785","page","type-page","status-publish","hentry"],"acf":[],"yoast_head":"<!-- This site is optimized with the Yoast SEO plugin v27.3 - https:\/\/yoast.com\/product\/yoast-seo-wordpress\/ -->\n<title>Kontaktpersoner - V\u00e4sterbottens l\u00e4n<\/title>\n<meta name=\"robots\" content=\"index, follow, max-snippet:-1, max-image-preview:large, max-video-preview:-1\" \/>\n<link rel=\"canonical\" href=\"https:\/\/www.psoriasisforbundet.se\/vasterbotten\/kontaktpersoner\/\" \/>\n<meta property=\"og:locale\" content=\"sv_SE\" \/>\n<meta property=\"og:type\" content=\"article\" \/>\n<meta property=\"og:title\" content=\"Kontaktpersoner - V\u00e4sterbottens l\u00e4n\" \/>\n<meta property=\"og:url\" content=\"https:\/\/www.psoriasisforbundet.se\/vasterbotten\/kontaktpersoner\/\" \/>\n<meta property=\"og:site_name\" content=\"V\u00e4sterbottens l\u00e4n\" \/>\n<meta property=\"article:modified_time\" content=\"2024-06-03T20:39:34+00:00\" \/>\n<meta name=\"twitter:card\" content=\"summary_large_image\" \/>\n<meta name=\"twitter:label1\" content=\"Ber\u00e4knad l\u00e4stid\" \/>\n\t<meta name=\"twitter:data1\" content=\"2 minuter\" \/>\n<script type=\"application\/ld+json\" class=\"yoast-schema-graph\">{\"@context\":\"https:\\\/\\\/schema.org\",\"@graph\":[{\"@type\":\"WebPage\",\"@id\":\"https:\\\/\\\/www.psoriasisforbundet.se\\\/vasterbotten\\\/kontaktpersoner\\\/\",\"url\":\"https:\\\/\\\/www.psoriasisforbundet.se\\\/vasterbotten\\\/kontaktpersoner\\\/\",\"name\":\"Kontaktpersoner - V\u00e4sterbottens l\u00e4n\",\"isPartOf\":{\"@id\":\"https:\\\/\\\/www.psoriasisforbundet.se\\\/vasterbotten\\\/#website\"},\"datePublished\":\"2024-06-03T20:31:03+00:00\",\"dateModified\":\"2024-06-03T20:39:34+00:00\",\"breadcrumb\":{\"@id\":\"https:\\\/\\\/www.psoriasisforbundet.se\\\/vasterbotten\\\/kontaktpersoner\\\/#breadcrumb\"},\"inLanguage\":\"sv-SE\",\"potentialAction\":[{\"@type\":\"ReadAction\",\"target\":[\"https:\\\/\\\/www.psoriasisforbundet.se\\\/vasterbotten\\\/kontaktpersoner\\\/\"]}]},{\"@type\":\"BreadcrumbList\",\"@id\":\"https:\\\/\\\/www.psoriasisforbundet.se\\\/vasterbotten\\\/kontaktpersoner\\\/#breadcrumb\",\"itemListElement\":[{\"@type\":\"ListItem\",\"position\":1,\"name\":\"V\u00e4sterbottens l\u00e4n\",\"item\":\"https:\\\/\\\/www.psoriasisforbundet.se\\\/vasterbotten\\\/\"},{\"@type\":\"ListItem\",\"position\":2,\"name\":\"Kontaktpersoner\"}]},{\"@type\":\"WebSite\",\"@id\":\"https:\\\/\\\/www.psoriasisforbundet.se\\\/vasterbotten\\\/#website\",\"url\":\"https:\\\/\\\/www.psoriasisforbundet.se\\\/vasterbotten\\\/\",\"name\":\"V\u00e4sterbottens l\u00e4n\",\"description\":\"En till Psorias Sites webbplats\",\"potentialAction\":[{\"@type\":\"SearchAction\",\"target\":{\"@type\":\"EntryPoint\",\"urlTemplate\":\"https:\\\/\\\/www.psoriasisforbundet.se\\\/vasterbotten\\\/?s={search_term_string}\"},\"query-input\":{\"@type\":\"PropertyValueSpecification\",\"valueRequired\":true,\"valueName\":\"search_term_string\"}}],\"inLanguage\":\"sv-SE\"}]}<\/script>\n<!-- \/ Yoast SEO plugin. -->","yoast_head_json":{"title":"Kontaktpersoner - V\u00e4sterbottens l\u00e4n","robots":{"index":"index","follow":"follow","max-snippet":"max-snippet:-1","max-image-preview":"max-image-preview:large","max-video-preview":"max-video-preview:-1"},"canonical":"https:\/\/www.psoriasisforbundet.se\/vasterbotten\/kontaktpersoner\/","og_locale":"sv_SE","og_type":"article","og_title":"Kontaktpersoner - V\u00e4sterbottens l\u00e4n","og_url":"https:\/\/www.psoriasisforbundet.se\/vasterbotten\/kontaktpersoner\/","og_site_name":"V\u00e4sterbottens l\u00e4n","article_modified_time":"2024-06-03T20:39:34+00:00","twitter_card":"summary_large_image","twitter_misc":{"Ber\u00e4knad l\u00e4stid":"2 minuter"},"schema":{"@context":"https:\/\/schema.org","@graph":[{"@type":"WebPage","@id":"https:\/\/www.psoriasisforbundet.se\/vasterbotten\/kontaktpersoner\/","url":"https:\/\/www.psoriasisforbundet.se\/vasterbotten\/kontaktpersoner\/","name":"Kontaktpersoner - V\u00e4sterbottens l\u00e4n","isPartOf":{"@id":"https:\/\/www.psoriasisforbundet.se\/vasterbotten\/#website"},"datePublished":"2024-06-03T20:31:03+00:00","dateModified":"2024-06-03T20:39:34+00:00","breadcrumb":{"@id":"https:\/\/www.psoriasisforbundet.se\/vasterbotten\/kontaktpersoner\/#breadcrumb"},"inLanguage":"sv-SE","potentialAction":[{"@type":"ReadAction","target":["https:\/\/www.psoriasisforbundet.se\/vasterbotten\/kontaktpersoner\/"]}]},{"@type":"BreadcrumbList","@id":"https:\/\/www.psoriasisforbundet.se\/vasterbotten\/kontaktpersoner\/#breadcrumb","itemListElement":[{"@type":"ListItem","position":1,"name":"V\u00e4sterbottens l\u00e4n","item":"https:\/\/www.psoriasisforbundet.se\/vasterbotten\/"},{"@type":"ListItem","position":2,"name":"Kontaktpersoner"}]},{"@type":"WebSite","@id":"https:\/\/www.psoriasisforbundet.se\/vasterbotten\/#website","url":"https:\/\/www.psoriasisforbundet.se\/vasterbotten\/","name":"V\u00e4sterbottens l\u00e4n","description":"En till Psorias Sites webbplats","potentialAction":[{"@type":"SearchAction","target":{"@type":"EntryPoint","urlTemplate":"https:\/\/www.psoriasisforbundet.se\/vasterbotten\/?s={search_term_string}"},"query-input":{"@type":"PropertyValueSpecification","valueRequired":true,"valueName":"search_term_string"}}],"inLanguage":"sv-SE"}]}},"_links":{"self":[{"href":"https:\/\/www.psoriasisforbundet.se\/vasterbotten\/wp-json\/wp\/v2\/pages\/785","targetHints":{"allow":["GET"]}}],"collection":[{"href":"https:\/\/www.psoriasisforbundet.se\/vasterbotten\/wp-json\/wp\/v2\/pages"}],"about":[{"href":"https:\/\/www.psoriasisforbundet.se\/vasterbotten\/wp-json\/wp\/v2\/types\/page"}],"author":[{"embeddable":true,"href":"https:\/\/www.psoriasisforbundet.se\/vasterbotten\/wp-json\/wp\/v2\/users\/32"}],"replies":[{"embeddable":true,"href":"https:\/\/www.psoriasisforbundet.se\/vasterbotten\/wp-json\/wp\/v2\/comments?post=785"}],"version-history":[{"count":11,"href":"https:\/\/www.psoriasisforbundet.se\/vasterbotten\/wp-json\/wp\/v2\/pages\/785\/revisions"}],"predecessor-version":[{"id":805,"href":"https:\/\/www.psoriasisforbundet.se\/vasterbotten\/wp-json\/wp\/v2\/pages\/785\/revisions\/805"}],"wp:attachment":[{"href":"https:\/\/www.psoriasisforbundet.se\/vasterbotten\/wp-json\/wp\/v2\/media?parent=785"}],"curies":[{"name":"wp","href":"https:\/\/api.w.org\/{rel}","templated":true}]}}