{"id":894,"date":"2025-04-13T16:38:27","date_gmt":"2025-04-13T14:38:27","guid":{"rendered":"https:\/\/www.psoriasisforbundet.se\/vasterbotten\/?page_id=894"},"modified":"2025-04-13T16:38:27","modified_gmt":"2025-04-13T14:38:27","slug":"arsmote-2025","status":"publish","type":"page","link":"https:\/\/www.psoriasisforbundet.se\/vasterbotten\/arsmote-2025\/","title":{"rendered":"\u00c5rsm\u00f6te 2025"},"content":{"rendered":"","protected":false},"excerpt":{"rendered":"","protected":false},"author":32,"featured_media":0,"parent":0,"menu_order":0,"comment_status":"closed","ping_status":"closed","template":"","meta":{"_acf_changed":false,"_monsterinsights_skip_tracking":false,"_monsterinsights_sitenote_active":false,"_monsterinsights_sitenote_note":"","_monsterinsights_sitenote_category":0,"footnotes":""},"class_list":["post-894","page","type-page","status-publish","hentry"],"acf":[],"yoast_head":"<!-- This site is optimized with the Yoast SEO plugin v27.3 - https:\/\/yoast.com\/product\/yoast-seo-wordpress\/ -->\n<title>\u00c5rsm\u00f6te 2025 - V\u00e4sterbottens l\u00e4n<\/title>\n<meta name=\"description\" content=\"Styrelsen f\u00f6r 2025 best\u00e5r nu av ordf\u00f6rande Svante Granberg, sekreterare Staffan Lindgren, kass\u00f6r Roger Johansson, ledam\u00f6terna Annika Olofsson, Jessica Lillbacka och Frida Bj\u00f6rn. Som ers\u00e4ttare valdes Kerstin Hermansson Mor\u00e9n som saknas p\u00e5 bilden.\" \/>\n<meta name=\"robots\" content=\"index, follow, max-snippet:-1, max-image-preview:large, max-video-preview:-1\" \/>\n<link rel=\"canonical\" href=\"https:\/\/www.psoriasisforbundet.se\/vasterbotten\/arsmote-2025\/\" \/>\n<meta property=\"og:locale\" content=\"sv_SE\" \/>\n<meta property=\"og:type\" content=\"article\" \/>\n<meta property=\"og:title\" content=\"\u00c5rsm\u00f6te 2025 - V\u00e4sterbottens l\u00e4n\" \/>\n<meta property=\"og:url\" content=\"https:\/\/www.psoriasisforbundet.se\/vasterbotten\/arsmote-2025\/\" \/>\n<meta property=\"og:site_name\" content=\"V\u00e4sterbottens l\u00e4n\" \/>\n<meta name=\"twitter:card\" content=\"summary_large_image\" \/>\n<meta name=\"twitter:label1\" content=\"Ber\u00e4knad l\u00e4stid\" \/>\n\t<meta name=\"twitter:data1\" content=\"2 minuter\" \/>\n<script type=\"application\/ld+json\" class=\"yoast-schema-graph\">{\"@context\":\"https:\\\/\\\/schema.org\",\"@graph\":[{\"@type\":\"WebPage\",\"@id\":\"https:\\\/\\\/www.psoriasisforbundet.se\\\/vasterbotten\\\/arsmote-2025\\\/\",\"url\":\"https:\\\/\\\/www.psoriasisforbundet.se\\\/vasterbotten\\\/arsmote-2025\\\/\",\"name\":\"\u00c5rsm\u00f6te 2025 - V\u00e4sterbottens l\u00e4n\",\"isPartOf\":{\"@id\":\"https:\\\/\\\/www.psoriasisforbundet.se\\\/vasterbotten\\\/#website\"},\"datePublished\":\"2025-04-13T14:38:27+00:00\",\"breadcrumb\":{\"@id\":\"https:\\\/\\\/www.psoriasisforbundet.se\\\/vasterbotten\\\/arsmote-2025\\\/#breadcrumb\"},\"inLanguage\":\"sv-SE\",\"potentialAction\":[{\"@type\":\"ReadAction\",\"target\":[\"https:\\\/\\\/www.psoriasisforbundet.se\\\/vasterbotten\\\/arsmote-2025\\\/\"]}]},{\"@type\":\"BreadcrumbList\",\"@id\":\"https:\\\/\\\/www.psoriasisforbundet.se\\\/vasterbotten\\\/arsmote-2025\\\/#breadcrumb\",\"itemListElement\":[{\"@type\":\"ListItem\",\"position\":1,\"name\":\"V\u00e4sterbottens l\u00e4n\",\"item\":\"https:\\\/\\\/www.psoriasisforbundet.se\\\/vasterbotten\\\/\"},{\"@type\":\"ListItem\",\"position\":2,\"name\":\"\u00c5rsm\u00f6te 2025\"}]},{\"@type\":\"WebSite\",\"@id\":\"https:\\\/\\\/www.psoriasisforbundet.se\\\/vasterbotten\\\/#website\",\"url\":\"https:\\\/\\\/www.psoriasisforbundet.se\\\/vasterbotten\\\/\",\"name\":\"V\u00e4sterbottens l\u00e4n\",\"description\":\"En till Psorias Sites webbplats\",\"potentialAction\":[{\"@type\":\"SearchAction\",\"target\":{\"@type\":\"EntryPoint\",\"urlTemplate\":\"https:\\\/\\\/www.psoriasisforbundet.se\\\/vasterbotten\\\/?s={search_term_string}\"},\"query-input\":{\"@type\":\"PropertyValueSpecification\",\"valueRequired\":true,\"valueName\":\"search_term_string\"}}],\"inLanguage\":\"sv-SE\"}]}<\/script>\n<!-- \/ Yoast SEO plugin. -->","yoast_head_json":{"title":"\u00c5rsm\u00f6te 2025 - V\u00e4sterbottens l\u00e4n","description":"Styrelsen f\u00f6r 2025 best\u00e5r nu av ordf\u00f6rande Svante Granberg, sekreterare Staffan Lindgren, kass\u00f6r Roger Johansson, ledam\u00f6terna Annika Olofsson, Jessica Lillbacka och Frida Bj\u00f6rn. Som ers\u00e4ttare valdes Kerstin Hermansson Mor\u00e9n som saknas p\u00e5 bilden.","robots":{"index":"index","follow":"follow","max-snippet":"max-snippet:-1","max-image-preview":"max-image-preview:large","max-video-preview":"max-video-preview:-1"},"canonical":"https:\/\/www.psoriasisforbundet.se\/vasterbotten\/arsmote-2025\/","og_locale":"sv_SE","og_type":"article","og_title":"\u00c5rsm\u00f6te 2025 - V\u00e4sterbottens l\u00e4n","og_url":"https:\/\/www.psoriasisforbundet.se\/vasterbotten\/arsmote-2025\/","og_site_name":"V\u00e4sterbottens l\u00e4n","twitter_card":"summary_large_image","twitter_misc":{"Ber\u00e4knad l\u00e4stid":"2 minuter"},"schema":{"@context":"https:\/\/schema.org","@graph":[{"@type":"WebPage","@id":"https:\/\/www.psoriasisforbundet.se\/vasterbotten\/arsmote-2025\/","url":"https:\/\/www.psoriasisforbundet.se\/vasterbotten\/arsmote-2025\/","name":"\u00c5rsm\u00f6te 2025 - V\u00e4sterbottens l\u00e4n","isPartOf":{"@id":"https:\/\/www.psoriasisforbundet.se\/vasterbotten\/#website"},"datePublished":"2025-04-13T14:38:27+00:00","breadcrumb":{"@id":"https:\/\/www.psoriasisforbundet.se\/vasterbotten\/arsmote-2025\/#breadcrumb"},"inLanguage":"sv-SE","potentialAction":[{"@type":"ReadAction","target":["https:\/\/www.psoriasisforbundet.se\/vasterbotten\/arsmote-2025\/"]}]},{"@type":"BreadcrumbList","@id":"https:\/\/www.psoriasisforbundet.se\/vasterbotten\/arsmote-2025\/#breadcrumb","itemListElement":[{"@type":"ListItem","position":1,"name":"V\u00e4sterbottens l\u00e4n","item":"https:\/\/www.psoriasisforbundet.se\/vasterbotten\/"},{"@type":"ListItem","position":2,"name":"\u00c5rsm\u00f6te 2025"}]},{"@type":"WebSite","@id":"https:\/\/www.psoriasisforbundet.se\/vasterbotten\/#website","url":"https:\/\/www.psoriasisforbundet.se\/vasterbotten\/","name":"V\u00e4sterbottens l\u00e4n","description":"En till Psorias Sites webbplats","potentialAction":[{"@type":"SearchAction","target":{"@type":"EntryPoint","urlTemplate":"https:\/\/www.psoriasisforbundet.se\/vasterbotten\/?s={search_term_string}"},"query-input":{"@type":"PropertyValueSpecification","valueRequired":true,"valueName":"search_term_string"}}],"inLanguage":"sv-SE"}]}},"_links":{"self":[{"href":"https:\/\/www.psoriasisforbundet.se\/vasterbotten\/wp-json\/wp\/v2\/pages\/894","targetHints":{"allow":["GET"]}}],"collection":[{"href":"https:\/\/www.psoriasisforbundet.se\/vasterbotten\/wp-json\/wp\/v2\/pages"}],"about":[{"href":"https:\/\/www.psoriasisforbundet.se\/vasterbotten\/wp-json\/wp\/v2\/types\/page"}],"author":[{"embeddable":true,"href":"https:\/\/www.psoriasisforbundet.se\/vasterbotten\/wp-json\/wp\/v2\/users\/32"}],"replies":[{"embeddable":true,"href":"https:\/\/www.psoriasisforbundet.se\/vasterbotten\/wp-json\/wp\/v2\/comments?post=894"}],"version-history":[{"count":13,"href":"https:\/\/www.psoriasisforbundet.se\/vasterbotten\/wp-json\/wp\/v2\/pages\/894\/revisions"}],"predecessor-version":[{"id":909,"href":"https:\/\/www.psoriasisforbundet.se\/vasterbotten\/wp-json\/wp\/v2\/pages\/894\/revisions\/909"}],"wp:attachment":[{"href":"https:\/\/www.psoriasisforbundet.se\/vasterbotten\/wp-json\/wp\/v2\/media?parent=894"}],"curies":[{"name":"wp","href":"https:\/\/api.w.org\/{rel}","templated":true}]}}