{"id":210,"date":"2017-10-23T10:41:40","date_gmt":"2017-10-23T08:41:40","guid":{"rendered":"http:\/\/pso.kund.aloqdev.se\/vastra-gotaland\/?page_id=210"},"modified":"2017-12-28T12:22:07","modified_gmt":"2017-12-28T11:22:07","slug":"intranat","status":"publish","type":"page","link":"https:\/\/www.psoriasisforbundet.se\/vastra-gotaland\/arkiv\/intranat\/","title":{"rendered":"Intran\u00e4t"},"content":{"rendered":"","protected":false},"excerpt":{"rendered":"","protected":false},"author":3,"featured_media":0,"parent":189,"menu_order":0,"comment_status":"closed","ping_status":"closed","template":"","meta":{"_acf_changed":false,"_monsterinsights_skip_tracking":false,"_monsterinsights_sitenote_active":false,"_monsterinsights_sitenote_note":"","_monsterinsights_sitenote_category":0,"footnotes":""},"class_list":["post-210","page","type-page","status-publish","hentry"],"acf":[],"yoast_head":"<!-- This site is optimized with the Yoast SEO plugin v27.4 - https:\/\/yoast.com\/product\/yoast-seo-wordpress\/ -->\n<title>Intran\u00e4t - V\u00e4stra G\u00f6talands l\u00e4n<\/title>\n<meta name=\"description\" content=\"Vi har f.n. inget intran\u00e4t men arbetar p\u00e5 en l\u00f6sning\" \/>\n<meta name=\"robots\" content=\"index, follow, max-snippet:-1, max-image-preview:large, max-video-preview:-1\" \/>\n<link rel=\"canonical\" href=\"https:\/\/www.psoriasisforbundet.se\/vastra-gotaland\/arkiv\/intranat\/\" \/>\n<meta property=\"og:locale\" content=\"sv_SE\" \/>\n<meta property=\"og:type\" content=\"article\" \/>\n<meta property=\"og:title\" content=\"Intran\u00e4t - V\u00e4stra G\u00f6talands l\u00e4n\" \/>\n<meta property=\"og:url\" content=\"https:\/\/www.psoriasisforbundet.se\/vastra-gotaland\/arkiv\/intranat\/\" \/>\n<meta property=\"og:site_name\" content=\"V\u00e4stra G\u00f6talands l\u00e4n\" \/>\n<meta property=\"article:modified_time\" content=\"2017-12-28T11:22:07+00:00\" \/>\n<meta name=\"twitter:card\" content=\"summary_large_image\" \/>\n<script type=\"application\/ld+json\" class=\"yoast-schema-graph\">{\"@context\":\"https:\\\/\\\/schema.org\",\"@graph\":[{\"@type\":\"WebPage\",\"@id\":\"https:\\\/\\\/www.psoriasisforbundet.se\\\/vastra-gotaland\\\/arkiv\\\/intranat\\\/\",\"url\":\"https:\\\/\\\/www.psoriasisforbundet.se\\\/vastra-gotaland\\\/arkiv\\\/intranat\\\/\",\"name\":\"Intran\u00e4t - V\u00e4stra G\u00f6talands l\u00e4n\",\"isPartOf\":{\"@id\":\"https:\\\/\\\/www.psoriasisforbundet.se\\\/vastra-gotaland\\\/#website\"},\"datePublished\":\"2017-10-23T08:41:40+00:00\",\"dateModified\":\"2017-12-28T11:22:07+00:00\",\"breadcrumb\":{\"@id\":\"https:\\\/\\\/www.psoriasisforbundet.se\\\/vastra-gotaland\\\/arkiv\\\/intranat\\\/#breadcrumb\"},\"inLanguage\":\"sv-SE\",\"potentialAction\":[{\"@type\":\"ReadAction\",\"target\":[\"https:\\\/\\\/www.psoriasisforbundet.se\\\/vastra-gotaland\\\/arkiv\\\/intranat\\\/\"]}]},{\"@type\":\"BreadcrumbList\",\"@id\":\"https:\\\/\\\/www.psoriasisforbundet.se\\\/vastra-gotaland\\\/arkiv\\\/intranat\\\/#breadcrumb\",\"itemListElement\":[{\"@type\":\"ListItem\",\"position\":1,\"name\":\"Startsida\",\"item\":\"https:\\\/\\\/www.psoriasisforbundet.se\\\/vastra-gotaland\\\/\"},{\"@type\":\"ListItem\",\"position\":2,\"name\":\"Arkiv\",\"item\":\"https:\\\/\\\/www.psoriasisforbundet.se\\\/vastra-gotaland\\\/arkiv\\\/\"},{\"@type\":\"ListItem\",\"position\":3,\"name\":\"Intran\u00e4t\"}]},{\"@type\":\"WebSite\",\"@id\":\"https:\\\/\\\/www.psoriasisforbundet.se\\\/vastra-gotaland\\\/#website\",\"url\":\"https:\\\/\\\/www.psoriasisforbundet.se\\\/vastra-gotaland\\\/\",\"name\":\"V\u00e4stra G\u00f6talands l\u00e4n\",\"description\":\"En till Psorias Sites webbplats\",\"potentialAction\":[{\"@type\":\"SearchAction\",\"target\":{\"@type\":\"EntryPoint\",\"urlTemplate\":\"https:\\\/\\\/www.psoriasisforbundet.se\\\/vastra-gotaland\\\/?s={search_term_string}\"},\"query-input\":{\"@type\":\"PropertyValueSpecification\",\"valueRequired\":true,\"valueName\":\"search_term_string\"}}],\"inLanguage\":\"sv-SE\"}]}<\/script>\n<!-- \/ Yoast SEO plugin. -->","yoast_head_json":{"title":"Intran\u00e4t - V\u00e4stra G\u00f6talands l\u00e4n","description":"Vi har f.n. inget intran\u00e4t men arbetar p\u00e5 en l\u00f6sning","robots":{"index":"index","follow":"follow","max-snippet":"max-snippet:-1","max-image-preview":"max-image-preview:large","max-video-preview":"max-video-preview:-1"},"canonical":"https:\/\/www.psoriasisforbundet.se\/vastra-gotaland\/arkiv\/intranat\/","og_locale":"sv_SE","og_type":"article","og_title":"Intran\u00e4t - V\u00e4stra G\u00f6talands l\u00e4n","og_url":"https:\/\/www.psoriasisforbundet.se\/vastra-gotaland\/arkiv\/intranat\/","og_site_name":"V\u00e4stra G\u00f6talands l\u00e4n","article_modified_time":"2017-12-28T11:22:07+00:00","twitter_card":"summary_large_image","schema":{"@context":"https:\/\/schema.org","@graph":[{"@type":"WebPage","@id":"https:\/\/www.psoriasisforbundet.se\/vastra-gotaland\/arkiv\/intranat\/","url":"https:\/\/www.psoriasisforbundet.se\/vastra-gotaland\/arkiv\/intranat\/","name":"Intran\u00e4t - V\u00e4stra G\u00f6talands l\u00e4n","isPartOf":{"@id":"https:\/\/www.psoriasisforbundet.se\/vastra-gotaland\/#website"},"datePublished":"2017-10-23T08:41:40+00:00","dateModified":"2017-12-28T11:22:07+00:00","breadcrumb":{"@id":"https:\/\/www.psoriasisforbundet.se\/vastra-gotaland\/arkiv\/intranat\/#breadcrumb"},"inLanguage":"sv-SE","potentialAction":[{"@type":"ReadAction","target":["https:\/\/www.psoriasisforbundet.se\/vastra-gotaland\/arkiv\/intranat\/"]}]},{"@type":"BreadcrumbList","@id":"https:\/\/www.psoriasisforbundet.se\/vastra-gotaland\/arkiv\/intranat\/#breadcrumb","itemListElement":[{"@type":"ListItem","position":1,"name":"Startsida","item":"https:\/\/www.psoriasisforbundet.se\/vastra-gotaland\/"},{"@type":"ListItem","position":2,"name":"Arkiv","item":"https:\/\/www.psoriasisforbundet.se\/vastra-gotaland\/arkiv\/"},{"@type":"ListItem","position":3,"name":"Intran\u00e4t"}]},{"@type":"WebSite","@id":"https:\/\/www.psoriasisforbundet.se\/vastra-gotaland\/#website","url":"https:\/\/www.psoriasisforbundet.se\/vastra-gotaland\/","name":"V\u00e4stra G\u00f6talands l\u00e4n","description":"En till Psorias Sites webbplats","potentialAction":[{"@type":"SearchAction","target":{"@type":"EntryPoint","urlTemplate":"https:\/\/www.psoriasisforbundet.se\/vastra-gotaland\/?s={search_term_string}"},"query-input":{"@type":"PropertyValueSpecification","valueRequired":true,"valueName":"search_term_string"}}],"inLanguage":"sv-SE"}]}},"_links":{"self":[{"href":"https:\/\/www.psoriasisforbundet.se\/vastra-gotaland\/wp-json\/wp\/v2\/pages\/210","targetHints":{"allow":["GET"]}}],"collection":[{"href":"https:\/\/www.psoriasisforbundet.se\/vastra-gotaland\/wp-json\/wp\/v2\/pages"}],"about":[{"href":"https:\/\/www.psoriasisforbundet.se\/vastra-gotaland\/wp-json\/wp\/v2\/types\/page"}],"author":[{"embeddable":true,"href":"https:\/\/www.psoriasisforbundet.se\/vastra-gotaland\/wp-json\/wp\/v2\/users\/3"}],"replies":[{"embeddable":true,"href":"https:\/\/www.psoriasisforbundet.se\/vastra-gotaland\/wp-json\/wp\/v2\/comments?post=210"}],"version-history":[{"count":4,"href":"https:\/\/www.psoriasisforbundet.se\/vastra-gotaland\/wp-json\/wp\/v2\/pages\/210\/revisions"}],"predecessor-version":[{"id":344,"href":"https:\/\/www.psoriasisforbundet.se\/vastra-gotaland\/wp-json\/wp\/v2\/pages\/210\/revisions\/344"}],"up":[{"embeddable":true,"href":"https:\/\/www.psoriasisforbundet.se\/vastra-gotaland\/wp-json\/wp\/v2\/pages\/189"}],"wp:attachment":[{"href":"https:\/\/www.psoriasisforbundet.se\/vastra-gotaland\/wp-json\/wp\/v2\/media?parent=210"}],"curies":[{"name":"wp","href":"https:\/\/api.w.org\/{rel}","templated":true}]}}